{"id":10002,"date":"2018-11-09T12:20:33","date_gmt":"2018-11-09T11:20:33","guid":{"rendered":"https:\/\/www.labunie.com.pl\/?page_id=10002"},"modified":"2018-11-20T12:21:49","modified_gmt":"2018-11-20T11:21:49","slug":"o-projekcie","status":"publish","type":"page","link":"https:\/\/labunie.com.pl\/?page_id=10002","title":{"rendered":"O projekcie"},"content":{"rendered":"<p>W 2016 roku Gmina \u0141abunie rozpocz\u0119\u0142a realizacj\u0119 projektu pod tytu\u0142em: &#8220;Energia odnawialna na terenie gminy \u0141abunie&#8221;. G\u0142\u00f3wnym celem projektu jest &#8220;Poprawa stanu powietrza atmosferycznego poprzez zwi\u0119kszenie produkcji energii w oparciu o OZE&#8221;. Jego osi\u0105gni\u0119cie nast\u0105pi poprzez przeprowadzenie dzia\u0142a\u0144 obejmuj\u0105cych monta\u017c: a) 141 instalacji p\u0142askich kolektor\u00f3w s\u0142onecznych na budynku lub gruncie b) 41 instalacji p\u0142askich paneli fotowoltaicznych typu &#8220;on-grid&#8221; na powierzchni pochylonej, p\u0142askiej lub pionowej. Projekt zlokalizowany zostanie na terenie wszystkich 13 miejscowo\u015bci Gm. \u0141abunie. Rezultatem przeprowadzonych dzia\u0142a\u0144 b\u0119dzie uruchomienie 182 system\u00f3w OZE (opartych na nowoczesnych technologiach informacyjno-komunikacyjnych TIK) wykorzystywanych docelowo przez prywatne gospodarstwa domowe do proces\u00f3w wsparcia produkcji energii elektrycznej i cieplnej (na potrzeby podgrzewania w.u.) w oparciu o promieniowanie s\u0142oneczne. Pozwoli to tak\u017ce na wygenerowanie wymiernych efekt\u00f3w ekologiczno-\u015brodowiskowych w postaci dodatkowej zdolno\u015bci wytwarzania energii odnawialnej &#8211; 0,66750 MW, redukcji emisji gaz\u00f3w cieplarnianych &#8211; 1 994,073 ton ekwiwalentu CO2\/rok. Produkcja energii cieplnej i elektrycznej z nowo wybudowanych mocy wytw\u00f3rczych instalacji wykorzystuj\u0105cych OZE wyniesie odpowiednio: 270,20 i 82,2150 MWht\/rok. Dodatkowym elementem projektu b\u0119dzie podejmowanie dzia\u0142a\u0144 ukierunkowanych na wzrost \u015bwiadomo\u015bci ekologicznej spo\u0142ecze\u0144stwa oraz propagowanie szerszego wykorzystania OZE co planuje si\u0119 zrealizowa\u0107 poprzez uruchomienie strony www oraz serwisu internetowego dedykowanego przedmiotowej tematyce. Bezpo\u015brednio z instalacji korzysta\u0107 b\u0119d\u0105 mieszka\u0144cy budynk\u00f3w obj\u0119tych projektem. Dzi\u0119ki instalacjom OZE wykorzystywa\u0107 b\u0119d\u0105 oni energi\u0119 s\u0142oneczn\u0105 w procesie dostaw ciep\u0142ej wody u\u017cytkowej i produkcji energii elektrycznej, Odbiorcami projektu w spos\u00f3b po\u015bredni b\u0119d\u0105 tak\u017ce pozostali mieszka\u0144cy Gm. \u0141abunie, tury\u015bci odwiedzaj\u0105cy obszar gminy oraz przedsi\u0119biorcy dzia\u0142aj\u0105cy na terenie gminy, gdy\u017c poprawa stanu \u015brodowiska zwi\u0119ksza jego atrakcyjno\u015b\u0107, zar\u00f3wno dla inwestor\u00f3w, jak i dla odwiedzaj\u0105cych.<\/p>\n<p><img loading=\"lazy\" decoding=\"async\" class=\"wp-image-10078 aligncenter\" src=\"https:\/\/www.labunie.com.pl\/wp-content\/uploads\/2018\/11\/energy-3191780_960_720.png\" alt=\"\" width=\"608\" height=\"342\" srcset=\"https:\/\/labunie.com.pl\/wp-content\/uploads\/2018\/11\/energy-3191780_960_720.png 960w, https:\/\/labunie.com.pl\/wp-content\/uploads\/2018\/11\/energy-3191780_960_720-300x169.png 300w, https:\/\/labunie.com.pl\/wp-content\/uploads\/2018\/11\/energy-3191780_960_720-768x432.png 768w\" sizes=\"auto, (max-width: 608px) 100vw, 608px\" \/><\/p>\n","protected":false},"excerpt":{"rendered":"<p>W 2016 roku Gmina \u0141abunie rozpocz\u0119\u0142a realizacj\u0119 projektu pod tytu\u0142em: &#8220;Energia odnawialna na terenie gminy \u0141abunie&#8221;. G\u0142\u00f3wnym celem projektu jest &#8220;Poprawa stanu powietrza atmosferycznego poprzez zwi\u0119kszenie produkcji energii w oparciu o OZE&#8221;. Jego osi\u0105gni\u0119cie nast\u0105pi poprzez przeprowadzenie dzia\u0142a\u0144 obejmuj\u0105cych monta\u017c: a) 141 instalacji p\u0142askich kolektor\u00f3w s\u0142onecznych na budynku lub gruncie b) 41 instalacji p\u0142askich paneli [&hellip;]<\/p>\n","protected":false},"author":9,"featured_media":0,"parent":374,"menu_order":13,"comment_status":"closed","ping_status":"closed","template":"","meta":{"footnotes":""},"class_list":["post-10002","page","type-page","status-publish","hentry","clearfix"],"_links":{"self":[{"href":"https:\/\/labunie.com.pl\/index.php?rest_route=\/wp\/v2\/pages\/10002","targetHints":{"allow":["GET"]}}],"collection":[{"href":"https:\/\/labunie.com.pl\/index.php?rest_route=\/wp\/v2\/pages"}],"about":[{"href":"https:\/\/labunie.com.pl\/index.php?rest_route=\/wp\/v2\/types\/page"}],"author":[{"embeddable":true,"href":"https:\/\/labunie.com.pl\/index.php?rest_route=\/wp\/v2\/users\/9"}],"replies":[{"embeddable":true,"href":"https:\/\/labunie.com.pl\/index.php?rest_route=%2Fwp%2Fv2%2Fcomments&post=10002"}],"version-history":[{"count":5,"href":"https:\/\/labunie.com.pl\/index.php?rest_route=\/wp\/v2\/pages\/10002\/revisions"}],"predecessor-version":[{"id":10081,"href":"https:\/\/labunie.com.pl\/index.php?rest_route=\/wp\/v2\/pages\/10002\/revisions\/10081"}],"up":[{"embeddable":true,"href":"https:\/\/labunie.com.pl\/index.php?rest_route=\/wp\/v2\/pages\/374"}],"wp:attachment":[{"href":"https:\/\/labunie.com.pl\/index.php?rest_route=%2Fwp%2Fv2%2Fmedia&parent=10002"}],"curies":[{"name":"wp","href":"https:\/\/api.w.org\/{rel}","templated":true}]}}