{"id":1115,"date":"2015-10-20T00:01:20","date_gmt":"2015-10-19T22:01:20","guid":{"rendered":"https:\/\/www.labunie.com.pl\/?page_id=1115"},"modified":"2020-09-30T10:29:02","modified_gmt":"2020-09-30T08:29:02","slug":"aktualnosci","status":"publish","type":"page","link":"https:\/\/labunie.com.pl\/?page_id=1115","title":{"rendered":"Aktualno\u015bci"},"content":{"rendered":"\n<figure class=\"wp-block-embed-wordpress wp-block-embed is-type-wp-embed is-provider-urzad-gminy-labunie\"><div class=\"wp-block-embed__wrapper\">\n<blockquote class=\"wp-embedded-content\" data-secret=\"zqjFP1lm1Y\"><a href=\"https:\/\/www.labunie.com.pl\/2020\/09\/wyniki-konsultacji-programu-wspolpracy-gminy-labunie-z-organizacjami-pozarzadowymi-i-innymi-podmiotami-prowadzacymi-dzialalnosc-pozytku-publicznego-na-terenie-gminy-na-rok-2021\/\">Wyniki konsultacji<\/a><\/blockquote><iframe loading=\"lazy\" class=\"wp-embedded-content\" sandbox=\"allow-scripts\" security=\"restricted\" style=\"position: absolute; clip: rect(1px, 1px, 1px, 1px);\" title=\"&#8222;Wyniki konsultacji&#8221; &#8212; Urz\u0105d Gminy \u0141abunie\" src=\"https:\/\/www.labunie.com.pl\/2020\/09\/wyniki-konsultacji-programu-wspolpracy-gminy-labunie-z-organizacjami-pozarzadowymi-i-innymi-podmiotami-prowadzacymi-dzialalnosc-pozytku-publicznego-na-terenie-gminy-na-rok-2021\/embed\/#?secret=zqjFP1lm1Y\" data-secret=\"zqjFP1lm1Y\" width=\"600\" height=\"338\" frameborder=\"0\" marginwidth=\"0\" marginheight=\"0\" scrolling=\"no\"><\/iframe>\n<\/div><\/figure>\n\n\n\n<figure class=\"wp-block-embed-wordpress wp-block-embed is-type-wp-embed is-provider-urzad-gminy-labunie\"><div class=\"wp-block-embed__wrapper\">\n<blockquote class=\"wp-embedded-content\" data-secret=\"qaeVKBiIpA\"><a href=\"https:\/\/www.labunie.com.pl\/2020\/09\/konsultacje-programu-wspolpracy-na-2021-rok\/\">Konsultacje programu wsp\u00f3\u0142pracy na 2021 rok<\/a><\/blockquote><iframe loading=\"lazy\" class=\"wp-embedded-content\" sandbox=\"allow-scripts\" security=\"restricted\" style=\"position: absolute; clip: rect(1px, 1px, 1px, 1px);\" title=\"&#8222;Konsultacje programu wsp\u00f3\u0142pracy na 2021 rok&#8221; &#8212; Urz\u0105d Gminy \u0141abunie\" src=\"https:\/\/www.labunie.com.pl\/2020\/09\/konsultacje-programu-wspolpracy-na-2021-rok\/embed\/#?secret=qaeVKBiIpA\" data-secret=\"qaeVKBiIpA\" width=\"600\" height=\"338\" frameborder=\"0\" marginwidth=\"0\" marginheight=\"0\" scrolling=\"no\"><\/iframe>\n<\/div><\/figure>\n\n\n\n<figure class=\"wp-block-embed-wordpress wp-block-embed is-type-wp-embed is-provider-urzad-gminy-labunie\"><div class=\"wp-block-embed__wrapper\">\n<blockquote class=\"wp-embedded-content\" data-secret=\"nQMM3vCjOL\"><a href=\"https:\/\/www.labunie.com.pl\/2020\/02\/ogloszenie-otwartego-konkursu-ofert-na-realizacje-zadan-pozytku-publicznego-przeprowadzonego-w-dniu-26-02-2020-r\/\">Og\u0142oszenie wynik\u00f3w otwartego konkursu ofert na realizacj\u0119 zada\u0144 pozytku publicznego przeprowadzonego w dniu 26.02.2020 r.<\/a><\/blockquote><iframe loading=\"lazy\" class=\"wp-embedded-content\" sandbox=\"allow-scripts\" security=\"restricted\" style=\"position: absolute; clip: rect(1px, 1px, 1px, 1px);\" title=\"&#8222;Og\u0142oszenie wynik\u00f3w otwartego konkursu ofert na realizacj\u0119 zada\u0144 pozytku publicznego przeprowadzonego w dniu 26.02.2020 r.&#8221; &#8212; Urz\u0105d Gminy \u0141abunie\" src=\"https:\/\/www.labunie.com.pl\/2020\/02\/ogloszenie-otwartego-konkursu-ofert-na-realizacje-zadan-pozytku-publicznego-przeprowadzonego-w-dniu-26-02-2020-r\/embed\/#?secret=nQMM3vCjOL\" data-secret=\"nQMM3vCjOL\" width=\"600\" height=\"338\" frameborder=\"0\" marginwidth=\"0\" marginheight=\"0\" scrolling=\"no\"><\/iframe>\n<\/div><\/figure>\n\n\n\n<figure class=\"wp-block-embed-wordpress wp-block-embed is-type-wp-embed is-provider-urzad-gminy-labunie\"><div class=\"wp-block-embed__wrapper\">\n<blockquote class=\"wp-embedded-content\" data-secret=\"FyvgC6pZr3\"><a href=\"https:\/\/www.labunie.com.pl\/2020\/02\/informacja-70\/\">Informacja<\/a><\/blockquote><iframe loading=\"lazy\" class=\"wp-embedded-content\" sandbox=\"allow-scripts\" security=\"restricted\" style=\"position: absolute; clip: rect(1px, 1px, 1px, 1px);\" title=\"&#8222;Informacja&#8221; &#8212; Urz\u0105d Gminy \u0141abunie\" src=\"https:\/\/www.labunie.com.pl\/2020\/02\/informacja-70\/embed\/#?secret=FyvgC6pZr3\" data-secret=\"FyvgC6pZr3\" width=\"600\" height=\"338\" frameborder=\"0\" marginwidth=\"0\" marginheight=\"0\" scrolling=\"no\"><\/iframe>\n<\/div><\/figure>\n\n\n\n<figure class=\"wp-block-embed-wordpress wp-block-embed is-type-wp-embed is-provider-urzad-gminy-labunie\"><div class=\"wp-block-embed__wrapper\">\n<blockquote class=\"wp-embedded-content\" data-secret=\"DmheMUGWRe\"><a href=\"https:\/\/www.labunie.com.pl\/2020\/02\/informacja-69\/\">Informacja<\/a><\/blockquote><iframe loading=\"lazy\" class=\"wp-embedded-content\" sandbox=\"allow-scripts\" security=\"restricted\" style=\"position: absolute; clip: rect(1px, 1px, 1px, 1px);\" title=\"&#8222;Informacja&#8221; &#8212; Urz\u0105d Gminy \u0141abunie\" src=\"https:\/\/www.labunie.com.pl\/2020\/02\/informacja-69\/embed\/#?secret=DmheMUGWRe\" data-secret=\"DmheMUGWRe\" width=\"600\" height=\"338\" frameborder=\"0\" marginwidth=\"0\" marginheight=\"0\" scrolling=\"no\"><\/iframe>\n<\/div><\/figure>\n\n\n\n<figure class=\"wp-block-embed-wordpress wp-block-embed is-type-wp-embed is-provider-urzad-gminy-labunie\"><div class=\"wp-block-embed__wrapper\">\n<blockquote class=\"wp-embedded-content\" data-secret=\"fOyX2h0wSZ\"><a href=\"https:\/\/www.labunie.com.pl\/2019\/09\/konsultacje-programu-wspolpracy-na-2020-rok\/\">Konsultacje programu wsp\u00f3\u0142pracy na 2020 rok<\/a><\/blockquote><iframe loading=\"lazy\" class=\"wp-embedded-content\" sandbox=\"allow-scripts\" security=\"restricted\" style=\"position: absolute; clip: rect(1px, 1px, 1px, 1px);\" title=\"&#8222;Konsultacje programu wsp\u00f3\u0142pracy na 2020 rok&#8221; &#8212; Urz\u0105d Gminy \u0141abunie\" src=\"https:\/\/www.labunie.com.pl\/2019\/09\/konsultacje-programu-wspolpracy-na-2020-rok\/embed\/#?secret=fOyX2h0wSZ\" data-secret=\"fOyX2h0wSZ\" width=\"600\" height=\"338\" frameborder=\"0\" marginwidth=\"0\" marginheight=\"0\" scrolling=\"no\"><\/iframe>\n<\/div><\/figure>\n\n\n\n<figure class=\"wp-block-embed-wordpress wp-block-embed is-type-wp-embed is-provider-urzad-gminy-labunie\"><div class=\"wp-block-embed__wrapper\">\n<blockquote class=\"wp-embedded-content\" data-secret=\"SjSvi8Th6B\"><a href=\"https:\/\/www.labunie.com.pl\/2019\/02\/ogloszenie-22\/\">Og\u0142oszenie<\/a><\/blockquote><iframe loading=\"lazy\" class=\"wp-embedded-content\" sandbox=\"allow-scripts\" security=\"restricted\" style=\"position: absolute; clip: rect(1px, 1px, 1px, 1px);\" title=\"&#8222;Og\u0142oszenie&#8221; &#8212; Urz\u0105d Gminy \u0141abunie\" src=\"https:\/\/www.labunie.com.pl\/2019\/02\/ogloszenie-22\/embed\/#?secret=SjSvi8Th6B\" data-secret=\"SjSvi8Th6B\" width=\"600\" height=\"338\" frameborder=\"0\" marginwidth=\"0\" marginheight=\"0\" scrolling=\"no\"><\/iframe>\n<\/div><\/figure>\n\n\n\n<figure class=\"wp-block-embed-wordpress wp-block-embed is-type-wp-embed is-provider-urzad-gminy-labunie\"><div class=\"wp-block-embed__wrapper\">\n<blockquote class=\"wp-embedded-content\" data-secret=\"LEjYUUdTq4\"><a href=\"https:\/\/www.labunie.com.pl\/2018\/11\/wyniki-konsultacji\/\">Wyniki konsultacji programu wsp\u00f3\u0142pracy na 2019 rok<\/a><\/blockquote><iframe loading=\"lazy\" class=\"wp-embedded-content\" sandbox=\"allow-scripts\" security=\"restricted\" style=\"position: absolute; clip: rect(1px, 1px, 1px, 1px);\" title=\"&#8222;Wyniki konsultacji programu wsp\u00f3\u0142pracy na 2019 rok&#8221; &#8212; Urz\u0105d Gminy \u0141abunie\" src=\"https:\/\/www.labunie.com.pl\/2018\/11\/wyniki-konsultacji\/embed\/#?secret=LEjYUUdTq4\" data-secret=\"LEjYUUdTq4\" width=\"600\" height=\"338\" frameborder=\"0\" marginwidth=\"0\" marginheight=\"0\" scrolling=\"no\"><\/iframe>\n<\/div><\/figure>\n\n\n\n<figure class=\"wp-block-embed-wordpress wp-block-embed is-type-wp-embed is-provider-urzad-gminy-labunie\"><div class=\"wp-block-embed__wrapper\">\n<blockquote class=\"wp-embedded-content\" data-secret=\"ZHsDiTcxaN\"><a href=\"https:\/\/www.labunie.com.pl\/2018\/11\/konsultacje-programu-wspolpracy-na-2019-rok\/\">Konsultacje programu wsp\u00f3\u0142pracy na 2019 rok<\/a><\/blockquote><iframe loading=\"lazy\" class=\"wp-embedded-content\" sandbox=\"allow-scripts\" security=\"restricted\" style=\"position: absolute; clip: rect(1px, 1px, 1px, 1px);\" title=\"&#8222;Konsultacje programu wsp\u00f3\u0142pracy na 2019 rok&#8221; &#8212; Urz\u0105d Gminy \u0141abunie\" src=\"https:\/\/www.labunie.com.pl\/2018\/11\/konsultacje-programu-wspolpracy-na-2019-rok\/embed\/#?secret=ZHsDiTcxaN\" data-secret=\"ZHsDiTcxaN\" width=\"600\" height=\"338\" frameborder=\"0\" marginwidth=\"0\" marginheight=\"0\" scrolling=\"no\"><\/iframe>\n<\/div><\/figure>\n\n\n\n<figure class=\"wp-block-embed-wordpress wp-block-embed is-type-wp-embed is-provider-urzad-gminy-labunie\"><div class=\"wp-block-embed__wrapper\">\n<blockquote class=\"wp-embedded-content\" data-secret=\"ajGdJdHECj\"><a href=\"https:\/\/www.labunie.com.pl\/2018\/02\/ogloszenie-18\/\">Og\u0142oszenie<\/a><\/blockquote><iframe loading=\"lazy\" class=\"wp-embedded-content\" sandbox=\"allow-scripts\" security=\"restricted\" style=\"position: absolute; clip: rect(1px, 1px, 1px, 1px);\" title=\"&#8222;Og\u0142oszenie&#8221; &#8212; Urz\u0105d Gminy \u0141abunie\" src=\"https:\/\/www.labunie.com.pl\/2018\/02\/ogloszenie-18\/embed\/#?secret=ajGdJdHECj\" data-secret=\"ajGdJdHECj\" width=\"600\" height=\"338\" frameborder=\"0\" marginwidth=\"0\" marginheight=\"0\" scrolling=\"no\"><\/iframe>\n<\/div><\/figure>\n\n\n\n<figure class=\"wp-block-embed-wordpress wp-block-embed is-type-wp-embed is-provider-urzad-gminy-labunie\"><div class=\"wp-block-embed__wrapper\">\n<blockquote class=\"wp-embedded-content\" data-secret=\"mtnog7FctW\"><a href=\"https:\/\/www.labunie.com.pl\/2018\/01\/informacja-55\/\">Informacja<\/a><\/blockquote><iframe loading=\"lazy\" class=\"wp-embedded-content\" sandbox=\"allow-scripts\" security=\"restricted\" style=\"position: absolute; clip: rect(1px, 1px, 1px, 1px);\" title=\"&#8222;Informacja&#8221; &#8212; Urz\u0105d Gminy \u0141abunie\" src=\"https:\/\/www.labunie.com.pl\/2018\/01\/informacja-55\/embed\/#?secret=mtnog7FctW\" data-secret=\"mtnog7FctW\" width=\"600\" height=\"338\" frameborder=\"0\" marginwidth=\"0\" marginheight=\"0\" scrolling=\"no\"><\/iframe>\n<\/div><\/figure>\n\n\n\n<figure class=\"wp-block-embed-wordpress wp-block-embed is-type-wp-embed is-provider-urzad-gminy-labunie\"><div class=\"wp-block-embed__wrapper\">\n<blockquote class=\"wp-embedded-content\" data-secret=\"TMus7f0NM7\"><a href=\"https:\/\/www.labunie.com.pl\/2017\/10\/ogloszenie-23\/\">Og\u0142oszenie<\/a><\/blockquote><iframe loading=\"lazy\" class=\"wp-embedded-content\" sandbox=\"allow-scripts\" security=\"restricted\" style=\"position: absolute; clip: rect(1px, 1px, 1px, 1px);\" title=\"&#8222;Og\u0142oszenie&#8221; &#8212; Urz\u0105d Gminy \u0141abunie\" src=\"https:\/\/www.labunie.com.pl\/2017\/10\/ogloszenie-23\/embed\/#?secret=TMus7f0NM7\" data-secret=\"TMus7f0NM7\" width=\"600\" height=\"338\" frameborder=\"0\" marginwidth=\"0\" marginheight=\"0\" scrolling=\"no\"><\/iframe>\n<\/div><\/figure>\n\n\n\n<figure class=\"wp-block-embed-wordpress wp-block-embed is-type-wp-embed is-provider-urzad-gminy-labunie\"><div class=\"wp-block-embed__wrapper\">\n<blockquote class=\"wp-embedded-content\" data-secret=\"VYvAoXxppb\"><a href=\"https:\/\/www.labunie.com.pl\/2017\/11\/ogloszenie-24\/\">Og\u0142oszenie<\/a><\/blockquote><iframe loading=\"lazy\" class=\"wp-embedded-content\" sandbox=\"allow-scripts\" security=\"restricted\" style=\"position: absolute; clip: rect(1px, 1px, 1px, 1px);\" title=\"&#8222;Og\u0142oszenie&#8221; &#8212; Urz\u0105d Gminy \u0141abunie\" src=\"https:\/\/www.labunie.com.pl\/2017\/11\/ogloszenie-24\/embed\/#?secret=VYvAoXxppb\" data-secret=\"VYvAoXxppb\" width=\"600\" height=\"338\" frameborder=\"0\" marginwidth=\"0\" marginheight=\"0\" scrolling=\"no\"><\/iframe>\n<\/div><\/figure>\n\n\n\n<figure class=\"wp-block-embed-wordpress wp-block-embed is-type-wp-embed is-provider-urzad-gminy-labunie\"><div class=\"wp-block-embed__wrapper\">\n<blockquote class=\"wp-embedded-content\" data-secret=\"zdItD39buk\"><a href=\"https:\/\/www.labunie.com.pl\/2017\/01\/ogloszenie-25\/\">Og\u0142oszenie<\/a><\/blockquote><iframe loading=\"lazy\" class=\"wp-embedded-content\" sandbox=\"allow-scripts\" security=\"restricted\" style=\"position: absolute; clip: rect(1px, 1px, 1px, 1px);\" title=\"&#8222;Og\u0142oszenie&#8221; &#8212; Urz\u0105d Gminy \u0141abunie\" src=\"https:\/\/www.labunie.com.pl\/2017\/01\/ogloszenie-25\/embed\/#?secret=zdItD39buk\" data-secret=\"zdItD39buk\" width=\"600\" height=\"338\" frameborder=\"0\" marginwidth=\"0\" marginheight=\"0\" scrolling=\"no\"><\/iframe>\n<\/div><\/figure>\n\n\n\n<figure class=\"wp-block-embed-wordpress wp-block-embed is-type-wp-embed is-provider-urzad-gminy-labunie\"><div class=\"wp-block-embed__wrapper\">\n<blockquote class=\"wp-embedded-content\" data-secret=\"1XDGuLV8gO\"><a href=\"https:\/\/www.labunie.com.pl\/2017\/01\/ogloszenie-26\/\">Og\u0142oszenie<\/a><\/blockquote><iframe loading=\"lazy\" class=\"wp-embedded-content\" sandbox=\"allow-scripts\" security=\"restricted\" style=\"position: absolute; clip: rect(1px, 1px, 1px, 1px);\" title=\"&#8222;Og\u0142oszenie&#8221; &#8212; Urz\u0105d Gminy \u0141abunie\" src=\"https:\/\/www.labunie.com.pl\/2017\/01\/ogloszenie-26\/embed\/#?secret=1XDGuLV8gO\" data-secret=\"1XDGuLV8gO\" width=\"600\" height=\"338\" frameborder=\"0\" marginwidth=\"0\" marginheight=\"0\" scrolling=\"no\"><\/iframe>\n<\/div><\/figure>\n\n\n\n<figure class=\"wp-block-embed-wordpress wp-block-embed is-type-wp-embed is-provider-urzad-gminy-labunie\"><div class=\"wp-block-embed__wrapper\">\n<blockquote class=\"wp-embedded-content\" data-secret=\"rX8dhue28o\"><a href=\"https:\/\/www.labunie.com.pl\/2017\/01\/ogloszenie-27\/\">Og\u0142oszenie<\/a><\/blockquote><iframe loading=\"lazy\" class=\"wp-embedded-content\" sandbox=\"allow-scripts\" security=\"restricted\" style=\"position: absolute; clip: rect(1px, 1px, 1px, 1px);\" title=\"&#8222;Og\u0142oszenie&#8221; &#8212; Urz\u0105d Gminy \u0141abunie\" src=\"https:\/\/www.labunie.com.pl\/2017\/01\/ogloszenie-27\/embed\/#?secret=rX8dhue28o\" data-secret=\"rX8dhue28o\" width=\"600\" height=\"338\" frameborder=\"0\" marginwidth=\"0\" marginheight=\"0\" scrolling=\"no\"><\/iframe>\n<\/div><\/figure>\n\n\n\n<figure class=\"wp-block-embed-wordpress wp-block-embed is-type-wp-embed is-provider-urzad-gminy-labunie\"><div class=\"wp-block-embed__wrapper\">\n<blockquote class=\"wp-embedded-content\" data-secret=\"oThOxooeU6\"><a href=\"https:\/\/www.labunie.com.pl\/2016\/11\/ogloszenie-28\/\">Og\u0142oszenie<\/a><\/blockquote><iframe loading=\"lazy\" class=\"wp-embedded-content\" sandbox=\"allow-scripts\" security=\"restricted\" style=\"position: absolute; clip: rect(1px, 1px, 1px, 1px);\" title=\"&#8222;Og\u0142oszenie&#8221; &#8212; Urz\u0105d Gminy \u0141abunie\" src=\"https:\/\/www.labunie.com.pl\/2016\/11\/ogloszenie-28\/embed\/#?secret=oThOxooeU6\" data-secret=\"oThOxooeU6\" width=\"600\" height=\"338\" frameborder=\"0\" marginwidth=\"0\" marginheight=\"0\" scrolling=\"no\"><\/iframe>\n<\/div><\/figure>\n\n\n\n<figure class=\"wp-block-embed-wordpress wp-block-embed is-type-wp-embed is-provider-urzad-gminy-labunie\"><div class=\"wp-block-embed__wrapper\">\n<blockquote class=\"wp-embedded-content\" data-secret=\"NDGd70GSsc\"><a href=\"https:\/\/www.labunie.com.pl\/2016\/11\/informacja-56\/\">Informacja<\/a><\/blockquote><iframe loading=\"lazy\" class=\"wp-embedded-content\" sandbox=\"allow-scripts\" security=\"restricted\" style=\"position: absolute; clip: rect(1px, 1px, 1px, 1px);\" title=\"&#8222;Informacja&#8221; &#8212; Urz\u0105d Gminy \u0141abunie\" src=\"https:\/\/www.labunie.com.pl\/2016\/11\/informacja-56\/embed\/#?secret=NDGd70GSsc\" data-secret=\"NDGd70GSsc\" width=\"600\" height=\"338\" frameborder=\"0\" marginwidth=\"0\" marginheight=\"0\" scrolling=\"no\"><\/iframe>\n<\/div><\/figure>\n\n\n\n<figure class=\"wp-block-embed-wordpress wp-block-embed is-type-wp-embed is-provider-urzad-gminy-labunie\"><div class=\"wp-block-embed__wrapper\">\n<blockquote class=\"wp-embedded-content\" data-secret=\"ziCCZsoOWL\"><a href=\"https:\/\/www.labunie.com.pl\/2016\/04\/ogloszenie-29\/\">Og\u0142oszenie<\/a><\/blockquote><iframe loading=\"lazy\" class=\"wp-embedded-content\" sandbox=\"allow-scripts\" security=\"restricted\" style=\"position: absolute; clip: rect(1px, 1px, 1px, 1px);\" title=\"&#8222;Og\u0142oszenie&#8221; &#8212; Urz\u0105d Gminy \u0141abunie\" src=\"https:\/\/www.labunie.com.pl\/2016\/04\/ogloszenie-29\/embed\/#?secret=ziCCZsoOWL\" data-secret=\"ziCCZsoOWL\" width=\"600\" height=\"338\" frameborder=\"0\" marginwidth=\"0\" marginheight=\"0\" scrolling=\"no\"><\/iframe>\n<\/div><\/figure>\n\n\n\n<figure class=\"wp-block-embed-wordpress wp-block-embed is-type-wp-embed is-provider-urzad-gminy-labunie\"><div class=\"wp-block-embed__wrapper\">\n<blockquote class=\"wp-embedded-content\" data-secret=\"KmAF3xUwkT\"><a href=\"https:\/\/www.labunie.com.pl\/2016\/01\/ogloszenie-30\/\">Og\u0142oszenie<\/a><\/blockquote><iframe loading=\"lazy\" class=\"wp-embedded-content\" sandbox=\"allow-scripts\" security=\"restricted\" style=\"position: absolute; clip: rect(1px, 1px, 1px, 1px);\" title=\"&#8222;Og\u0142oszenie&#8221; &#8212; Urz\u0105d Gminy \u0141abunie\" src=\"https:\/\/www.labunie.com.pl\/2016\/01\/ogloszenie-30\/embed\/#?secret=KmAF3xUwkT\" data-secret=\"KmAF3xUwkT\" width=\"600\" height=\"338\" frameborder=\"0\" marginwidth=\"0\" marginheight=\"0\" scrolling=\"no\"><\/iframe>\n<\/div><\/figure>\n\n\n\n<figure class=\"wp-block-embed-wordpress wp-block-embed is-type-wp-embed is-provider-urzad-gminy-labunie\"><div class=\"wp-block-embed__wrapper\">\n<blockquote class=\"wp-embedded-content\" data-secret=\"3OGXcUAPlm\"><a href=\"https:\/\/www.labunie.com.pl\/2016\/01\/ogloszenie-31\/\">Og\u0142oszenie<\/a><\/blockquote><iframe loading=\"lazy\" class=\"wp-embedded-content\" sandbox=\"allow-scripts\" security=\"restricted\" style=\"position: absolute; clip: rect(1px, 1px, 1px, 1px);\" title=\"&#8222;Og\u0142oszenie&#8221; &#8212; Urz\u0105d Gminy \u0141abunie\" src=\"https:\/\/www.labunie.com.pl\/2016\/01\/ogloszenie-31\/embed\/#?secret=3OGXcUAPlm\" data-secret=\"3OGXcUAPlm\" width=\"600\" height=\"338\" frameborder=\"0\" marginwidth=\"0\" marginheight=\"0\" scrolling=\"no\"><\/iframe>\n<\/div><\/figure>\n\n\n\n<figure class=\"wp-block-embed-wordpress wp-block-embed is-type-wp-embed is-provider-urzad-gminy-labunie\"><div class=\"wp-block-embed__wrapper\">\n<blockquote class=\"wp-embedded-content\" data-secret=\"iNnl21iH5A\"><a href=\"https:\/\/www.labunie.com.pl\/2015\/10\/ogloszenie-32\/\">Og\u0142oszenie<\/a><\/blockquote><iframe loading=\"lazy\" class=\"wp-embedded-content\" sandbox=\"allow-scripts\" security=\"restricted\" style=\"position: absolute; clip: rect(1px, 1px, 1px, 1px);\" title=\"&#8222;Og\u0142oszenie&#8221; &#8212; Urz\u0105d Gminy \u0141abunie\" src=\"https:\/\/www.labunie.com.pl\/2015\/10\/ogloszenie-32\/embed\/#?secret=iNnl21iH5A\" data-secret=\"iNnl21iH5A\" width=\"600\" height=\"338\" frameborder=\"0\" marginwidth=\"0\" marginheight=\"0\" scrolling=\"no\"><\/iframe>\n<\/div><\/figure>\n\n\n\n<figure class=\"wp-block-embed-wordpress wp-block-embed is-type-wp-embed is-provider-urzad-gminy-labunie\"><div class=\"wp-block-embed__wrapper\">\n<blockquote class=\"wp-embedded-content\" data-secret=\"Lm6rcWj9nL\"><a href=\"https:\/\/www.labunie.com.pl\/2015\/10\/ogloszenie-33\/\">Og\u0142oszenie<\/a><\/blockquote><iframe loading=\"lazy\" class=\"wp-embedded-content\" sandbox=\"allow-scripts\" security=\"restricted\" style=\"position: absolute; clip: rect(1px, 1px, 1px, 1px);\" title=\"&#8222;Og\u0142oszenie&#8221; &#8212; Urz\u0105d Gminy \u0141abunie\" src=\"https:\/\/www.labunie.com.pl\/2015\/10\/ogloszenie-33\/embed\/#?secret=Lm6rcWj9nL\" data-secret=\"Lm6rcWj9nL\" width=\"600\" height=\"338\" frameborder=\"0\" marginwidth=\"0\" marginheight=\"0\" scrolling=\"no\"><\/iframe>\n<\/div><\/figure>\n","protected":false},"excerpt":{"rendered":"","protected":false},"author":7,"featured_media":0,"parent":377,"menu_order":0,"comment_status":"closed","ping_status":"closed","template":"","meta":{"footnotes":""},"class_list":["post-1115","page","type-page","status-publish","hentry","clearfix"],"_links":{"self":[{"href":"https:\/\/labunie.com.pl\/index.php?rest_route=\/wp\/v2\/pages\/1115","targetHints":{"allow":["GET"]}}],"collection":[{"href":"https:\/\/labunie.com.pl\/index.php?rest_route=\/wp\/v2\/pages"}],"about":[{"href":"https:\/\/labunie.com.pl\/index.php?rest_route=\/wp\/v2\/types\/page"}],"author":[{"embeddable":true,"href":"https:\/\/labunie.com.pl\/index.php?rest_route=\/wp\/v2\/users\/7"}],"replies":[{"embeddable":true,"href":"https:\/\/labunie.com.pl\/index.php?rest_route=%2Fwp%2Fv2%2Fcomments&post=1115"}],"version-history":[{"count":5,"href":"https:\/\/labunie.com.pl\/index.php?rest_route=\/wp\/v2\/pages\/1115\/revisions"}],"predecessor-version":[{"id":19000,"href":"https:\/\/labunie.com.pl\/index.php?rest_route=\/wp\/v2\/pages\/1115\/revisions\/19000"}],"up":[{"embeddable":true,"href":"https:\/\/labunie.com.pl\/index.php?rest_route=\/wp\/v2\/pages\/377"}],"wp:attachment":[{"href":"https:\/\/labunie.com.pl\/index.php?rest_route=%2Fwp%2Fv2%2Fmedia&parent=1115"}],"curies":[{"name":"wp","href":"https:\/\/api.w.org\/{rel}","templated":true}]}}