{"id":2354,"date":"2015-12-01T09:36:53","date_gmt":"2015-12-01T08:36:53","guid":{"rendered":"https:\/\/www.labunie.com.pl\/?page_id=2354"},"modified":"2025-06-17T09:02:32","modified_gmt":"2025-06-17T07:02:32","slug":"gospodarowanie-odpadami","status":"publish","type":"page","link":"https:\/\/labunie.com.pl\/?page_id=2354","title":{"rendered":"Gospodarowanie odpadami"},"content":{"rendered":"\n<div style=\"height:40px\" aria-hidden=\"true\" class=\"wp-block-spacer\"><\/div>\n\n\n\n<div class=\"wp-block-file\"><a href=\"https:\/\/www.labunie.com.pl\/wp-content\/uploads\/2025\/01\/Zasady-segregacji-odpadow-2025.pdf\"><strong>Zasady segregacji odpad\u00f3w<\/strong><\/a><a href=\"https:\/\/www.labunie.com.pl\/wp-content\/uploads\/2025\/01\/Zasady-segregacji-odpadow-2025.pdf\" class=\"wp-block-file__button\" download>Pobierz<\/a><\/div>\n\n\n\n<div class=\"wp-block-file\"><a href=\"https:\/\/www.labunie.com.pl\/wp-content\/uploads\/2025\/05\/ZASADY-ZAPOBIEGANIA-POWSTAWANIU-ODPADOW-2025.pdf\"><strong>Zasady zapobiegania powstawaniu odpad\u00f3w<\/strong><\/a><a href=\"https:\/\/www.labunie.com.pl\/wp-content\/uploads\/2025\/05\/ZASADY-ZAPOBIEGANIA-POWSTAWANIU-ODPADOW-2025.pdf\" class=\"wp-block-file__button\" download>Pobierz<\/a><\/div>\n\n\n\n<div class=\"wp-block-file\"><a href=\"https:\/\/www.labunie.com.pl\/wp-content\/uploads\/2024\/12\/Regulamin-PSZOK-I-obowiazujacy-od-1.01.2025.pdf\"><strong>Regulamin PSZOK<\/strong> (obowi\u0105zuj\u0105cy od 1 stycznia 2025 r.)<\/a><a href=\"https:\/\/www.labunie.com.pl\/wp-content\/uploads\/2024\/12\/Regulamin-PSZOK-I-obowiazujacy-od-1.01.2025.pdf\" class=\"wp-block-file__button\" download>Pobierz<\/a><\/div>\n\n\n\n<div class=\"wp-block-file\"><a href=\"https:\/\/www.labunie.com.pl\/wp-content\/uploads\/2024\/12\/Upowaznienie-jednorazowe-do-dostarczenia-odpadow-komunalnych-do-PSZOK-w-Zamosciu.pdf\"><strong>Upowa\u017cnienie jednorazowe do dostarczenia odpad\u00f3w komunalnych do PSZOK w Zamo\u015bciu<\/strong><\/a><a href=\"https:\/\/www.labunie.com.pl\/wp-content\/uploads\/2024\/12\/Upowaznienie-jednorazowe-do-dostarczenia-odpadow-komunalnych-do-PSZOK-w-Zamosciu.pdf\" class=\"wp-block-file__button\" download>Pobierz<\/a><\/div>\n\n\n\n<div style=\"height:40px\" aria-hidden=\"true\" class=\"wp-block-spacer\"><\/div>\n\n\n\n<h2 class=\"has-text-align-center wp-block-heading\"><strong>INFORMACJA O PODMIOTACH ODBIERAJ\u0104CYCH ODPADY KOMUNALNE OD W\u0141A\u015aCICIELI NIERUCHOMO\u015aCI Z TERENU GMINY \u0141ABUNIE I MIEJSCACH ZAGOSPODAROWANIA NIESEGREGOWANYCH (ZMIESZANYCH) ODPAD\u00d3W KOMUNALNYCH, BIOODPAD\u00d3W STANOWI\u0104CYCH ODPADY KOMUNALNE ORAZ POZOSTA\u0141O\u015aCI Z SORTOWANIA ODPAD\u00d3W PRZEZNACZONYCH DO SK\u0141ADOWANIA.<\/strong><\/h2>\n\n\n\n<p>Zgodnie z art. 3 ust. 2 pkt 9 lit a i b ustawy z dnia 13 wrze\u015bnia 1996 r. o utrzymaniu czysto\u015bci i porz\u0105dku w gminach (t. j. Dz. U. z 2021 r. poz. 888 ze zm.) W\u00f3jt Gminy \u0141abunie informuje, \u017ce w wyniku przeprowadzonego post\u0119powania o udzielenie zam\u00f3wienia publicznego w trybie przetargu nieograniczonego, us\u0142ugi w zakresie odbierania i zagospodarowania odpad\u00f3w komunalnych pochodz\u0105cych z teren\u00f3w nieruchomo\u015bci zamieszka\u0142ych na terenie Gminy \u0141abunie \u015bwiadczy :<\/p>\n\n\n\n<p class=\"has-text-align-center\"><strong>Przedsi\u0119biorstwo Gospodarki Komunalnej<\/strong><br><strong>Sp\u00f3\u0142ka z o. o. w Zamo\u015bciu<\/strong><br><strong>ul. Krucza 10<\/strong><br><strong>22-400 Zamo\u015b\u0107<\/strong><\/p>\n\n\n\n<div style=\"height:50px\" aria-hidden=\"true\" class=\"wp-block-spacer\"><\/div>\n\n\n\n<p class=\"has-text-align-center\"><strong>MIEJSCE ZAGOSPODAROWANIA ODPAD\u00d3W KOMUNALNYCH PRZEZ PODMIOTY ODBIERAJ\u0104CE<\/strong><\/p>\n\n\n\n<p>Miejscem zagospodarowania niesegregowanych (zmieszanych) odpad\u00f3w komunalnych, bioodpad\u00f3w stanowi\u0105cych odpady komunalne oraz pozosta\u0142o\u015bci z sortowania odpad\u00f3w komunalnych przeznaczonych do sk\u0142adowania jest:<\/p>\n\n\n\n<p class=\"has-text-align-center\"><strong>Regionalny Zak\u0142ad Zagospodarowania Odpad\u00f3w w D\u0119bowcu<\/strong><br><strong>D\u0119bowiec 165<\/strong><br><strong>22-420 Skierbiesz\u00f3w<\/strong><\/p>\n\n\n\n<div style=\"height:100px\" aria-hidden=\"true\" class=\"wp-block-spacer\"><\/div>\n\n\n\n<h2 class=\"has-text-align-center wp-block-heading\"><strong>INFORMACJA O PUNKTACH SELEKTYWNEGO ZBIERANIA ODPAD\u00d3W KOMUNALNYCH<\/strong><\/h2>\n\n\n\n<p>Zgodnie z art. 3 ust.2, pkt 9, lit \u201ed\u201d Ustawy z dnia 13 wrze\u015bnia 1996 r. o utrzymaniu czysto\u015bci i porz\u0105dku w gminach (j. t. Dz. U. z 2020 r. poz.1439 ze zm.), W\u00f3jt Gminy \u0141abunie udost\u0119pnia informacj\u0119 o punktach selektywnego zbierania odpad\u00f3w komunalnych (PSZOK).<\/p>\n\n\n\n<p>Aktualnie, punkty selektywnego zbierania odpad\u00f3w komunalnych dla w\u0142a\u015bcicieli nieruchomo\u015bci zamieszka\u0142ych z terenu Gminy \u0141abunie, zlokalizowane s\u0105 na terenie miasta Zamo\u015bcia, przy ulicy:<\/p>\n\n\n\n<ol class=\"wp-block-list\"><li><strong>Droga M\u0119czennik\u00f3w Rotundy 2<\/strong> &#8211; Zak\u0142ad Transportu Odpad\u00f3w<\/li><\/ol>\n\n\n\n<p>Prowadzone s\u0105 przez Przedsi\u0119biorstwo Gospodarki Komunalnej Sp. z o. o. z siedzib\u0105 w Zamo\u015bciu przy ul. Kruczej 10.<\/p>\n\n\n\n<p>Punkty czynne s\u0105, za wyj\u0105tkiem dni wolnych od pracy i \u015bwi\u0105t:<\/p>\n\n\n\n<ul class=\"wp-block-list\"><li>od poniedzia\u0142ku do pi\u0105tku w godz. 9.00 do 17.00<\/li><li>w soboty w godz. 9.00 &#8211; 15.00<\/li><li>w sezonie letnim<\/li><li>tj. od 1 maja do 30 wrze\u015bnia w godz. od 9.00 do 17.00<\/li><\/ul>\n\n\n\n<p><strong>Do PSZOK przyjmowane s\u0105 bezp\u0142atnie, dostarczone na w\u0142asny koszt, nast\u0119puj\u0105ce rodzaje selektywnie zbieranych odpad\u00f3w:<\/strong><\/p>\n\n\n\n<ul class=\"wp-block-list\"><li>papier i tektura<\/li><li>opakowania wielomateria\u0142owe<\/li><li>opakowania PET<\/li><li>tworzywa sztuczne<\/li><li>szk\u0142o bezbarwne, szk\u0142o kolorowe<\/li><li>odpady ulegaj\u0105ce biodegradacji, w tym zielone<\/li><li>zu\u017cyte baterie i akumulatory<\/li><li>zu\u017cyte opony z samochod\u00f3w osobowych<\/li><li>chemikalia (\u015brodki chemiczne u\u017cywane w gospodarstwie domowym)<\/li><li>przeterminowane leki<\/li><li>metale<\/li><li>odzie\u017c, tekstylia<\/li><li>popi\u00f3\u0142 z palenisk domowych<\/li><li>zu\u017cyty sprz\u0119t elektryczny i elektroniczny<\/li><li>odpady wielkogabarytowe ( meble, materace , pierzyny, wyk\u0142adziny, dywany, rowery, w\u00f3zki dzieci\u0119ce, du\u017ce zabawki itp.)<\/li><li>odpady budowlane i rozbi\u00f3rkowe powsta\u0142e w wyniku drobnych prac remontowo &#8211; budowlanych prowadzonych samodzielnie w gospodarstwie domowym, tj. gruz betonowy, ceglany, ceramiczny oraz szk\u0142o okienne i drzwiowe (st\u0142uczka)<\/li><li>odpady niekwalifikuj\u0105ce si\u0119 do odpad\u00f3w medycznych powsta\u0142ych w gospodarstwie domowym w wyniku przyjmowania produkt\u00f3w leczniczych, w formie iniekcji i prowadzenia monitoringu poziomu substancji we krwi, w szczeg\u00f3lno\u015bci igie\u0142 i strzykawek.<\/li><\/ul>\n\n\n\n<div style=\"height:100px\" aria-hidden=\"true\" class=\"wp-block-spacer\"><\/div>\n\n\n\n<h2 class=\"has-text-align-center wp-block-heading\">INFORMACJA O ZBIERAJ\u0104CYCH ZU\u017bYTY SPRZ\u0118T ELEKTRYCZNY I ELEKTRONICZNY POCHODZ\u0104CY Z GOSPODARSTW DOMOWYCH<\/h2>\n\n\n\n<p>Zgodnie z art. 3 ust. 2 pkt 9 lit. e ustawy z dnia 13 wrze\u015bnia 1996r. o utrzymaniu czysto\u015bci i porz\u0105dku w gminach (j. t. Dz. U. z 2021 r., poz. 888 ze zm.), W\u00f3jt Gminy \u0141abunie informuje o firmach zbieraj\u0105cych zu\u017cyty sprz\u0119t elektryczny i elektroniczny pochodz\u0105cy z gospodarstw domowych, o kt\u00f3rym mowa w ustawie z dnia 11 wrze\u015bnia 2015r. o zu\u017cytym sprz\u0119cie elektrycznym i elektronicznym.<\/p>\n\n\n\n<p>Na terenie Gminy \u0141abunie, wspomniany wy\u017cej sprz\u0119t, jeden raz w roku odbierany jest bezpo\u015brednio z nieruchomo\u015bci przez Przedsi\u0119biorstwo Gospodarki Komunalnej Sp. z o. o. z siedzib\u0105 w Zamo\u015bciu przy ul. Kruczej 10, w terminie okre\u015blonym w harmonogramie odbioru odpad\u00f3w komunalnych.<\/p>\n\n\n\n<p>W innych terminach, w\u0142a\u015bciciele nieruchomo\u015bci mog\u0105 dostarcza\u0107 we w\u0142asnym zakresie zu\u017cyty sprz\u0119t elektryczny i elektroniczny do Punkt\u00f3w Selektywnej Zbi\u00f3rki Odpad\u00f3w Komunalnych (PSZOK) zlokalizowanych w Zamo\u015bciu przy ul. Droga M\u0119czennik\u00f3w Rotundy 2 (Zak\u0142ad Transportu Odpad\u00f3w) i Alei 1-go Maja16 (Oczyszczalnia \u015aciek\u00f3w) &#8211; w godzinach otwarcia tych punkt\u00f3w podanych w harmonogramie odbioru odpad\u00f3w komunalnych.<\/p>\n\n\n\n<div style=\"height:100px\" aria-hidden=\"true\" class=\"wp-block-spacer\"><\/div>\n\n\n\n<h2 class=\"has-text-align-center wp-block-heading\">INFORMACJA O ADRESACH PUNKT\u00d3W ZBIERANIA ODPAD\u00d3W FOLII, SZNURKA ORAZ OPON POWSTAJ\u0104CYCH W GOSPODARSTWACH ROLNYCH<\/h2>\n\n\n\n<p>Zgodnie z art. 3 ust. 2 pkt 9, lit. f ustawy z dnia 13 wrze\u015bnia 1996 r. o utrzymaniu czysto\u015bci i porz\u0105dku w gminach (j. t. Dz. U. z 2021 r., poz. 888 ze zm.) W\u00f3jt Gminy \u0141abunie informuje:<\/p>\n\n\n\n<div style=\"height:40px\" aria-hidden=\"true\" class=\"wp-block-spacer\"><\/div>\n\n\n\n<p class=\"has-text-align-center\"><strong>Zbi\u00f3rk\u0119 odpad\u00f3w folii, sznurka powstaj\u0105cych w gospodarstwach rolnych prowadzi firma:<\/strong><\/p>\n\n\n\n<p class=\"has-text-align-center\">P.P.H.U \u201eKORNEX&#8221; Kornelia Mr\u00f3z<br>Korzeni\u00f3w 80<br>08-504 U\u0142\u0119\u017c<br>Tel. 81 866 76 92<\/p>\n\n\n\n<div style=\"height:40px\" aria-hidden=\"true\" class=\"wp-block-spacer\"><\/div>\n\n\n\n<p class=\"has-text-align-center\">East &#8211; Eco Daniel Czy\u017cak<br>Podle\u015bna 42<br>21-512 Zalesie<br>tel. 508 215 926, 514 987 876<\/p>\n\n\n\n<div style=\"height:40px\" aria-hidden=\"true\" class=\"wp-block-spacer\"><\/div>\n\n\n\n<p class=\"has-text-align-center\"><strong>Zbi\u00f3rk\u0119 odpad\u00f3w w postaci opon powstaj\u0105cych w gospodarstwach rolnych prowadzi firma:<\/strong><\/p>\n\n\n\n<p class=\"has-text-align-center\">EUROMASTER Kornet <br>ul. Namys\u0142owskiego 8<br>22-400 Zamo\u015b\u0107<br>tel. 726 720 048, 726 720 049<br>kornet.zamosc@euromaster.com.pl<\/p>\n\n\n\n<div style=\"height:100px\" aria-hidden=\"true\" class=\"wp-block-spacer\"><\/div>\n\n\n\n<h2 class=\"has-text-align-center wp-block-heading\">INFORMACJA O OSI\u0104GNI\u0118TYCH PRZEZ GMIN\u0118 W LATACH 2012 \u2013 2023 WYMAGANYCH POZIOMACH RECYKLINGU, PRZYGOTOWANIA DO PONOWNEGO U\u017bYCIA I&nbsp;ODZYSKU INNYMI METODAMI ORAZ OGRANICZENIA MASY ODPAD\u00d3W KOMUNALNYCH ULEGAJ\u0104CYCH BIODEGRADACJI PRZEKAZYWANYCH DO SK\u0141ADOWANIA<\/h2>\n\n\n\n<p>\u2013 udost\u0119pniona zgodnie z art. 3 ust.2, pkt 9 lit. c&nbsp; ustawy z dnia 13 wrze\u015bnia&nbsp; 1996 r. o utrzymaniu czysto\u015bci i porz\u0105dku w gminach.<\/p>\n\n\n\n<div style=\"height:40px\" aria-hidden=\"true\" class=\"wp-block-spacer\"><\/div>\n\n\n<table class=\"aligncenter\" style=\"width: 95%;\" border=\"1\" cellspacing=\"1\">\n<tbody>\n<tr style=\"height: 146px;\">\n<td style=\"height: 438px;\" rowspan=\"3\" width=\"76\">\n<p>2012<\/p>\n<\/td>\n<td style=\"height: 146px;\" width=\"501\">\n<p>recyklingu i przygotowania do ponownego u\u017cycia nast\u0119puj\u0105cych frakcji odpad\u00f3w komunalnych: papieru, metali, tworzyw sztucznych i szk\u0142a<\/p>\n<\/td>\n<td width=\"85\">\n<p>16,6 %<\/p>\n<\/td>\n<\/tr>\n<tr style=\"height: 175px;\">\n<td width=\"501\">\n<p>recyklingu, przygotowania do ponownego u\u017cycia i odzysku innymi metodami innych ni\u017c niebezpieczne odpad\u00f3w budowlanych i rozbi\u00f3rkowych stanowi\u0105cych odpady komunalne<\/p>\n<\/td>\n<td style=\"height: 175px;\" width=\"85\">\n<p>brak odpad\u00f3w<\/p>\n<\/td>\n<\/tr>\n<tr style=\"height: 117px;\">\n<td width=\"501\">\n<p>ograniczenia masy odpad\u00f3w komunalnych ulegaj\u0105cych biodegradacji przekazywanych do sk\u0142adowania<\/p>\n<\/td>\n<td style=\"height: 117px;\" width=\"85\">\n<p>82,7 %<\/p>\n<\/td>\n<\/tr>\n<tr style=\"height: 146px;\">\n<td style=\"height: 438px;\" rowspan=\"3\" width=\"76\">\n<p>2013<\/p>\n<\/td>\n<td style=\"height: 146px;\" width=\"501\">\n<p>recyklingu i przygotowania do ponownego u\u017cycia nast\u0119puj\u0105cych frakcji odpad\u00f3w komunalnych: papieru, metali, tworzyw sztucznych i szk\u0142a<\/p>\n<\/td>\n<td style=\"height: 146px;\" width=\"85\">\n<p>26 %<\/p>\n<\/td>\n<\/tr>\n<tr style=\"height: 175px;\">\n<td style=\"height: 175px;\" width=\"501\">\n<p>recyklingu, przygotowania do ponownego u\u017cycia i odzysku innymi metodami innych ni\u017c niebezpieczne odpad\u00f3w budowlanych i rozbi\u00f3rkowych stanowi\u0105cych odpady komunalne<\/p>\n<\/td>\n<td style=\"height: 175px;\" width=\"85\">\n<p>100 %<\/p>\n<\/td>\n<\/tr>\n<tr style=\"height: 117px;\">\n<td style=\"height: 117px;\" width=\"501\">\n<p>ograniczenia masy odpad\u00f3w komunalnych ulegaj\u0105cych biodegradacji przekazywanych do sk\u0142adowania<\/p>\n<\/td>\n<td style=\"height: 117px;\" width=\"85\">\n<p>74,94<\/p>\n<\/td>\n<\/tr>\n<tr style=\"height: 146px;\">\n<td style=\"height: 438px;\" rowspan=\"3\" width=\"76\">\n<p>2014<\/p>\n<\/td>\n<td style=\"height: 146px;\" width=\"501\">\n<p>recyklingu i przygotowania do ponownego u\u017cycia nast\u0119puj\u0105cych frakcji odpad\u00f3w komunalnych: papieru, metali, tworzyw sztucznych i szk\u0142a<\/p>\n<\/td>\n<td style=\"height: 146px;\" width=\"85\">\n<p>33,94<\/p>\n<\/td>\n<\/tr>\n<tr style=\"height: 175px;\">\n<td style=\"height: 175px;\" width=\"501\">\n<p>recyklingu, przygotowania do ponownego u\u017cycia i odzysku innymi metodami innych ni\u017c niebezpieczne odpad\u00f3w budowlanych i rozbi\u00f3rkowych stanowi\u0105cych odpady komunalne<\/p>\n<\/td>\n<td style=\"height: 175px;\" width=\"85\">\n<p>brak odpad\u00f3w<\/p>\n<\/td>\n<\/tr>\n<tr style=\"height: 117px;\">\n<td style=\"height: 117px;\" width=\"501\">\n<p>ograniczenia masy odpad\u00f3w komunalnych ulegaj\u0105cych biodegradacji przekazywanych do sk\u0142adowania<\/p>\n<\/td>\n<td style=\"height: 117px;\" width=\"85\">\n<p>79,42%<\/p>\n<\/td>\n<\/tr>\n<tr style=\"height: 146px;\">\n<td style=\"height: 438px;\" rowspan=\"3\" width=\"76\">\n<p>2015<\/p>\n<\/td>\n<td style=\"height: 146px;\" width=\"501\">\n<p>recyklingu i przygotowania do ponownego u\u017cycia nast\u0119puj\u0105cych frakcji odpad\u00f3w komunalnych: papieru, metali, tworzyw sztucznych i szk\u0142a<\/p>\n<\/td>\n<td style=\"height: 146px;\" width=\"85\">\n<p>51,13 %<\/p>\n<\/td>\n<\/tr>\n<tr style=\"height: 175px;\">\n<td style=\"height: 175px;\" width=\"501\">\n<p>recyklingu, przygotowania do ponownego u\u017cycia i odzysku innymi metodami innych ni\u017c niebezpieczne odpad\u00f3w budowlanych i rozbi\u00f3rkowych stanowi\u0105cych odpady komunalne<\/p>\n<\/td>\n<td style=\"height: 175px;\" width=\"85\">\n<p>100 %<\/p>\n<\/td>\n<\/tr>\n<tr style=\"height: 117px;\">\n<td style=\"height: 117px;\" width=\"501\">\n<p>ograniczenia masy odpad\u00f3w komunalnych ulegaj\u0105cych biodegradacji przekazywanych do sk\u0142adowania<\/p>\n<\/td>\n<td style=\"height: 117px;\" width=\"85\">\n<p>10,59<\/p>\n<\/td>\n<\/tr>\n<tr style=\"height: 146px;\">\n<td style=\"height: 438px;\" rowspan=\"3\" width=\"76\">\n<p>2016<\/p>\n<\/td>\n<td style=\"height: 146px;\" width=\"501\">\n<p>recyklingu i przygotowania do ponownego u\u017cycia nast\u0119puj\u0105cych frakcji odpad\u00f3w komunalnych: papieru, metali, tworzyw sztucznych i szk\u0142a<\/p>\n<\/td>\n<td style=\"height: 146px;\" width=\"85\">\n<p>38,33 %<\/p>\n<\/td>\n<\/tr>\n<tr style=\"height: 175px;\">\n<td style=\"height: 175px;\" width=\"501\">\n<p>recyklingu, przygotowania do ponownego u\u017cycia i odzysku innymi metodami innych ni\u017c niebezpieczne odpad\u00f3w budowlanych i rozbi\u00f3rkowych stanowi\u0105cych odpady komunalne<\/p>\n<\/td>\n<td style=\"height: 175px;\" width=\"85\">\n<p>100 %<\/p>\n<\/td>\n<\/tr>\n<tr style=\"height: 117px;\">\n<td style=\"height: 117px;\" width=\"501\">\n<p>ograniczenia masy odpad\u00f3w komunalnych ulegaj\u0105cych biodegradacji przekazywanych do sk\u0142adowania<\/p>\n<\/td>\n<td style=\"height: 117px;\" width=\"85\">\n<p>1,809 %<\/p>\n<\/td>\n<\/tr>\n<tr style=\"height: 146px;\">\n<td style=\"height: 438px;\" rowspan=\"3\" width=\"76\">\n<p>2017<\/p>\n<\/td>\n<td style=\"height: 146px;\" width=\"501\">\n<p>recyklingu i przygotowania do ponownego u\u017cycia nast\u0119puj\u0105cych frakcji odpad\u00f3w komunalnych: papieru, metali, tworzyw sztucznych i szk\u0142a<\/p>\n<\/td>\n<td style=\"height: 146px;\" width=\"85\">\n<p>33,59<\/p>\n<\/td>\n<\/tr>\n<tr style=\"height: 175px;\">\n<td style=\"height: 175px;\" width=\"501\">\n<p>recyklingu, przygotowania do ponownego u\u017cycia i odzysku innymi metodami innych ni\u017c niebezpieczne odpad\u00f3w budowlanych i rozbi\u00f3rkowych stanowi\u0105cych odpady komunalne<\/p>\n<\/td>\n<td style=\"height: 175px;\" width=\"85\">\n<p>100 %<\/p>\n<\/td>\n<\/tr>\n<tr style=\"height: 117px;\">\n<td style=\"height: 117px;\" width=\"501\">\n<p>ograniczenia masy odpad\u00f3w komunalnych ulegaj\u0105cych biodegradacji przekazywanych do sk\u0142adowania<\/p>\n<\/td>\n<td style=\"height: 117px;\" width=\"85\">\n<p>0 %<\/p>\n<\/td>\n<\/tr>\n<tr style=\"height: 146px;\">\n<td style=\"height: 438px;\" rowspan=\"3\" width=\"76\">\n<p>2018<\/p>\n<\/td>\n<td style=\"height: 146px;\" width=\"501\">\n<p>recyklingu i przygotowania do ponownego u\u017cycia nast\u0119puj\u0105cych frakcji odpad\u00f3w komunalnych: papieru, metali, tworzyw sztucznych i szk\u0142a<\/p>\n<\/td>\n<td style=\"height: 146px;\" width=\"85\">\n<p>33,65 %<\/p>\n<\/td>\n<\/tr>\n<tr style=\"height: 175px;\">\n<td style=\"height: 175px;\" width=\"501\">\n<p>recyklingu, przygotowania do ponownego u\u017cycia i odzysku innymi metodami innych ni\u017c niebezpieczne odpad\u00f3w budowlanych i rozbi\u00f3rkowych stanowi\u0105cych odpady komunalne<\/p>\n<\/td>\n<td style=\"height: 175px;\" width=\"85\">\n<p>100%<\/p>\n<\/td>\n<\/tr>\n<tr style=\"height: 117px;\">\n<td style=\"height: 117px;\" width=\"501\">\n<p>ograniczenia masy odpad\u00f3w komunalnych ulegaj\u0105cych biodegradacji przekazywanych do sk\u0142adowania<\/p>\n<\/td>\n<td style=\"height: 117px;\" width=\"85\">\n<p>0 %<\/p>\n<\/td>\n<\/tr>\n<tr style=\"height: 146px;\">\n<td style=\"height: 438px;\" rowspan=\"3\" width=\"76\">\n<p>2019<\/p>\n<\/td>\n<td style=\"height: 146px;\" width=\"501\">\n<p>recyklingu i przygotowania do ponownego u\u017cycia nast\u0119puj\u0105cych frakcji odpad\u00f3w komunalnych: papieru, metali, tworzyw sztucznych i szk\u0142a<\/p>\n<\/td>\n<td style=\"height: 146px;\" width=\"85\">\n<p>49,29 %<\/p>\n<\/td>\n<\/tr>\n<tr style=\"height: 175px;\">\n<td style=\"height: 175px;\" width=\"501\">\n<p>recyklingu, przygotowania do ponownego u\u017cycia i odzysku innymi metodami innych ni\u017c niebezpieczne odpad\u00f3w budowlanych i rozbi\u00f3rkowych stanowi\u0105cych odpady komunalne<\/p>\n<\/td>\n<td style=\"height: 175px;\" width=\"85\">\n<p>96 %<\/p>\n<\/td>\n<\/tr>\n<tr style=\"height: 117px;\">\n<td style=\"height: 117px;\" width=\"501\">\n<p>ograniczenia masy odpad\u00f3w komunalnych ulegaj\u0105cych biodegradacji przekazywanych do sk\u0142adowania<\/p>\n<\/td>\n<td style=\"height: 117px;\" width=\"85\">\n<p>0 %<\/p>\n<\/td>\n<\/tr>\n<tr style=\"height: 146px;\">\n<td style=\"height: 438px;\" rowspan=\"3\" width=\"76\">\n<p>2020<\/p>\n<\/td>\n<td style=\"height: 146px;\" width=\"501\">\n<p>recyklingu i przygotowania do ponownego u\u017cycia nast\u0119puj\u0105cych frakcji odpad\u00f3w komunalnych: papieru, metali, tworzyw sztucznych i szk\u0142a<\/p>\n<\/td>\n<td style=\"height: 146px;\" width=\"85\">\n<p>43,5%<\/p>\n<\/td>\n<\/tr>\n<tr style=\"height: 175px;\">\n<td style=\"height: 175px;\" width=\"501\">\n<p>recyklingu, przygotowania do ponownego u\u017cycia i odzysku innymi metodami innych ni\u017c niebezpieczne odpad\u00f3w budowlanych i rozbi\u00f3rkowych stanowi\u0105cych odpady komunalne<\/p>\n<\/td>\n<td style=\"height: 175px;\" width=\"85\">\n<p>brak odpad\u00f3w<\/p>\n<\/td>\n<\/tr>\n<tr style=\"height: 117px;\">\n<td style=\"height: 117px;\" width=\"501\">\n<p>ograniczenia masy odpad\u00f3w komunalnych ulegaj\u0105cych biodegradacji przekazywanych do sk\u0142adowania<\/p>\n<\/td>\n<td style=\"height: 117px;\" width=\"85\">\n<p>0 %<\/p>\n<\/td>\n<\/tr>\n<tr style=\"height: 88px;\">\n<td style=\"height: 264px;\" rowspan=\"3\">2021<\/td>\n<td style=\"height: 88px;\">\n<p>recyklingu i przygotowania do ponownego u\u017cycia nast\u0119puj\u0105cych frakcji odpad\u00f3w komunalnych: papieru, metali, tworzyw sztucznych i szk\u0142a<\/p>\n<\/td>\n<td style=\"height: 88px;\">\n<p>23,44<\/p>\n<\/td>\n<\/tr>\n<tr style=\"height: 88px;\">\n<td style=\"height: 88px;\">\n<p>recyklingu, przygotowania do ponownego u\u017cycia i odzysku innymi metodami innych ni\u017c niebezpieczne odpad\u00f3w budowlanych i rozbi\u00f3rkowych stanowi\u0105cych odpady komunalne<\/p>\n<\/td>\n<td style=\"height: 88px;\">\n<p>100<\/p>\n<\/td>\n<\/tr>\n<tr style=\"height: 88px;\">\n<td style=\"height: 88px;\">\n<p>ograniczenia masy odpad\u00f3w komunalnych ulegaj\u0105cych biodegradacji przekazywanych do sk\u0142adowania<\/p>\n<\/td>\n<td style=\"height: 88px;\">\n<p>0,63<\/p>\n<\/td>\n<\/tr>\n<tr style=\"height: 88px;\">\n<td style=\"height: 264px;\" rowspan=\"3\">\n<p>2022<\/p>\n<\/td>\n<td style=\"height: 88px;\">\n<p>przygotowania do ponownego u\u017cycia i recyklingu odpad\u00f3w komunalnych<\/p>\n<\/td>\n<td style=\"height: 88px;\">\n<p>56,4811<\/p>\n<\/td>\n<\/tr>\n<tr style=\"height: 88px;\">\n<td style=\"height: 88px;\">\n<p>ograniczenia masy odpad\u00f3w komunalnych ulegaj\u0105cych biodegradacji przekazywanych do sk\u0142adowania<\/p>\n<\/td>\n<td style=\"height: 88px;\">\n<p>0,00<\/p>\n<\/td>\n<\/tr>\n<tr style=\"height: 88px;\">\n<td style=\"height: 88px;\">\n<p>poziom sk\u0142adowania odpad\u00f3w komunalnych<\/p>\n<\/td>\n<td style=\"height: 88px;\">\n<p>25,81<\/p>\n<\/td>\n<\/tr>\n<tr style=\"height: 88px;\">\n<td style=\"height: 264px;\" rowspan=\"3\">2023<\/td>\n<td style=\"height: 88px;\">\n<p>przygotowania do ponownego u\u017cycia i recyklingu odpad\u00f3w komunalnych<\/p>\n<\/td>\n<td style=\"height: 88px;\">\n<p>49,04<\/p>\n<\/td>\n<\/tr>\n<tr style=\"height: 88px;\">\n<td style=\"height: 88px;\">\n<p>ograniczenia masy odpad\u00f3w komunalnych ulegaj\u0105cych biodegradacji przekazywanych do sk\u0142adowania<\/p>\n<\/td>\n<td style=\"height: 88px;\">\n<p>0,00<\/p>\n<\/td>\n<\/tr>\n<tr style=\"height: 88px;\">\n<td style=\"height: 88px;\">\n<p>poziom sk\u0142adowania odpad\u00f3w komunalnych<\/p>\n<\/td>\n<td style=\"height: 88px;\">\n<p>23,41<\/p>\n<\/td>\n<\/tr>\n<tr>\n<td rowspan=\"3\">2024<\/td>\n<td style=\"height: 88px;\">\n<p>przygotowania do ponownego u\u017cycia i recyklingu odpad\u00f3w komunalnych<\/p>\n<\/td>\n<td>\n<p>46,36<\/p>\n<\/td>\n<\/tr>\n<tr>\n<td style=\"height: 88px;\">\n<p>ograniczenia masy odpad\u00f3w komunalnych ulegaj\u0105cych biodegradacji przekazywanych do sk\u0142adowania<\/p>\n<\/td>\n<td>\n<p>0,37<\/p>\n<\/td>\n<\/tr>\n<tr>\n<td style=\"height: 88px;\">\n<p>poziom sk\u0142adowania odpad\u00f3w komunalnych<\/p>\n<\/td>\n<td>\n<p>20,47<\/p>\n<\/td>\n<\/tr>\n<\/tbody>\n<\/table>","protected":false},"excerpt":{"rendered":"<p>INFORMACJA O PODMIOTACH ODBIERAJ\u0104CYCH ODPADY KOMUNALNE OD W\u0141A\u015aCICIELI NIERUCHOMO\u015aCI Z TERENU GMINY \u0141ABUNIE I MIEJSCACH ZAGOSPODAROWANIA NIESEGREGOWANYCH (ZMIESZANYCH) ODPAD\u00d3W KOMUNALNYCH, BIOODPAD\u00d3W STANOWI\u0104CYCH ODPADY KOMUNALNE ORAZ POZOSTA\u0141O\u015aCI Z SORTOWANIA ODPAD\u00d3W PRZEZNACZONYCH DO SK\u0141ADOWANIA. Zgodnie z art. 3 ust. 2 pkt 9 lit a i b ustawy z dnia 13 wrze\u015bnia 1996 r. o utrzymaniu czysto\u015bci i [&hellip;]<\/p>\n","protected":false},"author":9,"featured_media":19976,"parent":549,"menu_order":5,"comment_status":"closed","ping_status":"closed","template":"","meta":{"footnotes":""},"class_list":["post-2354","page","type-page","status-publish","has-post-thumbnail","hentry","clearfix"],"_links":{"self":[{"href":"https:\/\/labunie.com.pl\/index.php?rest_route=\/wp\/v2\/pages\/2354","targetHints":{"allow":["GET"]}}],"collection":[{"href":"https:\/\/labunie.com.pl\/index.php?rest_route=\/wp\/v2\/pages"}],"about":[{"href":"https:\/\/labunie.com.pl\/index.php?rest_route=\/wp\/v2\/types\/page"}],"author":[{"embeddable":true,"href":"https:\/\/labunie.com.pl\/index.php?rest_route=\/wp\/v2\/users\/9"}],"replies":[{"embeddable":true,"href":"https:\/\/labunie.com.pl\/index.php?rest_route=%2Fwp%2Fv2%2Fcomments&post=2354"}],"version-history":[{"count":5,"href":"https:\/\/labunie.com.pl\/index.php?rest_route=\/wp\/v2\/pages\/2354\/revisions"}],"predecessor-version":[{"id":40692,"href":"https:\/\/labunie.com.pl\/index.php?rest_route=\/wp\/v2\/pages\/2354\/revisions\/40692"}],"up":[{"embeddable":true,"href":"https:\/\/labunie.com.pl\/index.php?rest_route=\/wp\/v2\/pages\/549"}],"wp:featuredmedia":[{"embeddable":true,"href":"https:\/\/labunie.com.pl\/index.php?rest_route=\/wp\/v2\/media\/19976"}],"wp:attachment":[{"href":"https:\/\/labunie.com.pl\/index.php?rest_route=%2Fwp%2Fv2%2Fmedia&parent=2354"}],"curies":[{"name":"wp","href":"https:\/\/api.w.org\/{rel}","templated":true}]}}