{"id":30144,"date":"2023-03-24T08:24:40","date_gmt":"2023-03-24T07:24:40","guid":{"rendered":"https:\/\/www.labunie.com.pl\/?page_id=30144"},"modified":"2023-03-24T09:58:46","modified_gmt":"2023-03-24T08:58:46","slug":"klauzule-informacyjne-rodo","status":"publish","type":"page","link":"https:\/\/labunie.com.pl\/?page_id=30144","title":{"rendered":"Klauzule informacyjne RODO"},"content":{"rendered":"\n\n\n<div style=\"height:50px\" aria-hidden=\"true\" class=\"wp-block-spacer\"><\/div>\n\n\n\n<div class=\"wp-block-file\"><a href=\"https:\/\/www.labunie.com.pl\/wp-content\/uploads\/2023\/03\/rodo_fb.pdf\">Klauzula informacyjna dla u\u017cytkownik\u00f3w fanpage\u2019a na Facebooku Gminy \u0141abunie<\/a><a href=\"https:\/\/www.labunie.com.pl\/wp-content\/uploads\/2023\/03\/rodo_fb.pdf\" class=\"wp-block-file__button\" download>Pobierz<\/a><\/div>\n\n\n\n<div class=\"wp-block-file\"><a href=\"https:\/\/www.labunie.com.pl\/wp-content\/uploads\/2023\/03\/regulamin_fb.pdf\">Regulamin oficjalnego fanpage\u2019a \u201eGmina \u0141abunie\u201d na portalu spo\u0142eczno\u015bciowym Facebook<\/a><a href=\"https:\/\/www.labunie.com.pl\/wp-content\/uploads\/2023\/03\/regulamin_fb.pdf\" class=\"wp-block-file__button\" download>Pobierz<\/a><\/div>\n\n\n\n<p><a href=\"https:\/\/uglabunie.bip.lubelskie.pl\/index.php?id=192&amp;action=details&amp;document_id=1616655\">Klauzula informacyjna dotycz\u0105ca przetwarzania danych osobowych na podstawie obowi\u0105zku prawnego ci\u0105\u017c\u0105cego na administratorze &#8211; przetwarzanie w zwi\u0105zku z ustaw\u0105 z dnia 7 czerwca 2001 r. o zbiorowym zaopatrzeniu w wod\u0119 i zbiorowym odprowadzaniu \u015bciek\u00f3w<\/a><\/p>\n\n\n\n<p><a href=\"https:\/\/uglabunie.bip.lubelskie.pl\/index.php?id=192&amp;action=details&amp;document_id=1597972\">Informacje o przetwarzaniu danych osobowych w post\u0119powaniu administracyjnym \u2013 w sprawach za\u0142atwianych milcz\u0105co<\/a><\/p>\n\n\n\n<p><a href=\"https:\/\/uglabunie.bip.lubelskie.pl\/index.php?id=192&amp;action=details&amp;document_id=1466738\">Klauzula informacyjna dotycz\u0105ca przetwarzania danych osobowych w rejestrze danych kontaktowych<\/a><\/p>\n\n\n\n<p><a href=\"https:\/\/uglabunie.bip.lubelskie.pl\/index.php?id=192&amp;action=details&amp;document_id=1320806\">Klauzula informacyjna dotycz\u0105ca przetwarzania danych osobowych na podstawie obowi\u0105zku prawnego ci\u0105\u017c\u0105cego na administratorze &#8211; przetwarzanie w zwi\u0105zku z ustaw\u0105 z dnia 8 marca 1990 r. o samorz\u0105dzie gminnym<\/a><\/p>\n\n\n\n<p><a href=\"https:\/\/uglabunie.bip.lubelskie.pl\/index.php?id=192&amp;action=details&amp;document_id=1268613\">Klauzula informacyjna dotycz\u0105ca przetwarzania danych osobowych na podstawie obowi\u0105zku prawnego ci\u0105\u017c\u0105cego na administratorze &#8211; przetwarzanie w zwi\u0105zku z ustaw\u0105 z dnia 28 listopada 2014 r. Prawo o aktach stanu cywilnego i ustaw\u0105 z dnia 17 pa\u017adziernika 2008 r. o zmianie imienia i nazwiska<\/a><\/p>\n\n\n\n<p><a href=\"https:\/\/uglabunie.bip.lubelskie.pl\/index.php?id=192&amp;action=details&amp;document_id=1268650\">Klauzula informacyjna dotycz\u0105ca przetwarzania danych osobowych na podstawie obowi\u0105zku prawnego ci\u0105\u017c\u0105cego na administratorze &#8211; przetwarzanie w zwi\u0105zku z ustaw\u0105 z dnia 6 sierpnia 2010 r. o dowodach osobistych<\/a><\/p>\n\n\n\n<p><a href=\"https:\/\/uglabunie.bip.lubelskie.pl\/index.php?id=192&amp;action=details&amp;document_id=1268612\">Klauzula informacyjna dotycz\u0105ca przetwarzania danych osobowych na podstawie obowi\u0105zku prawnego ci\u0105\u017c\u0105cego na administratorze<\/a><\/p>\n","protected":false},"excerpt":{"rendered":"<p>Klauzula informacyjna dotycz\u0105ca przetwarzania danych osobowych na podstawie obowi\u0105zku prawnego ci\u0105\u017c\u0105cego na administratorze &#8211; przetwarzanie w zwi\u0105zku z ustaw\u0105 z dnia 7 czerwca 2001 r. o zbiorowym zaopatrzeniu w wod\u0119 i zbiorowym odprowadzaniu \u015bciek\u00f3w Informacje o przetwarzaniu danych osobowych w post\u0119powaniu administracyjnym \u2013 w sprawach za\u0142atwianych milcz\u0105co Klauzula informacyjna dotycz\u0105ca przetwarzania danych osobowych w rejestrze [&hellip;]<\/p>\n","protected":false},"author":7,"featured_media":30157,"parent":0,"menu_order":0,"comment_status":"closed","ping_status":"closed","template":"","meta":{"footnotes":""},"class_list":["post-30144","page","type-page","status-publish","has-post-thumbnail","hentry","clearfix"],"_links":{"self":[{"href":"https:\/\/labunie.com.pl\/index.php?rest_route=\/wp\/v2\/pages\/30144","targetHints":{"allow":["GET"]}}],"collection":[{"href":"https:\/\/labunie.com.pl\/index.php?rest_route=\/wp\/v2\/pages"}],"about":[{"href":"https:\/\/labunie.com.pl\/index.php?rest_route=\/wp\/v2\/types\/page"}],"author":[{"embeddable":true,"href":"https:\/\/labunie.com.pl\/index.php?rest_route=\/wp\/v2\/users\/7"}],"replies":[{"embeddable":true,"href":"https:\/\/labunie.com.pl\/index.php?rest_route=%2Fwp%2Fv2%2Fcomments&post=30144"}],"version-history":[{"count":5,"href":"https:\/\/labunie.com.pl\/index.php?rest_route=\/wp\/v2\/pages\/30144\/revisions"}],"predecessor-version":[{"id":30162,"href":"https:\/\/labunie.com.pl\/index.php?rest_route=\/wp\/v2\/pages\/30144\/revisions\/30162"}],"wp:featuredmedia":[{"embeddable":true,"href":"https:\/\/labunie.com.pl\/index.php?rest_route=\/wp\/v2\/media\/30157"}],"wp:attachment":[{"href":"https:\/\/labunie.com.pl\/index.php?rest_route=%2Fwp%2Fv2%2Fmedia&parent=30144"}],"curies":[{"name":"wp","href":"https:\/\/api.w.org\/{rel}","templated":true}]}}