{"id":371,"date":"2014-05-17T16:50:23","date_gmt":"2014-05-17T14:50:23","guid":{"rendered":"https:\/\/www.labunie.com.pl\/?page_id=371"},"modified":"2024-11-14T11:06:46","modified_gmt":"2024-11-14T10:06:46","slug":"urzad-gminy","status":"publish","type":"page","link":"https:\/\/labunie.com.pl\/?page_id=371","title":{"rendered":"Urz\u0105d Gminy"},"content":{"rendered":"\n<h2 class=\"has-text-align-center wp-block-heading\"><span style=\"color:#0693e3\" class=\"tadv-color\"><\/span><\/h2>\n\n\n\n<h2 class=\"has-text-align-center has-text-color wp-block-heading\" id=\"block-69d6f5f2-02e5-450c-b43a-52ecac6cb1b2\" style=\"color:#48b4dd\"><strong>Urz\u0105d Gminy \u0141abunie<\/strong><br><strong>ul. Zamojska 50<\/strong><br><strong>22-437 \u0141abunie<\/strong><\/h2>\n\n\n\n<div style=\"height:20px\" aria-hidden=\"true\" class=\"wp-block-spacer\"><\/div>\n\n\n<table style=\"border-collapse: collapse; width: 100%;\">\n<tbody>\n<tr>\n<td style=\"width: 50%; text-align: left; vertical-align: top;\">\n<p>tel.:<strong> (84) 611 30 19, (84) 611 60 11 <br \/><\/strong><\/p>\n<p>fax.:<strong> (84) 611 30 19<\/strong> lub <strong>(84) 611 60 26<\/strong><\/p>\n<p>e-mail:<strong> uglabunie@labunie.com.pl<\/strong><\/p>\n<p>skrytka ePUAP: <strong>\/uglabunie\/SkrytkaESP<\/strong><\/p>\n<p>\u00a0<\/p>\n<table style=\"border-collapse: collapse; width: 100%;\">\n<tbody>\n<tr>\n<td style=\"width: 15.1568%; text-align: center; vertical-align: middle;\"><img loading=\"lazy\" decoding=\"async\" class=\"wp-image-38479 aligncenter\" src=\"https:\/\/www.labunie.com.pl\/wp-content\/uploads\/2024\/11\/logo_plus_code.png\" alt=\"\" width=\"40\" height=\"40\" srcset=\"https:\/\/labunie.com.pl\/wp-content\/uploads\/2024\/11\/logo_plus_code.png 512w, https:\/\/labunie.com.pl\/wp-content\/uploads\/2024\/11\/logo_plus_code-300x300.png 300w, https:\/\/labunie.com.pl\/wp-content\/uploads\/2024\/11\/logo_plus_code-150x150.png 150w\" sizes=\"auto, (max-width: 40px) 100vw, 40px\" \/><\/td>\n<td style=\"width: 84.8432%;\"><strong>M939+J2 \u0141abunie<\/strong><\/td>\n<\/tr>\n<\/tbody>\n<\/table>\n<\/td>\n<td style=\"width: 50%;\"><iframe loading=\"lazy\" src=\"https:\/\/www.google.com\/maps\/embed?pb=!4v1609326633930!6m8!1m7!1sHXkIMCo3xrnCyQgcxd0nCg!2m2!1d50.65363499438754!2d23.36737926407751!3f41.9264330241027!4f-14.798492106923561!5f0.7820865974627469\" width=\"630\" height=\"400\" frameborder=\"0\"><\/iframe><\/td>\n<\/tr>\n<\/tbody>\n<\/table>","protected":false},"excerpt":{"rendered":"<p>Urz\u0105d Gminy \u0141abunieul. Zamojska 5022-437 \u0141abunie tel.: (84) 611 30 19, (84) 611 60 11 fax.: (84) 611 30 19 lub (84) 611 60 26 e-mail: uglabunie@labunie.com.pl skrytka ePUAP: \/uglabunie\/SkrytkaESP \u00a0 M939+J2 \u0141abunie<\/p>\n","protected":false},"author":1,"featured_media":0,"parent":0,"menu_order":6,"comment_status":"closed","ping_status":"closed","template":"","meta":{"footnotes":""},"class_list":["post-371","page","type-page","status-publish","hentry","clearfix"],"_links":{"self":[{"href":"https:\/\/labunie.com.pl\/index.php?rest_route=\/wp\/v2\/pages\/371","targetHints":{"allow":["GET"]}}],"collection":[{"href":"https:\/\/labunie.com.pl\/index.php?rest_route=\/wp\/v2\/pages"}],"about":[{"href":"https:\/\/labunie.com.pl\/index.php?rest_route=\/wp\/v2\/types\/page"}],"author":[{"embeddable":true,"href":"https:\/\/labunie.com.pl\/index.php?rest_route=\/wp\/v2\/users\/1"}],"replies":[{"embeddable":true,"href":"https:\/\/labunie.com.pl\/index.php?rest_route=%2Fwp%2Fv2%2Fcomments&post=371"}],"version-history":[{"count":5,"href":"https:\/\/labunie.com.pl\/index.php?rest_route=\/wp\/v2\/pages\/371\/revisions"}],"predecessor-version":[{"id":38484,"href":"https:\/\/labunie.com.pl\/index.php?rest_route=\/wp\/v2\/pages\/371\/revisions\/38484"}],"wp:attachment":[{"href":"https:\/\/labunie.com.pl\/index.php?rest_route=%2Fwp%2Fv2%2Fmedia&parent=371"}],"curies":[{"name":"wp","href":"https:\/\/api.w.org\/{rel}","templated":true}]}}