{"id":374,"date":"2014-05-17T16:51:43","date_gmt":"2014-05-17T14:51:43","guid":{"rendered":"https:\/\/www.labunie.com.pl\/?page_id=374"},"modified":"2021-05-05T13:00:44","modified_gmt":"2021-05-05T11:00:44","slug":"informator","status":"publish","type":"page","link":"https:\/\/labunie.com.pl\/?page_id=374","title":{"rendered":"Informator"},"content":{"rendered":"\n<h1 class=\"wp-block-heading\"><a href=\"https:\/\/www.labunie.com.pl\/?page_id=465\"><em>IG\u0141A<\/em><\/a><\/h1>\n\n\n\n<h1 class=\"wp-block-heading\"><a href=\"https:\/\/www.labunie.com.pl\/?page_id=11977\"><em>U \u017ar\u00f3d\u0142a<\/em><\/a><\/h1>\n\n\n","protected":false},"excerpt":{"rendered":"<p>IG\u0141A U \u017ar\u00f3d\u0142a<\/p>\n","protected":false},"author":1,"featured_media":0,"parent":0,"menu_order":7,"comment_status":"closed","ping_status":"closed","template":"","meta":{"footnotes":""},"class_list":["post-374","page","type-page","status-publish","hentry","clearfix"],"_links":{"self":[{"href":"https:\/\/labunie.com.pl\/index.php?rest_route=\/wp\/v2\/pages\/374","targetHints":{"allow":["GET"]}}],"collection":[{"href":"https:\/\/labunie.com.pl\/index.php?rest_route=\/wp\/v2\/pages"}],"about":[{"href":"https:\/\/labunie.com.pl\/index.php?rest_route=\/wp\/v2\/types\/page"}],"author":[{"embeddable":true,"href":"https:\/\/labunie.com.pl\/index.php?rest_route=\/wp\/v2\/users\/1"}],"replies":[{"embeddable":true,"href":"https:\/\/labunie.com.pl\/index.php?rest_route=%2Fwp%2Fv2%2Fcomments&post=374"}],"version-history":[{"count":2,"href":"https:\/\/labunie.com.pl\/index.php?rest_route=\/wp\/v2\/pages\/374\/revisions"}],"predecessor-version":[{"id":21071,"href":"https:\/\/labunie.com.pl\/index.php?rest_route=\/wp\/v2\/pages\/374\/revisions\/21071"}],"wp:attachment":[{"href":"https:\/\/labunie.com.pl\/index.php?rest_route=%2Fwp%2Fv2%2Fmedia&parent=374"}],"curies":[{"name":"wp","href":"https:\/\/api.w.org\/{rel}","templated":true}]}}