{"id":459,"date":"2015-01-15T14:16:24","date_gmt":"2015-01-15T13:16:24","guid":{"rendered":"https:\/\/www.labunie.com.pl\/?page_id=459"},"modified":"2023-06-14T12:50:25","modified_gmt":"2023-06-14T10:50:25","slug":"wladze","status":"publish","type":"page","link":"https:\/\/labunie.com.pl\/?page_id=459","title":{"rendered":"W\u00f3jt Gminy \u0141abunie"},"content":{"rendered":"\n<p class=\"has-text-align-center has-text-color has-background has-medium-font-size\" style=\"background-color:#05528a;color:#ffffff\"><strong>W\u00f3jt Gminy \u0141abunie<\/strong><\/p>\n\n\n\n<p class=\"has-text-align-center has-very-light-gray-background-color has-background\"><strong>Mariusz Kukie\u0142ka<\/strong><br><br>pok. nr 1a <br>tel. 84 611 60 12<br>m.kukielka@labunie.com.pl<\/p>\n\n\n\n<hr class=\"wp-block-separator\"\/>\n\n\n\n<h5 style=\"text-align: center;\">W\u00f3jt Gminy \u0141abunie przyjmuje interesant\u00f3w w sprawie skarg, wniosk\u00f3w i petycji we wtorki w godz. 13:30-15:30 w siedzibie Urz\u0119du Gminy \u0141abunie ul. Zamojska 50, 22-437 \u0141abunie, p. 1a<\/h5>\n","protected":false},"excerpt":{"rendered":"<p>W\u00f3jt Gminy \u0141abunie Mariusz Kukie\u0142ka pok. nr 1a tel. 84 611 60 12m.kukielka@labunie.com.pl W\u00f3jt Gminy \u0141abunie przyjmuje interesant\u00f3w w sprawie skarg, wniosk\u00f3w i petycji we wtorki w godz. 13:30-15:30 w siedzibie Urz\u0119du Gminy \u0141abunie ul. Zamojska 50, 22-437 \u0141abunie, p. 1a<\/p>\n","protected":false},"author":7,"featured_media":0,"parent":371,"menu_order":0,"comment_status":"closed","ping_status":"closed","template":"","meta":{"footnotes":""},"class_list":["post-459","page","type-page","status-publish","hentry","clearfix"],"_links":{"self":[{"href":"https:\/\/labunie.com.pl\/index.php?rest_route=\/wp\/v2\/pages\/459","targetHints":{"allow":["GET"]}}],"collection":[{"href":"https:\/\/labunie.com.pl\/index.php?rest_route=\/wp\/v2\/pages"}],"about":[{"href":"https:\/\/labunie.com.pl\/index.php?rest_route=\/wp\/v2\/types\/page"}],"author":[{"embeddable":true,"href":"https:\/\/labunie.com.pl\/index.php?rest_route=\/wp\/v2\/users\/7"}],"replies":[{"embeddable":true,"href":"https:\/\/labunie.com.pl\/index.php?rest_route=%2Fwp%2Fv2%2Fcomments&post=459"}],"version-history":[{"count":5,"href":"https:\/\/labunie.com.pl\/index.php?rest_route=\/wp\/v2\/pages\/459\/revisions"}],"predecessor-version":[{"id":31600,"href":"https:\/\/labunie.com.pl\/index.php?rest_route=\/wp\/v2\/pages\/459\/revisions\/31600"}],"up":[{"embeddable":true,"href":"https:\/\/labunie.com.pl\/index.php?rest_route=\/wp\/v2\/pages\/371"}],"wp:attachment":[{"href":"https:\/\/labunie.com.pl\/index.php?rest_route=%2Fwp%2Fv2%2Fmedia&parent=459"}],"curies":[{"name":"wp","href":"https:\/\/api.w.org\/{rel}","templated":true}]}}