{"id":460,"date":"2015-01-15T14:16:22","date_gmt":"2015-01-15T13:16:22","guid":{"rendered":"https:\/\/www.labunie.com.pl\/?page_id=460"},"modified":"2024-05-06T12:32:19","modified_gmt":"2024-05-06T10:32:19","slug":"rada-gminy","status":"publish","type":"page","link":"https:\/\/labunie.com.pl\/?page_id=460","title":{"rendered":"Rada Gminy"},"content":{"rendered":"\n<h1 class=\"has-text-align-center wp-block-heading\">Sk\u0142ad Rady Gminy \u0141abunie<\/h1>\n\n\n\n<h2 class=\"has-text-align-center wp-block-heading\">kadencji 2024-2029<\/h2>\n\n\n\n<ul class=\"wp-block-list\"><li><strong>Ku\u017ama El\u017cbieta<\/strong> &#8211; <em>Przewodnicz\u0105ca RG \u0141abunie<\/em><\/li><li><strong>Kliza Mariusz<\/strong> &#8211; <em>Wiceprzewodnicz\u0105cy RG \u0141abunie<\/em><\/li><li><strong>Antoniewicz Jacek<\/strong><\/li><li><strong>Bobczuk Micha\u0142<\/strong><\/li><li><strong>Bosiak Danuta<\/strong><\/li><li><strong>Grula Andrzej<\/strong><\/li><li><strong>Jastrz\u0119bski Jacek<\/strong><\/li><li><strong>Kycko Kazimierz<\/strong><\/li><li><strong>Ma\u0142ys Jacek<\/strong><\/li><li><strong>Ma\u0142ys Renata<\/strong><\/li><li><strong>Szala Kazimierz<\/strong><\/li><li><strong>Szast Bogus\u0142aw<\/strong><\/li><li><strong>Waluch Adrian<\/strong><\/li><li><strong>Wr\u00f3blewska Bo\u017cena<\/strong><\/li><li><strong>Zimerman Wies\u0142aw<\/strong><\/li><\/ul>\n\n\n\n<div style=\"height:50px\" aria-hidden=\"true\" class=\"wp-block-spacer\"><\/div>\n\n\n\n<div class=\"wp-block-image\"><figure class=\"aligncenter size-large\"><img loading=\"lazy\" decoding=\"async\" width=\"1024\" height=\"598\" src=\"https:\/\/www.labunie.com.pl\/wp-content\/uploads\/2024\/05\/rg_2024-2029-1024x598.jpg\" alt=\"\" class=\"wp-image-36290\" srcset=\"https:\/\/labunie.com.pl\/wp-content\/uploads\/2024\/05\/rg_2024-2029-1024x598.jpg 1024w, https:\/\/labunie.com.pl\/wp-content\/uploads\/2024\/05\/rg_2024-2029-300x175.jpg 300w, https:\/\/labunie.com.pl\/wp-content\/uploads\/2024\/05\/rg_2024-2029-768x448.jpg 768w, https:\/\/labunie.com.pl\/wp-content\/uploads\/2024\/05\/rg_2024-2029-1536x897.jpg 1536w, https:\/\/labunie.com.pl\/wp-content\/uploads\/2024\/05\/rg_2024-2029.jpg 1713w\" sizes=\"auto, (max-width: 1024px) 100vw, 1024px\" \/><\/figure><\/div>\n","protected":false},"excerpt":{"rendered":"<p>Sk\u0142ad Rady Gminy \u0141abunie kadencji 2024-2029 Ku\u017ama El\u017cbieta &#8211; Przewodnicz\u0105ca RG \u0141abunie Kliza Mariusz &#8211; Wiceprzewodnicz\u0105cy RG \u0141abunie Antoniewicz Jacek Bobczuk Micha\u0142 Bosiak Danuta Grula Andrzej Jastrz\u0119bski Jacek Kycko Kazimierz Ma\u0142ys Jacek Ma\u0142ys Renata Szala Kazimierz Szast Bogus\u0142aw Waluch Adrian Wr\u00f3blewska Bo\u017cena Zimerman Wies\u0142aw<\/p>\n","protected":false},"author":7,"featured_media":0,"parent":371,"menu_order":1,"comment_status":"closed","ping_status":"closed","template":"","meta":{"footnotes":""},"class_list":["post-460","page","type-page","status-publish","hentry","clearfix"],"_links":{"self":[{"href":"https:\/\/labunie.com.pl\/index.php?rest_route=\/wp\/v2\/pages\/460","targetHints":{"allow":["GET"]}}],"collection":[{"href":"https:\/\/labunie.com.pl\/index.php?rest_route=\/wp\/v2\/pages"}],"about":[{"href":"https:\/\/labunie.com.pl\/index.php?rest_route=\/wp\/v2\/types\/page"}],"author":[{"embeddable":true,"href":"https:\/\/labunie.com.pl\/index.php?rest_route=\/wp\/v2\/users\/7"}],"replies":[{"embeddable":true,"href":"https:\/\/labunie.com.pl\/index.php?rest_route=%2Fwp%2Fv2%2Fcomments&post=460"}],"version-history":[{"count":5,"href":"https:\/\/labunie.com.pl\/index.php?rest_route=\/wp\/v2\/pages\/460\/revisions"}],"predecessor-version":[{"id":36294,"href":"https:\/\/labunie.com.pl\/index.php?rest_route=\/wp\/v2\/pages\/460\/revisions\/36294"}],"up":[{"embeddable":true,"href":"https:\/\/labunie.com.pl\/index.php?rest_route=\/wp\/v2\/pages\/371"}],"wp:attachment":[{"href":"https:\/\/labunie.com.pl\/index.php?rest_route=%2Fwp%2Fv2%2Fmedia&parent=460"}],"curies":[{"name":"wp","href":"https:\/\/api.w.org\/{rel}","templated":true}]}}