{"id":461,"date":"2015-01-15T14:16:18","date_gmt":"2015-01-15T13:16:18","guid":{"rendered":"https:\/\/www.labunie.com.pl\/?page_id=461"},"modified":"2026-01-28T11:12:16","modified_gmt":"2026-01-28T10:12:16","slug":"struktura-urzedu","status":"publish","type":"page","link":"https:\/\/labunie.com.pl\/?page_id=461","title":{"rendered":"Pracownicy urz\u0119du"},"content":{"rendered":"\n<figure class=\"wp-block-table is-style-stripes\"><table><thead><tr><th class=\"has-text-align-center\" data-align=\"center\">Nr pokoju<\/th><th>Stanowisko<\/th><th>Imi\u0119 i nazwisko<\/th><th class=\"has-text-align-center\" data-align=\"center\">Kontakt<\/th><\/tr><\/thead><tbody><tr><td class=\"has-text-align-center\" data-align=\"center\">1<\/td><td>Zast\u0119pca W\u00f3jta<br>Sekretarz Gminy<\/td><td><a href=\"mailto:s.pelech@labunie.com.pl\">Sebastian Pe\u0142ech<\/a><\/td><td class=\"has-text-align-center\" data-align=\"center\">84 611 60 13<\/td><\/tr><tr><td class=\"has-text-align-center\" data-align=\"center\">1<\/td><td>Inspektor ds. kadrowych i kancelaryjnych<\/td><td><a href=\"mailto:uglabunie@labunie.com.pl\">Magdalena Mr\u00f3z<\/a><\/td><td class=\"has-text-align-center\" data-align=\"center\">84 611 60 11<\/td><\/tr><tr><td class=\"has-text-align-center\" data-align=\"center\">2<\/td><td>Starszy Inspektor ds. wymiaru podatku i op\u0142at lokalnych<\/td><td><a href=\"mailto:a.skiba@labunie.com.pl\">Renata Skiba<\/a><\/td><td class=\"has-text-align-center\" data-align=\"center\">84 611 60 19<\/td><\/tr><tr><td class=\"has-text-align-center\" data-align=\"center\">2<\/td><td>Starszy Inspektor ds. podatk\u00f3w i op\u0142at oraz egzekucji<\/td><td><a href=\"mailto:k.kostrubiec@labunie.com.pl\">Wioleta Gryszyn<\/a><\/td><td class=\"has-text-align-center\" data-align=\"center\">84 611 60 19<\/td><\/tr><tr><td class=\"has-text-align-center\" data-align=\"center\">3<\/td><td>Zast\u0119pca Kierownika Urz\u0119du Stanu Cywilnego<\/td><td><a href=\"mailto:usc@labunie.com.pl\">Adam Soko\u0142owski<\/a><\/td><td class=\"has-text-align-center\" data-align=\"center\">84 611 60 15<\/td><\/tr><tr><td class=\"has-text-align-center\" data-align=\"center\">3<\/td><td>Starszy Inspektor ds. obs\u0142ugi samorz\u0105du gminy i spraw obywatelskich<\/td><td><a href=\"mailto:@a.krupa@labunie.com.pl\">Agnieszka Krupa<\/a><\/td><td class=\"has-text-align-center\" data-align=\"center\">84 611 60 15<\/td><\/tr><tr><td class=\"has-text-align-center\" data-align=\"center\">4<\/td><td>Starszy Inspektor ds. ochrony \u015brodowiska i rolnictwa<\/td><td><a href=\"mailto:kris@labunie.com.pl\">Krzysztof Wi\u015bniewski<\/a><\/td><td class=\"has-text-align-center\" data-align=\"center\">84 611 60 22<\/td><\/tr><tr><td class=\"has-text-align-center\" data-align=\"center\">4<\/td><td>Podinspektor ds. bezpiecze\u0144stwa publicznego<\/td><td><a href=\"mailto:a.zwolan@labunie.com.pl\">Adriana Zwolan<\/a><\/td><td class=\"has-text-align-center\" data-align=\"center\">84 611 60 22<\/td><\/tr><tr><td class=\"has-text-align-center\" data-align=\"center\">4<\/td><td>Podinspektor ds. us\u0142ug komunalnych<\/td><td><a href=\"mailto:i.skura@labunie.com.pl\">Irena Skura-Kusztykiewicz<\/a><\/td><td class=\"has-text-align-center\" data-align=\"center\">84 611 60 22<\/td><\/tr><tr><td class=\"has-text-align-center\" data-align=\"center\">5<\/td><td>Inspektor prawno-administracyjny<\/td><td><a href=\"mailto:d.saran@labunie.com.pl\">Dominika Saran-Kudyba<\/a><\/td><td class=\"has-text-align-center\" data-align=\"center\">84 611 60 23<\/td><\/tr><tr><td class=\"has-text-align-center\" data-align=\"center\">5a<\/td><td>Inspektor ds. inwestycji, budownictwa i gospodarki komunalnej<\/td><td><a href=\"mailto:m.gora@labunie.com.pl\">Marcin G\u00f3ra<\/a><\/td><td class=\"has-text-align-center\" data-align=\"center\">84 611 60 20<\/td><\/tr><tr><td class=\"has-text-align-center\" data-align=\"center\">5a<\/td><td>Podinspektor ds. inwestycji i zam\u00f3wie\u0144 publicznych<\/td><td><a href=\"mailto:s.karwina@labunie.com.pl\">Sylwia Karwina<\/a><\/td><td class=\"has-text-align-center\" data-align=\"center\">84 611 60 20<\/td><\/tr><tr><td class=\"has-text-align-center\" data-align=\"center\">6<\/td><td>Skarbnik Gminy<\/td><td><a href=\"mailto:a.niemczuk@labunie.com.pl\">Agnieszka Niemczuk<\/a><\/td><td class=\"has-text-align-center\" data-align=\"center\">84 611 60 16<\/td><\/tr><tr><td class=\"has-text-align-center\" data-align=\"center\">7<\/td><td>Inspektor ds. bud\u017cetu i p\u0142ac<\/td><td><a href=\"mailto:e.pilat@labunie.com.pl\">Edyta Pi\u0142at<\/a><\/td><td class=\"has-text-align-center\" data-align=\"center\">84 611 60 17<\/td><\/tr><tr><td class=\"has-text-align-center\" data-align=\"center\">7<\/td><td>Inspektor ds. podatku VAT i ksi\u0119gowo\u015bci<\/td><td><a href=\"mailto:e.rycak@labunie.com.pl\">Ewelina Rycak<\/a><\/td><td class=\"has-text-align-center\" data-align=\"center\">84 611 60 17<\/td><\/tr><tr><td class=\"has-text-align-center\" data-align=\"center\">9<\/td><td>Starszy informatyk<\/td><td><a href=\"mailto:m.wolski@labunie.com.pl\">Miros\u0142aw Wolski<\/a><\/td><td class=\"has-text-align-center\" data-align=\"center\">84 611 60 25<\/td><\/tr><tr><td class=\"has-text-align-center\" data-align=\"center\">9<\/td><td>Inspektor ds. ksi\u0119gowo\u015bci podatkowej<\/td><td><a href=\"mailto:j.swistowska@labunie.com.pl\">Jadwiga \u015awistowska<\/a><\/td><td class=\"has-text-align-center\" data-align=\"center\">84 611 60 25<\/td><\/tr><tr><td class=\"has-text-align-center\" data-align=\"center\">10<\/td><td>Starszy Inspektor ds. op\u0142at komunalnych i rozlicze\u0144<\/td><td><a href=\"mailto:b.tymczuk@labunie.com.pl\">Bo\u017cena Juszczak-Tymczuk<\/a><\/td><td class=\"has-text-align-center\" data-align=\"center\">84 611 60 24<\/td><\/tr><tr><td class=\"has-text-align-center\" data-align=\"center\">10<\/td><td>Podinspektor ds. op\u0142at i obs\u0142ugi kasowej<\/td><td><a href=\"mailto:k.kostrubiec@labunie.com.pl\">Katarzyna Kostrubiec<\/a><\/td><td class=\"has-text-align-center\" data-align=\"center\">84 611 60 24<\/td><\/tr><tr><td class=\"has-text-align-center\" data-align=\"center\">11<\/td><td>Podinspektor ds. gospodarki gruntami i mieniem gminy<\/td><td><a href=\"mailto:m.apolska@labunie.com.pl\">Maria Apolska<\/a><\/td><td class=\"has-text-align-center\" data-align=\"center\">84 611 60 21<\/td><\/tr><tr><td class=\"has-text-align-center\" data-align=\"center\"><\/td><td>Konserwator kanalizacji sanitarnej<\/td><td>Roman Dobek<\/td><td class=\"has-text-align-center\" data-align=\"center\"><\/td><\/tr><tr><td class=\"has-text-align-center\" data-align=\"center\"><\/td><td>Konserwator wodoci\u0105gu <\/td><td>Stanis\u0142aw P\u0142aza<\/td><td class=\"has-text-align-center\" data-align=\"center\"><\/td><\/tr><tr><td class=\"has-text-align-center\" data-align=\"center\"><\/td><td>Pracownicy gospodarczy<\/td><td>Adam Pacaj<br>Alicja Wilczy\u0144ska<\/td><td class=\"has-text-align-center\" data-align=\"center\"><\/td><\/tr><tr><td class=\"has-text-align-center\" data-align=\"center\"><\/td><td>Sprz\u0105taczki<\/td><td>Anna Dec<br>Barbara Celi\u0144ska<\/td><td class=\"has-text-align-center\" data-align=\"center\"><\/td><\/tr><tr><td class=\"has-text-align-center\" data-align=\"center\"><\/td><td>Kierowca<\/td><td>Krzysztof Churz\u0119pa<\/td><td class=\"has-text-align-center\" data-align=\"center\"><\/td><\/tr><tr><td class=\"has-text-align-center\" data-align=\"center\"><\/td><td>Kierowca autobusu szkolnego<\/td><td>Krzysztof Przyczyna<\/td><td class=\"has-text-align-center\" data-align=\"center\"><\/td><\/tr><\/tbody><tfoot><tr><td class=\"has-text-align-center\" data-align=\"center\"><\/td><td><\/td><td><\/td><td class=\"has-text-align-center\" data-align=\"center\"><\/td><\/tr><\/tfoot><\/table><\/figure>\n","protected":false},"excerpt":{"rendered":"<p>Nr pokoju Stanowisko Imi\u0119 i nazwisko Kontakt 1 Zast\u0119pca W\u00f3jtaSekretarz Gminy Sebastian Pe\u0142ech 84 611 60 13 1 Inspektor ds. kadrowych i kancelaryjnych Magdalena Mr\u00f3z 84 611 60 11 2 Starszy Inspektor ds. wymiaru podatku i op\u0142at lokalnych Renata Skiba 84 611 60 19 2 Starszy Inspektor ds. podatk\u00f3w i op\u0142at oraz egzekucji Wioleta Gryszyn [&hellip;]<\/p>\n","protected":false},"author":7,"featured_media":0,"parent":371,"menu_order":2,"comment_status":"closed","ping_status":"closed","template":"","meta":{"footnotes":""},"class_list":["post-461","page","type-page","status-publish","hentry","clearfix"],"_links":{"self":[{"href":"https:\/\/labunie.com.pl\/index.php?rest_route=\/wp\/v2\/pages\/461","targetHints":{"allow":["GET"]}}],"collection":[{"href":"https:\/\/labunie.com.pl\/index.php?rest_route=\/wp\/v2\/pages"}],"about":[{"href":"https:\/\/labunie.com.pl\/index.php?rest_route=\/wp\/v2\/types\/page"}],"author":[{"embeddable":true,"href":"https:\/\/labunie.com.pl\/index.php?rest_route=\/wp\/v2\/users\/7"}],"replies":[{"embeddable":true,"href":"https:\/\/labunie.com.pl\/index.php?rest_route=%2Fwp%2Fv2%2Fcomments&post=461"}],"version-history":[{"count":6,"href":"https:\/\/labunie.com.pl\/index.php?rest_route=\/wp\/v2\/pages\/461\/revisions"}],"predecessor-version":[{"id":42711,"href":"https:\/\/labunie.com.pl\/index.php?rest_route=\/wp\/v2\/pages\/461\/revisions\/42711"}],"up":[{"embeddable":true,"href":"https:\/\/labunie.com.pl\/index.php?rest_route=\/wp\/v2\/pages\/371"}],"wp:attachment":[{"href":"https:\/\/labunie.com.pl\/index.php?rest_route=%2Fwp%2Fv2%2Fmedia&parent=461"}],"curies":[{"name":"wp","href":"https:\/\/api.w.org\/{rel}","templated":true}]}}