{"id":469,"date":"2015-01-15T14:14:53","date_gmt":"2015-01-15T13:14:53","guid":{"rendered":"https:\/\/www.labunie.com.pl\/?page_id=469"},"modified":"2015-12-18T08:53:35","modified_gmt":"2015-12-18T07:53:35","slug":"szlaki-komunikacyjne","status":"publish","type":"page","link":"https:\/\/labunie.com.pl\/?page_id=469","title":{"rendered":"Szlaki komunikacyjne"},"content":{"rendered":"<table style=\"border-color: #ffffff; width: 630px;\">\n<tbody>\n<tr style=\"border-color: #000000; background-color: #05518a;\">\n<td style=\"border-color: #000000; text-align: center;\" colspan=\"3\"><span style=\"color: #ffffff;\"><em><strong>Drogi krajowe<\/strong><\/em><\/span><\/td>\n<\/tr>\n<tr style=\"border-color: #000000; background-color: #0c6bb3;\">\n<td style=\"border-color: #000000; text-align: center;\"><span style=\"color: #ffffff;\"><em>Droga<\/em><\/span><\/td>\n<td style=\"border-color: #000000; text-align: center;\"><span style=\"color: #ffffff;\"><em>Nr drogi<\/em><\/span><\/td>\n<td style=\"border-color: #000000; text-align: center;\"><span style=\"color: #ffffff;\"><em>Zarz\u0105dca<\/em><\/span><\/td>\n<\/tr>\n<tr style=\"background-color: #ebebeb;\">\n<td style=\"border-color: #000000;\">Warszawa (Zakr\u0119t) \u2013 Hrebenne<\/td>\n<td style=\"border-color: #000000; text-align: left;\">K-17<\/td>\n<td style=\"border-color: #000000; background-color: #ffffff;\">\n<p style=\"text-align: center;\">Generalna Dyrekcja Dr\u00f3g Krajowych i Autostrad<br \/>\nOddzia\u0142 w Lublinie Rejon Dr\u00f3g Krajowych w Zamo\u015bciu<br \/>\nZamo\u015b\u0107 ul. Szczebrzeska 69<\/p>\n<p style=\"text-align: center;\"><strong>tel.: 84 639 34 15<\/strong><\/p>\n<\/td>\n<\/tr>\n<\/tbody>\n<\/table>\n<p>&nbsp;<\/p>\n<table style=\"height: 332px;\" width=\"630\">\n<tbody>\n<tr style=\"border-color: #000000; background-color: #05518a;\">\n<td style=\"border-color: #000000; text-align: center;\" colspan=\"3\"><span style=\"color: #ffffff;\"><strong>Drogi powiatowe<\/strong><\/span><\/td>\n<\/tr>\n<tr style=\"border-color: #000000; background-color: #0c6bb3;\">\n<td style=\"border-color: #000000; text-align: center;\"><span style=\"color: #ffffff;\"><em>Droga<\/em><\/span><\/td>\n<td style=\"border-color: #000000; text-align: center;\"><span style=\"color: #ffffff;\"><em>Nr drogi<\/em><\/span><\/td>\n<td style=\"border-color: #000000; text-align: center;\"><span style=\"color: #ffffff;\"><em>Zarz\u0105dca<\/em><\/span><\/td>\n<\/tr>\n<tr>\n<td style=\"border-color: #000000; text-align: left;\">\u0141abu\u0144ki Pierwsze &#8211; Sitno<\/td>\n<td style=\"border-color: #000000; text-align: left;\">3246-L<\/td>\n<td style=\"border-color: #000000; text-align: center;\" rowspan=\"9\">Zarz\u0105d Dr\u00f3g Powiatowych w Zamo\u015bciu<br \/>\nZamo\u015b\u0107 ul. Szczebrzeska 69<\/p>\n<p><strong>tel. 84 639 63 32<\/strong><\/td>\n<\/tr>\n<tr style=\"background-color: #ebebeb;\">\n<td style=\"border-color: #000000; text-align: left;\">W\u00f3lka \u0141abu\u0144ska &#8211; Komar\u00f3w &#8211; Przewale<\/td>\n<td style=\"border-color: #000000; text-align: left;\">3268-L<\/td>\n<\/tr>\n<tr>\n<td style=\"border-color: #000000; text-align: left;\">\u0141abu\u0144ki \u2013 Barchacz\u00f3w \u2013 Zubowice<\/td>\n<td style=\"border-color: #000000; text-align: left;\">3270-L<\/td>\n<\/tr>\n<tr style=\"background-color: #ebebeb;\">\n<td style=\"border-color: #000000;\">\u0141abunie &#8211; Cze\u015bniki<\/td>\n<td style=\"border-color: #000000; text-align: left;\">3269-L<\/td>\n<\/tr>\n<tr>\n<td style=\"border-color: #000000; text-align: left;\">\u0141abunie \u2013 Wierzbie &#8211; Pni\u00f3wek<\/td>\n<td style=\"border-color: #000000; text-align: left;\">3257-L<\/td>\n<\/tr>\n<tr style=\"background-color: #ebebeb;\">\n<td style=\"border-color: #000000;\">\u0141abunie \u2013 Lipsko<\/td>\n<td style=\"border-color: #000000; text-align: left;\">3256-L<\/td>\n<\/tr>\n<tr>\n<td style=\"border-color: #000000; text-align: left;\">\u0141abunie-Reforma &#8211; Majdan Ruszowski &#8211; Rachodoszcze<\/td>\n<td style=\"border-color: #000000; text-align: left;\">3258-L<\/td>\n<\/tr>\n<tr style=\"background-color: #ebebeb;\">\n<td style=\"border-color: #000000;\">Majdan Ruszowski &#8211; Suchowola<\/td>\n<td style=\"border-color: #000000; text-align: left;\">3259-L<\/td>\n<\/tr>\n<tr>\n<td style=\"border-color: #000000; text-align: left;\">Bo\u017cawola \u2013 Majdan Krynicki<\/td>\n<td style=\"border-color: #000000; text-align: left;\">3265-L<\/td>\n<\/tr>\n<\/tbody>\n<\/table>\n<p>&nbsp;<br \/>\n<em>Pozosta\u0142e drogi s\u0105 drogami gminnymi i drogami powszechnego korzystania (niepubliczne).<br \/>\n<\/em><br \/>\n<a href=\"https:\/\/www.labunie.com.pl\/wp-content\/uploads\/2015\/01\/drogi_d.jpg\" data-rel=\"lightbox-gallery-kzGHEY7m\" data-rl_title=\"\" data-rl_caption=\"\" title=\"\"><img loading=\"lazy\" decoding=\"async\" class=\"aligncenter wp-image-2475\" src=\"https:\/\/www.labunie.com.pl\/wp-content\/uploads\/2015\/01\/drogi_d.jpg\" alt=\"drogi_d\" width=\"630\" height=\"630\" srcset=\"https:\/\/labunie.com.pl\/wp-content\/uploads\/2015\/01\/drogi_d.jpg 1000w, https:\/\/labunie.com.pl\/wp-content\/uploads\/2015\/01\/drogi_d-150x150.jpg 150w, https:\/\/labunie.com.pl\/wp-content\/uploads\/2015\/01\/drogi_d-300x300.jpg 300w\" sizes=\"auto, (max-width: 630px) 100vw, 630px\" \/><\/a><\/p>\n<p>&nbsp;<\/p>\n","protected":false},"excerpt":{"rendered":"<p>Drogi krajowe Droga Nr drogi Zarz\u0105dca Warszawa (Zakr\u0119t) \u2013 Hrebenne K-17 Generalna Dyrekcja Dr\u00f3g Krajowych i Autostrad Oddzia\u0142 w Lublinie Rejon Dr\u00f3g Krajowych w Zamo\u015bciu Zamo\u015b\u0107 ul. Szczebrzeska 69 tel.: 84 639 34 15 &nbsp; Drogi powiatowe Droga Nr drogi Zarz\u0105dca \u0141abu\u0144ki Pierwsze &#8211; Sitno 3246-L Zarz\u0105d Dr\u00f3g Powiatowych w Zamo\u015bciu Zamo\u015b\u0107 ul. Szczebrzeska 69 [&hellip;]<\/p>\n","protected":false},"author":7,"featured_media":0,"parent":374,"menu_order":4,"comment_status":"closed","ping_status":"closed","template":"","meta":{"footnotes":""},"class_list":["post-469","page","type-page","status-publish","hentry","clearfix"],"_links":{"self":[{"href":"https:\/\/labunie.com.pl\/index.php?rest_route=\/wp\/v2\/pages\/469","targetHints":{"allow":["GET"]}}],"collection":[{"href":"https:\/\/labunie.com.pl\/index.php?rest_route=\/wp\/v2\/pages"}],"about":[{"href":"https:\/\/labunie.com.pl\/index.php?rest_route=\/wp\/v2\/types\/page"}],"author":[{"embeddable":true,"href":"https:\/\/labunie.com.pl\/index.php?rest_route=\/wp\/v2\/users\/7"}],"replies":[{"embeddable":true,"href":"https:\/\/labunie.com.pl\/index.php?rest_route=%2Fwp%2Fv2%2Fcomments&post=469"}],"version-history":[{"count":5,"href":"https:\/\/labunie.com.pl\/index.php?rest_route=\/wp\/v2\/pages\/469\/revisions"}],"predecessor-version":[{"id":2487,"href":"https:\/\/labunie.com.pl\/index.php?rest_route=\/wp\/v2\/pages\/469\/revisions\/2487"}],"up":[{"embeddable":true,"href":"https:\/\/labunie.com.pl\/index.php?rest_route=\/wp\/v2\/pages\/374"}],"wp:attachment":[{"href":"https:\/\/labunie.com.pl\/index.php?rest_route=%2Fwp%2Fv2%2Fmedia&parent=469"}],"curies":[{"name":"wp","href":"https:\/\/api.w.org\/{rel}","templated":true}]}}