{"id":565,"date":"2015-01-15T14:45:51","date_gmt":"2015-01-15T13:45:51","guid":{"rendered":"https:\/\/www.labunie.com.pl\/?page_id=565"},"modified":"2025-02-04T12:12:45","modified_gmt":"2025-02-04T11:12:45","slug":"barchaczow","status":"publish","type":"page","link":"https:\/\/labunie.com.pl\/?page_id=565","title":{"rendered":"Barchacz\u00f3w"},"content":{"rendered":"<p>Barchacz\u00f3w po\u0142o\u017cony jest w p\u00f3\u0142nocnej cz\u0119\u015bci gminy \u0141abunie, w obr\u0119bie Pado\u0142u Zamojskiego.<\/p>\n<p>Pierwsza wzmianka o tej miejscowo\u015bci pochodzi z 1507 roku.<\/p>\n<p>Podczas Kampanii wrze\u015bniowej 13 wrze\u015bnia stacjonowa\u0142a we wsi wi\u0119kszo\u015bci sztabu armii \u201eKrak\u00f3w\u201d gen. Szylinga, natomiast 21 wrze\u015bnia w pobli\u017cu wsi toczy\u0142y si\u0119 zaci\u0119te walki 8 pp Legion\u00f3w z oddzia\u0142ami niemieckimi. W 1939 roku wie\u015b zosta\u0142a spalona. 25 pa\u017adziernika 1942 r gestapo rozstrzela\u0142o we wsi 7 os\u00f3b.<\/p>\n<p>Najciekawsze zabytki tej miejscowo\u015bci to:<\/p>\n<ul>\n<li>Szko\u0142a drewniana z 2 po\u0142owy XIX wieku,<\/li>\n<li>Kaplica murowana z 1905 roku,<\/li>\n<\/ul>\n<table class=\" aligncenter\" style=\"width: 374px; border-color: #000000; height: 30px;\">\n<tbody>\n<tr style=\"height: 50px; background-color: #005799;\">\n<td style=\"width: 10px; height: 53px; text-align: center;\" colspan=\"9\"><span style=\"color: #ffffff;\"><em><strong>Dane so\u0142ectwa<\/strong><\/em><\/span><\/td>\n<\/tr>\n<tr style=\"height: 4px;\">\n<td style=\"width: 10px; height: 4px;\">\u00a0<\/td>\n<td style=\"width: 307px; height: 4px;\" colspan=\"6\">\u00a0<\/td>\n<td style=\"width: 74px; height: 4px;\">\u00a0<\/td>\n<td style=\"width: 11px; height: 4px;\">\u00a0<\/td>\n<\/tr>\n<tr style=\"height: 53px; background-color: #33c2ff;\">\n<td style=\"width: 10px; height: 53px;\">\u00a0<\/td>\n<td style=\"width: 307px; height: 53px;\" colspan=\"6\"><strong>Powierzchnia<br \/><\/strong><\/td>\n<td style=\"width: 74px; height: 53px; text-align: right;\"><strong>690 ha<\/strong><\/td>\n<td style=\"width: 11px; height: 53px;\">\u00a0<\/td>\n<\/tr>\n<tr style=\"height: 4px;\">\n<td style=\"width: 317px; height: 4px;\" colspan=\"7\">\u00a0<\/td>\n<td style=\"width: 74px; height: 4px;\">\u00a0<\/td>\n<td style=\"width: 11px; height: 4px;\">\u00a0<\/td>\n<\/tr>\n<tr style=\"height: 24px; background-color: #91d5ff;\">\n<td style=\"width: 10px; height: 24px;\">\u00a0<\/td>\n<td style=\"width: 307px; height: 24px;\" colspan=\"6\"><strong>Liczba mieszka\u0144c\u00f3w<br \/><\/strong><\/td>\n<td style=\"width: 74px; height: 24px;\">\u00a0<\/td>\n<td style=\"width: 11px; height: 24px;\">\u00a0<\/td>\n<\/tr>\n<tr style=\"height: 24px; background-color: #91d5ff;\">\n<td style=\"width: 10px; height: 24px;\">\u00a0<\/td>\n<td style=\"width: 40px; height: 24px;\" colspan=\"4\">\u00a0<\/td>\n<td style=\"width: 267px; height: 24px;\" colspan=\"2\">kobiety<\/td>\n<td style=\"width: 74px; height: 24px; text-align: right;\">208<\/td>\n<td style=\"width: 11px; height: 24px; text-align: right;\">\u00a0<\/td>\n<\/tr>\n<tr style=\"height: 24px; background-color: #91d5ff;\">\n<td style=\"width: 10px; height: 24px;\">\u00a0<\/td>\n<td style=\"width: 40px; height: 24px;\" colspan=\"4\">\u00a0<\/td>\n<td style=\"width: 267px; height: 24px;\" colspan=\"2\">m\u0119\u017cczy\u017ani<\/td>\n<td style=\"width: 74px; height: 24px; text-align: right;\">199<\/td>\n<td style=\"width: 11px; height: 24px; text-align: right;\">\u00a0<\/td>\n<\/tr>\n<tr style=\"height: 24px; background-color: #91d5ff;\">\n<td style=\"width: 10px; height: 24px;\">\u00a0<\/td>\n<td style=\"width: 307px; height: 24px;\" colspan=\"6\"><strong>razem<\/strong><\/td>\n<td style=\"width: 74px; height: 24px; text-align: right;\"><strong>407<\/strong><\/td>\n<td style=\"width: 11px; height: 24px; text-align: right;\">\u00a0<\/td>\n<\/tr>\n<tr style=\"height: 24px;\">\n<td style=\"width: 402px; height: 24px; text-align: right;\" colspan=\"9\"><em><span style=\"font-size: 8pt;\">(dane wg stanu na dzie\u0144 31 grudnia 2024 r.)<\/span><\/em><\/td>\n<\/tr>\n<\/tbody>\n<\/table>\n\n\n<p><\/p>\n","protected":false},"excerpt":{"rendered":"<p>Barchacz\u00f3w po\u0142o\u017cony jest w p\u00f3\u0142nocnej cz\u0119\u015bci gminy \u0141abunie, w obr\u0119bie Pado\u0142u Zamojskiego. Pierwsza wzmianka o tej miejscowo\u015bci pochodzi z 1507 roku. Podczas Kampanii wrze\u015bniowej 13 wrze\u015bnia stacjonowa\u0142a we wsi wi\u0119kszo\u015bci sztabu armii \u201eKrak\u00f3w\u201d gen. Szylinga, natomiast 21 wrze\u015bnia w pobli\u017cu wsi toczy\u0142y si\u0119 zaci\u0119te walki 8 pp Legion\u00f3w z oddzia\u0142ami niemieckimi. W 1939 roku wie\u015b [&hellip;]<\/p>\n","protected":false},"author":7,"featured_media":0,"parent":449,"menu_order":0,"comment_status":"closed","ping_status":"closed","template":"","meta":{"footnotes":""},"class_list":["post-565","page","type-page","status-publish","hentry","clearfix"],"_links":{"self":[{"href":"https:\/\/labunie.com.pl\/index.php?rest_route=\/wp\/v2\/pages\/565","targetHints":{"allow":["GET"]}}],"collection":[{"href":"https:\/\/labunie.com.pl\/index.php?rest_route=\/wp\/v2\/pages"}],"about":[{"href":"https:\/\/labunie.com.pl\/index.php?rest_route=\/wp\/v2\/types\/page"}],"author":[{"embeddable":true,"href":"https:\/\/labunie.com.pl\/index.php?rest_route=\/wp\/v2\/users\/7"}],"replies":[{"embeddable":true,"href":"https:\/\/labunie.com.pl\/index.php?rest_route=%2Fwp%2Fv2%2Fcomments&post=565"}],"version-history":[{"count":5,"href":"https:\/\/labunie.com.pl\/index.php?rest_route=\/wp\/v2\/pages\/565\/revisions"}],"predecessor-version":[{"id":39425,"href":"https:\/\/labunie.com.pl\/index.php?rest_route=\/wp\/v2\/pages\/565\/revisions\/39425"}],"up":[{"embeddable":true,"href":"https:\/\/labunie.com.pl\/index.php?rest_route=\/wp\/v2\/pages\/449"}],"wp:attachment":[{"href":"https:\/\/labunie.com.pl\/index.php?rest_route=%2Fwp%2Fv2%2Fmedia&parent=565"}],"curies":[{"name":"wp","href":"https:\/\/api.w.org\/{rel}","templated":true}]}}