{"id":566,"date":"2015-01-15T14:45:51","date_gmt":"2015-01-15T13:45:51","guid":{"rendered":"https:\/\/www.labunie.com.pl\/?page_id=566"},"modified":"2025-02-04T12:13:11","modified_gmt":"2025-02-04T11:13:11","slug":"brodek","status":"publish","type":"page","link":"https:\/\/labunie.com.pl\/?page_id=566","title":{"rendered":"Br\u00f3dek"},"content":{"rendered":"<p>Wie\u015b po\u0142o\u017cona w p\u00f3\u0142nocnej cz\u0119\u015bci gminy \u0141abunie w obr\u0119bie Pado\u0142u Zamojskiego.<\/p>\n<p>Wie\u015b o stosunkowo m\u0142odej metryce; jej pocz\u0105tki si\u0119gaj\u0105 I po\u0142owy XIX wieku. Teren ten r\u00f3wnie\u017c by\u0142 do\u015bwiadczany przez niemieckiego zaborc\u0119. 12 grudnia 1943 r. gestapo rozstrzela\u0142o 3 mieszka\u0144c\u00f3w. Na terenie Br\u00f3dka znajduje si\u0119 pomnik po\u015bwi\u0119cony mieszka\u0144com, kt\u00f3rzy zgin\u0119li w czasie II wojny \u015bwiatowej.\u00a0<\/p>\n<table class=\" aligncenter\" style=\"width: 374px; border-color: #000000; height: 30px;\">\n<tbody>\n<tr style=\"height: 50px; background-color: #005799;\">\n<td style=\"width: 10px; height: 53px; text-align: center;\" colspan=\"9\"><span style=\"color: #ffffff;\"><em><strong>Dane so\u0142ectwa<\/strong><\/em><\/span><\/td>\n<\/tr>\n<tr style=\"height: 4px;\">\n<td style=\"width: 10px; height: 4px;\">\u00a0<\/td>\n<td style=\"width: 307px; height: 4px;\" colspan=\"6\">\u00a0<\/td>\n<td style=\"width: 74px; height: 4px;\">\u00a0<\/td>\n<td style=\"width: 11px; height: 4px;\">\u00a0<\/td>\n<\/tr>\n<tr style=\"height: 53px; background-color: #33c2ff;\">\n<td style=\"width: 10px; height: 53px;\">\u00a0<\/td>\n<td style=\"width: 307px; height: 53px;\" colspan=\"6\"><strong>Powierzchnia<br \/><\/strong><\/td>\n<td style=\"width: 74px; height: 53px; text-align: right;\"><strong>269 ha<\/strong><\/td>\n<td style=\"width: 11px; height: 53px;\">\u00a0<\/td>\n<\/tr>\n<tr style=\"height: 4px;\">\n<td style=\"width: 317px; height: 4px;\" colspan=\"7\">\u00a0<\/td>\n<td style=\"width: 74px; height: 4px;\">\u00a0<\/td>\n<td style=\"width: 11px; height: 4px;\">\u00a0<\/td>\n<\/tr>\n<tr style=\"height: 24px; background-color: #91d5ff;\">\n<td style=\"width: 10px; height: 24px;\">\u00a0<\/td>\n<td style=\"width: 307px; height: 24px;\" colspan=\"6\"><strong>Liczba mieszka\u0144c\u00f3w<br \/><\/strong><\/td>\n<td style=\"width: 74px; height: 24px;\">\u00a0<\/td>\n<td style=\"width: 11px; height: 24px;\">\u00a0<\/td>\n<\/tr>\n<tr style=\"height: 24px; background-color: #91d5ff;\">\n<td style=\"width: 10px; height: 24px;\">\u00a0<\/td>\n<td style=\"width: 40px; height: 24px;\" colspan=\"4\">\u00a0<\/td>\n<td style=\"width: 267px; height: 24px;\" colspan=\"2\">kobiety<\/td>\n<td style=\"width: 74px; height: 24px; text-align: right;\">116<\/td>\n<td style=\"width: 11px; height: 24px; text-align: right;\">\u00a0<\/td>\n<\/tr>\n<tr style=\"height: 24px; background-color: #91d5ff;\">\n<td style=\"width: 10px; height: 24px;\">\u00a0<\/td>\n<td style=\"width: 40px; height: 24px;\" colspan=\"4\">\u00a0<\/td>\n<td style=\"width: 267px; height: 24px;\" colspan=\"2\">m\u0119\u017cczy\u017ani<\/td>\n<td style=\"width: 74px; height: 24px; text-align: right;\">121<\/td>\n<td style=\"width: 11px; height: 24px; text-align: right;\">\u00a0<\/td>\n<\/tr>\n<tr style=\"height: 24px; background-color: #91d5ff;\">\n<td style=\"width: 10px; height: 24px;\">\u00a0<\/td>\n<td style=\"width: 307px; height: 24px;\" colspan=\"6\"><strong>razem<\/strong><\/td>\n<td style=\"width: 74px; height: 24px; text-align: right;\"><strong>237<\/strong><\/td>\n<td style=\"width: 11px; height: 24px; text-align: right;\">\u00a0<\/td>\n<\/tr>\n<tr style=\"height: 24px;\">\n<td style=\"width: 402px; height: 24px; text-align: right;\" colspan=\"9\"><em><span style=\"font-size: 8pt;\">(dane wg stanu na dzie\u0144 31 grudnia 2024 r.)<\/span><\/em><\/td>\n<\/tr>\n<\/tbody>\n<\/table>\n\n\n<p><\/p>\n","protected":false},"excerpt":{"rendered":"<p>Wie\u015b po\u0142o\u017cona w p\u00f3\u0142nocnej cz\u0119\u015bci gminy \u0141abunie w obr\u0119bie Pado\u0142u Zamojskiego. Wie\u015b o stosunkowo m\u0142odej metryce; jej pocz\u0105tki si\u0119gaj\u0105 I po\u0142owy XIX wieku. Teren ten r\u00f3wnie\u017c by\u0142 do\u015bwiadczany przez niemieckiego zaborc\u0119. 12 grudnia 1943 r. gestapo rozstrzela\u0142o 3 mieszka\u0144c\u00f3w. Na terenie Br\u00f3dka znajduje si\u0119 pomnik po\u015bwi\u0119cony mieszka\u0144com, kt\u00f3rzy zgin\u0119li w czasie II wojny \u015bwiatowej.\u00a0 Dane [&hellip;]<\/p>\n","protected":false},"author":7,"featured_media":0,"parent":449,"menu_order":1,"comment_status":"closed","ping_status":"closed","template":"","meta":{"footnotes":""},"class_list":["post-566","page","type-page","status-publish","hentry","clearfix"],"_links":{"self":[{"href":"https:\/\/labunie.com.pl\/index.php?rest_route=\/wp\/v2\/pages\/566","targetHints":{"allow":["GET"]}}],"collection":[{"href":"https:\/\/labunie.com.pl\/index.php?rest_route=\/wp\/v2\/pages"}],"about":[{"href":"https:\/\/labunie.com.pl\/index.php?rest_route=\/wp\/v2\/types\/page"}],"author":[{"embeddable":true,"href":"https:\/\/labunie.com.pl\/index.php?rest_route=\/wp\/v2\/users\/7"}],"replies":[{"embeddable":true,"href":"https:\/\/labunie.com.pl\/index.php?rest_route=%2Fwp%2Fv2%2Fcomments&post=566"}],"version-history":[{"count":5,"href":"https:\/\/labunie.com.pl\/index.php?rest_route=\/wp\/v2\/pages\/566\/revisions"}],"predecessor-version":[{"id":39426,"href":"https:\/\/labunie.com.pl\/index.php?rest_route=\/wp\/v2\/pages\/566\/revisions\/39426"}],"up":[{"embeddable":true,"href":"https:\/\/labunie.com.pl\/index.php?rest_route=\/wp\/v2\/pages\/449"}],"wp:attachment":[{"href":"https:\/\/labunie.com.pl\/index.php?rest_route=%2Fwp%2Fv2%2Fmedia&parent=566"}],"curies":[{"name":"wp","href":"https:\/\/api.w.org\/{rel}","templated":true}]}}