{"id":569,"date":"2015-01-15T14:45:51","date_gmt":"2015-01-15T13:45:51","guid":{"rendered":"https:\/\/www.labunie.com.pl\/?page_id=569"},"modified":"2025-02-04T12:14:49","modified_gmt":"2025-02-04T11:14:49","slug":"labunki-drugie","status":"publish","type":"page","link":"https:\/\/labunie.com.pl\/?page_id=569","title":{"rendered":"\u0141abunie-Reforma"},"content":{"rendered":"<p>Wie\u015b po\u0142o\u017cona w jednym z jar\u00f3w Grz\u0119dy Sokalskiej.<\/p>\n<p align=\"justify\">Powsta\u0142a po II wojnie \u015bwiatowej z parcelacji maj\u0105tku \u0142abu\u0144skiego. Wie\u015b po\u0142o\u017cona przy g\u0142\u00f3wnej trasie Zamo\u015b\u0107 \u2013 Tomasz\u00f3w Lubelski. Miejscowo\u015b\u0107 ta posiada dwie g\u0142\u00f3wne drogi: w lewo od Zamo\u015bcia gdzie znajduj\u0119 si\u0119 Le\u015bnicz\u00f3wka, oraz drugi zjazd &#8211; w prawo gdzie s\u0105 g\u0142\u00f3wne zabudowania u\u0142o\u017cone po obu stronach drogi. Na ko\u0144cu wsi mo\u017cna wypocz\u0105\u0107 na parkingu le\u015bnym \u201ecement\u00f3wka\u201d gdzie s\u0105 przygotowane miejsca np. na ognisko.<\/p>\n<p>\u00a0<\/p>\n<table class=\" aligncenter\" style=\"width: 374px; border-color: #000000; height: 30px;\">\n<tbody>\n<tr style=\"height: 50px; background-color: #005799;\">\n<td style=\"width: 10px; height: 53px; text-align: center;\" colspan=\"9\"><span style=\"color: #ffffff;\"><em><strong>Dane so\u0142ectwa<\/strong><\/em><\/span><\/td>\n<\/tr>\n<tr style=\"height: 4px;\">\n<td style=\"width: 10px; height: 4px;\">\u00a0<\/td>\n<td style=\"width: 307px; height: 4px;\" colspan=\"6\">\u00a0<\/td>\n<td style=\"width: 74px; height: 4px;\">\u00a0<\/td>\n<td style=\"width: 11px; height: 4px;\">\u00a0<\/td>\n<\/tr>\n<tr style=\"height: 53px; background-color: #33c2ff;\">\n<td style=\"width: 10px; height: 53px;\">\u00a0<\/td>\n<td style=\"width: 307px; height: 53px;\" colspan=\"6\"><strong>Powierzchnia<br \/><\/strong><\/td>\n<td style=\"width: 74px; height: 53px; text-align: right;\"><strong>917 ha<\/strong><\/td>\n<td style=\"width: 11px; height: 53px;\">\u00a0<\/td>\n<\/tr>\n<tr style=\"height: 4px;\">\n<td style=\"width: 317px; height: 4px;\" colspan=\"7\">\u00a0<\/td>\n<td style=\"width: 74px; height: 4px;\">\u00a0<\/td>\n<td style=\"width: 11px; height: 4px;\">\u00a0<\/td>\n<\/tr>\n<tr style=\"height: 24px; background-color: #91d5ff;\">\n<td style=\"width: 10px; height: 24px;\">\u00a0<\/td>\n<td style=\"width: 307px; height: 24px;\" colspan=\"6\"><strong>Liczba mieszka\u0144c\u00f3w<br \/><\/strong><\/td>\n<td style=\"width: 74px; height: 24px;\">\u00a0<\/td>\n<td style=\"width: 11px; height: 24px;\">\u00a0<\/td>\n<\/tr>\n<tr style=\"height: 24px; background-color: #91d5ff;\">\n<td style=\"width: 10px; height: 24px;\">\u00a0<\/td>\n<td style=\"width: 40px; height: 24px;\" colspan=\"4\">\u00a0<\/td>\n<td style=\"width: 267px; height: 24px;\" colspan=\"2\">kobiety<\/td>\n<td style=\"width: 74px; height: 24px; text-align: right;\">128<\/td>\n<td style=\"width: 11px; height: 24px; text-align: right;\">\u00a0<\/td>\n<\/tr>\n<tr style=\"height: 24px; background-color: #91d5ff;\">\n<td style=\"width: 10px; height: 24px;\">\u00a0<\/td>\n<td style=\"width: 40px; height: 24px;\" colspan=\"4\">\u00a0<\/td>\n<td style=\"width: 267px; height: 24px;\" colspan=\"2\">m\u0119\u017cczy\u017ani<\/td>\n<td style=\"width: 74px; height: 24px; text-align: right;\">117<\/td>\n<td style=\"width: 11px; height: 24px; text-align: right;\">\u00a0<\/td>\n<\/tr>\n<tr style=\"height: 24px; background-color: #91d5ff;\">\n<td style=\"width: 10px; height: 24px;\">\u00a0<\/td>\n<td style=\"width: 307px; height: 24px;\" colspan=\"6\"><strong>razem<\/strong><\/td>\n<td style=\"width: 74px; height: 24px; text-align: right;\"><strong>245<\/strong><\/td>\n<td style=\"width: 11px; height: 24px; text-align: right;\">\u00a0<\/td>\n<\/tr>\n<tr style=\"height: 24px;\">\n<td style=\"width: 402px; height: 24px; text-align: right;\" colspan=\"9\"><em><span style=\"font-size: 8pt;\">(dane wg stanu na dzie\u0144 31 grudnia 2024 r.)<\/span><\/em>\n<p>\u00a0<\/p>\n<p>\u00a0<\/p>\n<\/td>\n<\/tr>\n<\/tbody>\n<\/table>\n\n\n<p><\/p>\n","protected":false},"excerpt":{"rendered":"<p>Wie\u015b po\u0142o\u017cona w jednym z jar\u00f3w Grz\u0119dy Sokalskiej. Powsta\u0142a po II wojnie \u015bwiatowej z parcelacji maj\u0105tku \u0142abu\u0144skiego. Wie\u015b po\u0142o\u017cona przy g\u0142\u00f3wnej trasie Zamo\u015b\u0107 \u2013 Tomasz\u00f3w Lubelski. Miejscowo\u015b\u0107 ta posiada dwie g\u0142\u00f3wne drogi: w lewo od Zamo\u015bcia gdzie znajduj\u0119 si\u0119 Le\u015bnicz\u00f3wka, oraz drugi zjazd &#8211; w prawo gdzie s\u0105 g\u0142\u00f3wne zabudowania u\u0142o\u017cone po obu stronach drogi. [&hellip;]<\/p>\n","protected":false},"author":7,"featured_media":0,"parent":449,"menu_order":4,"comment_status":"closed","ping_status":"closed","template":"","meta":{"footnotes":""},"class_list":["post-569","page","type-page","status-publish","hentry","clearfix"],"_links":{"self":[{"href":"https:\/\/labunie.com.pl\/index.php?rest_route=\/wp\/v2\/pages\/569","targetHints":{"allow":["GET"]}}],"collection":[{"href":"https:\/\/labunie.com.pl\/index.php?rest_route=\/wp\/v2\/pages"}],"about":[{"href":"https:\/\/labunie.com.pl\/index.php?rest_route=\/wp\/v2\/types\/page"}],"author":[{"embeddable":true,"href":"https:\/\/labunie.com.pl\/index.php?rest_route=\/wp\/v2\/users\/7"}],"replies":[{"embeddable":true,"href":"https:\/\/labunie.com.pl\/index.php?rest_route=%2Fwp%2Fv2%2Fcomments&post=569"}],"version-history":[{"count":5,"href":"https:\/\/labunie.com.pl\/index.php?rest_route=\/wp\/v2\/pages\/569\/revisions"}],"predecessor-version":[{"id":39429,"href":"https:\/\/labunie.com.pl\/index.php?rest_route=\/wp\/v2\/pages\/569\/revisions\/39429"}],"up":[{"embeddable":true,"href":"https:\/\/labunie.com.pl\/index.php?rest_route=\/wp\/v2\/pages\/449"}],"wp:attachment":[{"href":"https:\/\/labunie.com.pl\/index.php?rest_route=%2Fwp%2Fv2%2Fmedia&parent=569"}],"curies":[{"name":"wp","href":"https:\/\/api.w.org\/{rel}","templated":true}]}}