{"id":573,"date":"2015-01-15T14:45:52","date_gmt":"2015-01-15T13:45:52","guid":{"rendered":"https:\/\/www.labunie.com.pl\/?page_id=573"},"modified":"2025-02-04T12:16:30","modified_gmt":"2025-02-04T11:16:30","slug":"majdan-ruszowski","status":"publish","type":"page","link":"https:\/\/labunie.com.pl\/?page_id=573","title":{"rendered":"Majdan Ruszowski"},"content":{"rendered":"<p align=\"justify\">Majdan Ruszowski po\u0142o\u017cony jest\u00a0 na po\u0142udniowym skraju Gminy \u0141abunie, w obr\u0119bie Roztocza. Jest najbardziej malowniczo po\u0142o\u017cona wsi\u0105 gminy.<\/p>\n<p align=\"justify\">Miejscowo\u015b\u0107 ta powsta\u0142a w po\u0142owie XVIII wieku. Zabudowania stoj\u0105 po obu stronach drogi biegn\u0105cej szczytem pag\u00f3ru roztocza\u0144skiego. W \u015brodku wsi stoi\u00a0 niedzia\u0142aj\u0105ca obecnie szko\u0142a podstawowa, obok drewniana, pi\u0119knie zdobiona kaplica pe\u0142ni\u0105ca role ko\u015bcio\u0142a. 22 marca 1943 roku partyzanci polscy z oddzia\u0142em Edwarda Lachawca\u00a0 ps. \u201eKonrad\u201d dokonali udanego ataku na oddzia\u0142 \u017candarm\u00f3w konwojuj\u0105cych aresztowanego mieszka\u0144ca Rachodoszczy.<\/p>\n<p align=\"justify\">Majdan Ruszowski posiada w\u0142asn\u0105 stron\u0119 internetow\u0105. Dost\u0119pna jest ona pod adresem:<\/p>\n<p style=\"text-align: center;\"><span style=\"color: #000080; font-size: 14pt;\"><strong><a style=\"color: #000080;\" href=\"http:\/\/majdan-ruszowski.pl.tl\/\" target=\"_blank\" rel=\"noopener noreferrer\">majdan-ruszowski.pl.tl<\/a><\/strong><\/span><\/p>\n<p>\u00a0<\/p>\n<table class=\" aligncenter\" style=\"width: 374px; border-color: #000000; height: 30px;\">\n<tbody>\n<tr style=\"height: 50px; background-color: #005799;\">\n<td style=\"width: 10px; height: 53px; text-align: center;\" colspan=\"9\"><span style=\"color: #ffffff;\"><em><strong>Dane so\u0142ectwa<\/strong><\/em><\/span><\/td>\n<\/tr>\n<tr style=\"height: 4px;\">\n<td style=\"width: 10px; height: 4px;\">\u00a0<\/td>\n<td style=\"width: 307px; height: 4px;\" colspan=\"6\">\u00a0<\/td>\n<td style=\"width: 74px; height: 4px;\">\u00a0<\/td>\n<td style=\"width: 11px; height: 4px;\">\u00a0<\/td>\n<\/tr>\n<tr style=\"height: 53px; background-color: #33c2ff;\">\n<td style=\"width: 10px; height: 53px;\">\u00a0<\/td>\n<td style=\"width: 307px; height: 53px;\" colspan=\"6\"><strong>Powierzchnia<br \/><\/strong><\/td>\n<td style=\"width: 74px; height: 53px; text-align: right;\"><strong>446 ha<\/strong><\/td>\n<td style=\"width: 11px; height: 53px;\">\u00a0<\/td>\n<\/tr>\n<tr style=\"height: 4px;\">\n<td style=\"width: 317px; height: 4px;\" colspan=\"7\">\u00a0<\/td>\n<td style=\"width: 74px; height: 4px;\">\u00a0<\/td>\n<td style=\"width: 11px; height: 4px;\">\u00a0<\/td>\n<\/tr>\n<tr style=\"height: 24px; background-color: #91d5ff;\">\n<td style=\"width: 10px; height: 24px;\">\u00a0<\/td>\n<td style=\"width: 307px; height: 24px;\" colspan=\"6\"><strong>Liczba mieszka\u0144c\u00f3w<br \/><\/strong><\/td>\n<td style=\"width: 74px; height: 24px;\">\u00a0<\/td>\n<td style=\"width: 11px; height: 24px;\">\u00a0<\/td>\n<\/tr>\n<tr style=\"height: 24px; background-color: #91d5ff;\">\n<td style=\"width: 10px; height: 24px;\">\u00a0<\/td>\n<td style=\"width: 40px; height: 24px;\" colspan=\"4\">\u00a0<\/td>\n<td style=\"width: 267px; height: 24px;\" colspan=\"2\">kobiety<\/td>\n<td style=\"width: 74px; height: 24px; text-align: right;\">117<\/td>\n<td style=\"width: 11px; height: 24px; text-align: right;\">\u00a0<\/td>\n<\/tr>\n<tr style=\"height: 24px; background-color: #91d5ff;\">\n<td style=\"width: 10px; height: 24px;\">\u00a0<\/td>\n<td style=\"width: 40px; height: 24px;\" colspan=\"4\">\u00a0<\/td>\n<td style=\"width: 267px; height: 24px;\" colspan=\"2\">m\u0119\u017cczy\u017ani<\/td>\n<td style=\"width: 74px; height: 24px; text-align: right;\">135<\/td>\n<td style=\"width: 11px; height: 24px; text-align: right;\">\u00a0<\/td>\n<\/tr>\n<tr style=\"height: 24px; background-color: #91d5ff;\">\n<td style=\"width: 10px; height: 24px;\">\u00a0<\/td>\n<td style=\"width: 307px; height: 24px;\" colspan=\"6\"><strong>razem<\/strong><\/td>\n<td style=\"width: 74px; height: 24px; text-align: right;\"><strong>252<\/strong><\/td>\n<td style=\"width: 11px; height: 24px; text-align: right;\">\u00a0<\/td>\n<\/tr>\n<tr style=\"height: 24px;\">\n<td style=\"width: 402px; height: 24px; text-align: right;\" colspan=\"9\"><em><span style=\"font-size: 8pt;\">(dane wg stanu na dzie\u0144 31 grudnia 2024 r.)<\/span><\/em>\n<p>\u00a0<\/p>\n<p>\u00a0<\/p>\n<\/td>\n<\/tr>\n<\/tbody>\n<\/table>\n\n\n<p><\/p>\n","protected":false},"excerpt":{"rendered":"<p>Majdan Ruszowski po\u0142o\u017cony jest\u00a0 na po\u0142udniowym skraju Gminy \u0141abunie, w obr\u0119bie Roztocza. Jest najbardziej malowniczo po\u0142o\u017cona wsi\u0105 gminy. Miejscowo\u015b\u0107 ta powsta\u0142a w po\u0142owie XVIII wieku. Zabudowania stoj\u0105 po obu stronach drogi biegn\u0105cej szczytem pag\u00f3ru roztocza\u0144skiego. W \u015brodku wsi stoi\u00a0 niedzia\u0142aj\u0105ca obecnie szko\u0142a podstawowa, obok drewniana, pi\u0119knie zdobiona kaplica pe\u0142ni\u0105ca role ko\u015bcio\u0142a. 22 marca 1943 roku [&hellip;]<\/p>\n","protected":false},"author":7,"featured_media":0,"parent":449,"menu_order":7,"comment_status":"closed","ping_status":"closed","template":"","meta":{"footnotes":""},"class_list":["post-573","page","type-page","status-publish","hentry","clearfix"],"_links":{"self":[{"href":"https:\/\/labunie.com.pl\/index.php?rest_route=\/wp\/v2\/pages\/573","targetHints":{"allow":["GET"]}}],"collection":[{"href":"https:\/\/labunie.com.pl\/index.php?rest_route=\/wp\/v2\/pages"}],"about":[{"href":"https:\/\/labunie.com.pl\/index.php?rest_route=\/wp\/v2\/types\/page"}],"author":[{"embeddable":true,"href":"https:\/\/labunie.com.pl\/index.php?rest_route=\/wp\/v2\/users\/7"}],"replies":[{"embeddable":true,"href":"https:\/\/labunie.com.pl\/index.php?rest_route=%2Fwp%2Fv2%2Fcomments&post=573"}],"version-history":[{"count":5,"href":"https:\/\/labunie.com.pl\/index.php?rest_route=\/wp\/v2\/pages\/573\/revisions"}],"predecessor-version":[{"id":39432,"href":"https:\/\/labunie.com.pl\/index.php?rest_route=\/wp\/v2\/pages\/573\/revisions\/39432"}],"up":[{"embeddable":true,"href":"https:\/\/labunie.com.pl\/index.php?rest_route=\/wp\/v2\/pages\/449"}],"wp:attachment":[{"href":"https:\/\/labunie.com.pl\/index.php?rest_route=%2Fwp%2Fv2%2Fmedia&parent=573"}],"curies":[{"name":"wp","href":"https:\/\/api.w.org\/{rel}","templated":true}]}}