{"id":576,"date":"2015-01-15T14:45:52","date_gmt":"2015-01-15T13:45:52","guid":{"rendered":"https:\/\/www.labunie.com.pl\/?page_id=576"},"modified":"2025-02-04T12:17:01","modified_gmt":"2025-02-04T11:17:01","slug":"mocowka","status":"publish","type":"page","link":"https:\/\/labunie.com.pl\/?page_id=576","title":{"rendered":"Moc\u00f3wka"},"content":{"rendered":"<p>Moc\u00f3wka po\u0142o\u017cona jest na p\u00f3\u0142nocnym skraju gminy \u0141abunie, w obr\u0119bie Pado\u0142u Zamojskego.<\/p>\n<p align=\"justify\">Pierwsze wzmianki o miejscowo\u015bci to 1 po\u0142owa XIX wieku. Moc\u00f3wka zosta\u0142a samodzieln\u0105 wsi\u0105 dopiero po II wojnie \u015bwiatowej. Do zabytk\u00f3w le\u017c\u0105cych na terenie tej miejscowo\u015bci nale\u017c\u0105 pozosta\u0142o\u015bci parku poddworskiego.<\/p>\n<p align=\"justify\">\n<table class=\" aligncenter\" style=\"width: 374px; border-color: #000000; height: 30px;\">\n<tbody>\n<tr style=\"height: 50px; background-color: #005799;\">\n<td style=\"width: 10px; height: 53px; text-align: center;\" colspan=\"9\"><span style=\"color: #ffffff;\"><em><strong>Dane so\u0142ectwa<\/strong><\/em><\/span><\/td>\n<\/tr>\n<tr style=\"height: 4px;\">\n<td style=\"width: 10px; height: 4px;\"><\/td>\n<td style=\"width: 307px; height: 4px;\" colspan=\"6\"><\/td>\n<td style=\"width: 74px; height: 4px;\"><\/td>\n<td style=\"width: 11px; height: 4px;\"><\/td>\n<\/tr>\n<tr style=\"height: 53px; background-color: #33c2ff;\">\n<td style=\"width: 10px; height: 53px;\"><\/td>\n<td style=\"width: 307px; height: 53px;\" colspan=\"6\"><strong>Powierzchnia<br \/>\n<\/strong><\/td>\n<td style=\"width: 74px; height: 53px; text-align: right;\"><strong>521 ha<\/strong><\/td>\n<td style=\"width: 11px; height: 53px;\"><\/td>\n<\/tr>\n<tr style=\"height: 4px;\">\n<td style=\"width: 317px; height: 4px;\" colspan=\"7\"><\/td>\n<td style=\"width: 74px; height: 4px;\"><\/td>\n<td style=\"width: 11px; height: 4px;\"><\/td>\n<\/tr>\n<tr style=\"height: 24px; background-color: #91d5ff;\">\n<td style=\"width: 10px; height: 24px;\"><\/td>\n<td style=\"width: 307px; height: 24px;\" colspan=\"6\"><strong>Liczba mieszka\u0144c\u00f3w<br \/>\n<\/strong><\/td>\n<td style=\"width: 74px; height: 24px;\"><\/td>\n<td style=\"width: 11px; height: 24px;\"><\/td>\n<\/tr>\n<tr style=\"height: 24px; background-color: #91d5ff;\">\n<td style=\"width: 10px; height: 24px;\"><\/td>\n<td style=\"width: 40px; height: 24px;\" colspan=\"4\"><\/td>\n<td style=\"width: 267px; height: 24px;\" colspan=\"2\">kobiety<\/td>\n<td style=\"width: 74px; height: 24px; text-align: right;\">65<\/td>\n<td style=\"width: 11px; height: 24px; text-align: right;\"><\/td>\n<\/tr>\n<tr style=\"height: 24px; background-color: #91d5ff;\">\n<td style=\"width: 10px; height: 24px;\"><\/td>\n<td style=\"width: 40px; height: 24px;\" colspan=\"4\"><\/td>\n<td style=\"width: 267px; height: 24px;\" colspan=\"2\">m\u0119\u017cczy\u017ani<\/td>\n<td style=\"width: 74px; height: 24px; text-align: right;\">70<\/td>\n<td style=\"width: 11px; height: 24px; text-align: right;\"><\/td>\n<\/tr>\n<tr style=\"height: 24px; background-color: #91d5ff;\">\n<td style=\"width: 10px; height: 24px;\"><\/td>\n<td style=\"width: 307px; height: 24px;\" colspan=\"6\"><strong>razem<\/strong><\/td>\n<td style=\"width: 74px; height: 24px; text-align: right;\"><strong>135<\/strong><\/td>\n<td style=\"width: 11px; height: 24px; text-align: right;\"><\/td>\n<\/tr>\n<tr style=\"height: 24px;\">\n<td style=\"width: 402px; height: 24px; text-align: right;\" colspan=\"9\"><em><span style=\"font-size: 8pt;\">(dane wg stanu na dzie\u0144 31 grudnia 2024 r.)<\/span><\/em><\/td>\n<\/tr>\n<\/tbody>\n<\/table>\n","protected":false},"excerpt":{"rendered":"<p>Moc\u00f3wka po\u0142o\u017cona jest na p\u00f3\u0142nocnym skraju gminy \u0141abunie, w obr\u0119bie Pado\u0142u Zamojskego. Pierwsze wzmianki o miejscowo\u015bci to 1 po\u0142owa XIX wieku. Moc\u00f3wka zosta\u0142a samodzieln\u0105 wsi\u0105 dopiero po II wojnie \u015bwiatowej. Do zabytk\u00f3w le\u017c\u0105cych na terenie tej miejscowo\u015bci nale\u017c\u0105 pozosta\u0142o\u015bci parku poddworskiego. Dane so\u0142ectwa Powierzchnia 521 ha Liczba mieszka\u0144c\u00f3w kobiety 65 m\u0119\u017cczy\u017ani 70 razem 135 (dane [&hellip;]<\/p>\n","protected":false},"author":7,"featured_media":0,"parent":449,"menu_order":8,"comment_status":"closed","ping_status":"closed","template":"","meta":{"footnotes":""},"class_list":["post-576","page","type-page","status-publish","hentry","clearfix"],"_links":{"self":[{"href":"https:\/\/labunie.com.pl\/index.php?rest_route=\/wp\/v2\/pages\/576","targetHints":{"allow":["GET"]}}],"collection":[{"href":"https:\/\/labunie.com.pl\/index.php?rest_route=\/wp\/v2\/pages"}],"about":[{"href":"https:\/\/labunie.com.pl\/index.php?rest_route=\/wp\/v2\/types\/page"}],"author":[{"embeddable":true,"href":"https:\/\/labunie.com.pl\/index.php?rest_route=\/wp\/v2\/users\/7"}],"replies":[{"embeddable":true,"href":"https:\/\/labunie.com.pl\/index.php?rest_route=%2Fwp%2Fv2%2Fcomments&post=576"}],"version-history":[{"count":5,"href":"https:\/\/labunie.com.pl\/index.php?rest_route=\/wp\/v2\/pages\/576\/revisions"}],"predecessor-version":[{"id":39433,"href":"https:\/\/labunie.com.pl\/index.php?rest_route=\/wp\/v2\/pages\/576\/revisions\/39433"}],"up":[{"embeddable":true,"href":"https:\/\/labunie.com.pl\/index.php?rest_route=\/wp\/v2\/pages\/449"}],"wp:attachment":[{"href":"https:\/\/labunie.com.pl\/index.php?rest_route=%2Fwp%2Fv2%2Fmedia&parent=576"}],"curies":[{"name":"wp","href":"https:\/\/api.w.org\/{rel}","templated":true}]}}