{"id":579,"date":"2015-01-15T14:45:52","date_gmt":"2015-01-15T13:45:52","guid":{"rendered":"https:\/\/www.labunie.com.pl\/?page_id=579"},"modified":"2025-02-04T12:18:37","modified_gmt":"2025-02-04T11:18:37","slug":"wierzbie","status":"publish","type":"page","link":"https:\/\/labunie.com.pl\/?page_id=579","title":{"rendered":"Wierzbie"},"content":{"rendered":"<p align=\"justify\">Wierzbie po\u0142o\u017cone s\u0105 na zachodnim skraju Gminy \u0141abunie, nad rzek\u0105 \u0141abu\u0144k\u0105, w obr\u0119bie Pado\u0142u Zamojskiego.<\/p>\n<p align=\"justify\">Pierwsza wzmianka pochodzi z 1435 roku. Wie\u015b po\u0142o\u017cona na p\u0142askim pog\u00f3rze, po obu stronach prostej drogi. W przesz\u0142o\u015bci sta\u0142 tu m\u0142yn z zabudowaniami dworskim oraz folwarkiem. Nazwa pochodzi od du\u017cej liczby wierzb, kt\u00f3re kiedy\u015b si\u0119 tam znajdowa\u0142y. Wie\u015b jako pierwsza w gminie by\u0142a skomasowana. Przed komasacj\u0105 wie\u015b sp\u0142on\u0119\u0142a prawie ca\u0142kowicie. Przyczyn\u0105 po\u017car\u00f3w by\u0142a g\u0119sta zabudowa. W czasie II wojny \u015bwiatowej ludno\u015b\u0107 cz\u0119\u015bciowo spacyfikowano. W 1943 roku wie\u015b spalono podczas napadu partyzant\u00f3w na osadnik\u00f3w niemieckich.<\/p>\n<table class=\" aligncenter\" style=\"width: 374px; border-color: #000000; height: 30px;\">\n<tbody>\n<tr style=\"height: 50px; background-color: #005799;\">\n<td style=\"width: 10px; height: 53px; text-align: center;\" colspan=\"9\"><span style=\"color: #ffffff;\"><em><strong>Dane so\u0142ectwa<\/strong><\/em><\/span><\/td>\n<\/tr>\n<tr style=\"height: 4px;\">\n<td style=\"width: 10px; height: 4px;\"><\/td>\n<td style=\"width: 307px; height: 4px;\" colspan=\"6\"><\/td>\n<td style=\"width: 74px; height: 4px;\"><\/td>\n<td style=\"width: 11px; height: 4px;\"><\/td>\n<\/tr>\n<tr style=\"height: 53px; background-color: #33c2ff;\">\n<td style=\"width: 10px; height: 53px;\"><\/td>\n<td style=\"width: 307px; height: 53px;\" colspan=\"6\"><strong>Powierzchnia<br \/>\n<\/strong><\/td>\n<td style=\"width: 74px; height: 53px; text-align: right;\"><strong>582 ha<\/strong><\/td>\n<td style=\"width: 11px; height: 53px;\"><\/td>\n<\/tr>\n<tr style=\"height: 4px;\">\n<td style=\"width: 317px; height: 4px;\" colspan=\"7\"><\/td>\n<td style=\"width: 74px; height: 4px;\"><\/td>\n<td style=\"width: 11px; height: 4px;\"><\/td>\n<\/tr>\n<tr style=\"height: 24px; background-color: #91d5ff;\">\n<td style=\"width: 10px; height: 24px;\"><\/td>\n<td style=\"width: 307px; height: 24px;\" colspan=\"6\"><strong>Liczba mieszka\u0144c\u00f3w<br \/>\n<\/strong><\/td>\n<td style=\"width: 74px; height: 24px;\"><\/td>\n<td style=\"width: 11px; height: 24px;\"><\/td>\n<\/tr>\n<tr style=\"height: 24px; background-color: #91d5ff;\">\n<td style=\"width: 10px; height: 24px;\"><\/td>\n<td style=\"width: 40px; height: 24px;\" colspan=\"4\"><\/td>\n<td style=\"width: 267px; height: 24px;\" colspan=\"2\">kobiety<\/td>\n<td style=\"width: 74px; height: 24px; text-align: right;\">200<\/td>\n<td style=\"width: 11px; height: 24px; text-align: right;\"><\/td>\n<\/tr>\n<tr style=\"height: 24px; background-color: #91d5ff;\">\n<td style=\"width: 10px; height: 24px;\"><\/td>\n<td style=\"width: 40px; height: 24px;\" colspan=\"4\"><\/td>\n<td style=\"width: 267px; height: 24px;\" colspan=\"2\">m\u0119\u017cczy\u017ani<\/td>\n<td style=\"width: 74px; height: 24px; text-align: right;\">190<\/td>\n<td style=\"width: 11px; height: 24px; text-align: right;\"><\/td>\n<\/tr>\n<tr style=\"height: 24px; background-color: #91d5ff;\">\n<td style=\"width: 10px; height: 24px;\"><\/td>\n<td style=\"width: 307px; height: 24px;\" colspan=\"6\"><strong>razem<\/strong><\/td>\n<td style=\"width: 74px; height: 24px; text-align: right;\"><strong>390<\/strong><\/td>\n<td style=\"width: 11px; height: 24px; text-align: right;\"><\/td>\n<\/tr>\n<tr style=\"height: 24px;\">\n<td style=\"width: 402px; height: 24px; text-align: right;\" colspan=\"9\"><em><span style=\"font-size: 8pt;\">(dane wg stanu na dzie\u0144 31 grudnia 2024 r.)<\/span><\/em><\/td>\n<\/tr>\n<\/tbody>\n<\/table>\n","protected":false},"excerpt":{"rendered":"<p>Wierzbie po\u0142o\u017cone s\u0105 na zachodnim skraju Gminy \u0141abunie, nad rzek\u0105 \u0141abu\u0144k\u0105, w obr\u0119bie Pado\u0142u Zamojskiego. Pierwsza wzmianka pochodzi z 1435 roku. Wie\u015b po\u0142o\u017cona na p\u0142askim pog\u00f3rze, po obu stronach prostej drogi. W przesz\u0142o\u015bci sta\u0142 tu m\u0142yn z zabudowaniami dworskim oraz folwarkiem. Nazwa pochodzi od du\u017cej liczby wierzb, kt\u00f3re kiedy\u015b si\u0119 tam znajdowa\u0142y. Wie\u015b jako pierwsza [&hellip;]<\/p>\n","protected":false},"author":7,"featured_media":0,"parent":449,"menu_order":11,"comment_status":"closed","ping_status":"closed","template":"","meta":{"footnotes":""},"class_list":["post-579","page","type-page","status-publish","hentry","clearfix"],"_links":{"self":[{"href":"https:\/\/labunie.com.pl\/index.php?rest_route=\/wp\/v2\/pages\/579","targetHints":{"allow":["GET"]}}],"collection":[{"href":"https:\/\/labunie.com.pl\/index.php?rest_route=\/wp\/v2\/pages"}],"about":[{"href":"https:\/\/labunie.com.pl\/index.php?rest_route=\/wp\/v2\/types\/page"}],"author":[{"embeddable":true,"href":"https:\/\/labunie.com.pl\/index.php?rest_route=\/wp\/v2\/users\/7"}],"replies":[{"embeddable":true,"href":"https:\/\/labunie.com.pl\/index.php?rest_route=%2Fwp%2Fv2%2Fcomments&post=579"}],"version-history":[{"count":5,"href":"https:\/\/labunie.com.pl\/index.php?rest_route=\/wp\/v2\/pages\/579\/revisions"}],"predecessor-version":[{"id":39436,"href":"https:\/\/labunie.com.pl\/index.php?rest_route=\/wp\/v2\/pages\/579\/revisions\/39436"}],"up":[{"embeddable":true,"href":"https:\/\/labunie.com.pl\/index.php?rest_route=\/wp\/v2\/pages\/449"}],"wp:attachment":[{"href":"https:\/\/labunie.com.pl\/index.php?rest_route=%2Fwp%2Fv2%2Fmedia&parent=579"}],"curies":[{"name":"wp","href":"https:\/\/api.w.org\/{rel}","templated":true}]}}