{"id":606,"date":"2015-01-15T14:52:45","date_gmt":"2015-01-15T13:52:45","guid":{"rendered":"https:\/\/www.labunie.com.pl\/?page_id=606"},"modified":"2024-06-14T07:38:56","modified_gmt":"2024-06-14T05:38:56","slug":"wykaz-soltysow","status":"publish","type":"page","link":"https:\/\/labunie.com.pl\/?page_id=606","title":{"rendered":"Wykaz So\u0142tys\u00f3w"},"content":{"rendered":"\n<figure class=\"wp-block-table is-style-stripes\"><table><thead><tr><th class=\"has-text-align-left\" data-align=\"left\">So\u0142ectwo<\/th><th class=\"has-text-align-left\" data-align=\"left\">Imi\u0119 i nazwisko So\u0142tysa<\/th><th class=\"has-text-align-left\" data-align=\"left\">kontakt<\/th><\/tr><\/thead><tbody><tr><td class=\"has-text-align-left\" data-align=\"left\">Barchacz\u00f3w<\/td><td class=\"has-text-align-left\" data-align=\"left\">El\u017cbieta Ku\u017ama<\/td><td class=\"has-text-align-left\" data-align=\"left\"><\/td><\/tr><tr><td class=\"has-text-align-left\" data-align=\"left\">Br\u00f3dek<\/td><td class=\"has-text-align-left\" data-align=\"left\">Pawe\u0142 Mr\u00f3z<\/td><td class=\"has-text-align-left\" data-align=\"left\"><\/td><\/tr><tr><td class=\"has-text-align-left\" data-align=\"left\">D\u0105browa<\/td><td class=\"has-text-align-left\" data-align=\"left\">Marek G\u00f3ra<\/td><td class=\"has-text-align-left\" data-align=\"left\"><\/td><\/tr><tr><td class=\"has-text-align-left\" data-align=\"left\">\u0141abunie<\/td><td class=\"has-text-align-left\" data-align=\"left\">Jerzy Faranszkiewicz<\/td><td class=\"has-text-align-left\" data-align=\"left\"><\/td><\/tr><tr><td class=\"has-text-align-left\" data-align=\"left\">\u0141abunie-Reforma<\/td><td class=\"has-text-align-left\" data-align=\"left\">Renata Ma\u0142ys<\/td><td class=\"has-text-align-left\" data-align=\"left\"><\/td><\/tr><tr><td class=\"has-text-align-left\" data-align=\"left\">\u0141abu\u0144ki Drugie<\/td><td class=\"has-text-align-left\" data-align=\"left\">Micha\u0142 Bobczuk<\/td><td class=\"has-text-align-left\" data-align=\"left\"><\/td><\/tr><tr><td class=\"has-text-align-left\" data-align=\"left\">\u0141abu\u0144ki Pierwsze<\/td><td class=\"has-text-align-left\" data-align=\"left\">Andrzej Grula<\/td><td class=\"has-text-align-left\" data-align=\"left\"><\/td><\/tr><tr><td class=\"has-text-align-left\" data-align=\"left\">Majdan Ruszowski<\/td><td class=\"has-text-align-left\" data-align=\"left\">Roman Krupa<\/td><td class=\"has-text-align-left\" data-align=\"left\"><\/td><\/tr><tr><td class=\"has-text-align-left\" data-align=\"left\">Moc\u00f3wka<\/td><td class=\"has-text-align-left\" data-align=\"left\">Adrian Waluch<\/td><td class=\"has-text-align-left\" data-align=\"left\"><\/td><\/tr><tr><td class=\"has-text-align-left\" data-align=\"left\">Rusz\u00f3w<\/td><td class=\"has-text-align-left\" data-align=\"left\">Bogus\u0142aw Szast<\/td><td class=\"has-text-align-left\" data-align=\"left\"><\/td><\/tr><tr><td class=\"has-text-align-left\" data-align=\"left\">Rusz\u00f3w-Kolonia<\/td><td class=\"has-text-align-left\" data-align=\"left\">Zbigniew Ga\u0142ek<\/td><td class=\"has-text-align-left\" data-align=\"left\"><\/td><\/tr><tr><td class=\"has-text-align-left\" data-align=\"left\">Wierzbie<\/td><td class=\"has-text-align-left\" data-align=\"left\">Magdalena Nowakowska<\/td><td class=\"has-text-align-left\" data-align=\"left\"><\/td><\/tr><tr><td class=\"has-text-align-left\" data-align=\"left\">W\u00f3lka \u0141abu\u0144ska<\/td><td class=\"has-text-align-left\" data-align=\"left\">Beata Nicpo\u0144<\/td><td class=\"has-text-align-left\" data-align=\"left\"><\/td><\/tr><\/tbody><\/table><\/figure>\n","protected":false},"excerpt":{"rendered":"<p>So\u0142ectwo Imi\u0119 i nazwisko So\u0142tysa kontakt Barchacz\u00f3w El\u017cbieta Ku\u017ama Br\u00f3dek Pawe\u0142 Mr\u00f3z D\u0105browa Marek G\u00f3ra \u0141abunie Jerzy Faranszkiewicz \u0141abunie-Reforma Renata Ma\u0142ys \u0141abu\u0144ki Drugie Micha\u0142 Bobczuk \u0141abu\u0144ki Pierwsze Andrzej Grula Majdan Ruszowski Roman Krupa Moc\u00f3wka Adrian Waluch Rusz\u00f3w Bogus\u0142aw Szast Rusz\u00f3w-Kolonia Zbigniew Ga\u0142ek Wierzbie Magdalena Nowakowska W\u00f3lka \u0141abu\u0144ska Beata Nicpo\u0144<\/p>\n","protected":false},"author":7,"featured_media":0,"parent":549,"menu_order":0,"comment_status":"closed","ping_status":"closed","template":"","meta":{"footnotes":""},"class_list":["post-606","page","type-page","status-publish","hentry","clearfix"],"_links":{"self":[{"href":"https:\/\/labunie.com.pl\/index.php?rest_route=\/wp\/v2\/pages\/606","targetHints":{"allow":["GET"]}}],"collection":[{"href":"https:\/\/labunie.com.pl\/index.php?rest_route=\/wp\/v2\/pages"}],"about":[{"href":"https:\/\/labunie.com.pl\/index.php?rest_route=\/wp\/v2\/types\/page"}],"author":[{"embeddable":true,"href":"https:\/\/labunie.com.pl\/index.php?rest_route=\/wp\/v2\/users\/7"}],"replies":[{"embeddable":true,"href":"https:\/\/labunie.com.pl\/index.php?rest_route=%2Fwp%2Fv2%2Fcomments&post=606"}],"version-history":[{"count":5,"href":"https:\/\/labunie.com.pl\/index.php?rest_route=\/wp\/v2\/pages\/606\/revisions"}],"predecessor-version":[{"id":36813,"href":"https:\/\/labunie.com.pl\/index.php?rest_route=\/wp\/v2\/pages\/606\/revisions\/36813"}],"up":[{"embeddable":true,"href":"https:\/\/labunie.com.pl\/index.php?rest_route=\/wp\/v2\/pages\/549"}],"wp:attachment":[{"href":"https:\/\/labunie.com.pl\/index.php?rest_route=%2Fwp%2Fv2%2Fmedia&parent=606"}],"curies":[{"name":"wp","href":"https:\/\/api.w.org\/{rel}","templated":true}]}}