{"id":634,"date":"2015-01-20T09:03:21","date_gmt":"2015-01-20T08:03:21","guid":{"rendered":"https:\/\/www.labunie.com.pl\/?page_id=634"},"modified":"2015-01-26T13:52:10","modified_gmt":"2015-01-26T12:52:10","slug":"przyroda","status":"publish","type":"page","link":"https:\/\/labunie.com.pl\/?page_id=634","title":{"rendered":"Przyroda"},"content":{"rendered":"<h5><strong>Rezerwat le\u015bno &#8211; stepowy<\/strong><\/h5>\n<p>Rezerwat le\u015bno-stepowy \u201e\u0141abunie\u201d o powierzchni 108,54 ha utworzony 5 wrze\u015bnia 1959 r. po\u0142o\u017cony jest na terenie wsi D\u0105browa. Rezerwat ten jest jednym z najwi\u0119kszych w Polsce obiekt\u00f3w przeznaczonych do ochrony ro\u015blinno\u015bci stepowej, przy czym cech\u0105 charakterystyczn\u0105 jest tutaj wyst\u0119powanie muraw kserotermicznych (ro\u015blinno\u015b\u0107 sucho i ciep\u0142olubnych) na wzgl\u0119dnie p\u0142askim terenie w mozaice pomi\u0119dzy zbiorowiskami le\u015bnymi.<br \/>\n&nbsp;<br \/>\nW\u015br\u00f3d ro\u015blin dominuj\u0105 :<\/p>\n<ul>\n<li>mi\u0142ek wiosenny,<\/li>\n<li>oman w\u0105skolistny,<\/li>\n<li>len z\u0142ocisty,<\/li>\n<li>ciemi\u0119\u017cyca czarna<\/li>\n<\/ul>\n<p>&nbsp;<br \/>\nTypowo stepowymi s\u0105 r\u00f3wnie\u017c :<\/p>\n<ul>\n<li>storczyk kukawka,<\/li>\n<li>obuwik pospolity,<\/li>\n<li>pierwiosnka lekarska,<\/li>\n<li>zawilec wielkokwiatowy.<\/li>\n<\/ul>\n<p>&nbsp;<\/p>\n<h5><strong>Pomniki przyrody \u017cywej<\/strong><\/h5>\n<ul>\n<li>lipy drobnolistne (<em>Tilia cordata<\/em> )- 46 sztuk obw. Pni 160 \u2013 450 cm, wys. 16 m; \u0141abunie przy drodze do Majdanu Ruszowskiego.<\/li>\n<li>lipy drobnolistne (<em>Tilia cordata<\/em> ) 13 sztuk obw. 165 \u2013 410 cm wys. 17 m; \u0141abunie przy drodze Ruszowa<\/li>\n<li>klon pospolity (<em>Acet platanoides<\/em> ) 15 sztuk, obw. 180 \u2013 260 cm, wys. 16 m; \u0141abunie przy drodze do Majdanu Ruszowskiego.<\/li>\n<\/ul>\n","protected":false},"excerpt":{"rendered":"<p>Rezerwat le\u015bno &#8211; stepowy Rezerwat le\u015bno-stepowy \u201e\u0141abunie\u201d o powierzchni 108,54 ha utworzony 5 wrze\u015bnia 1959 r. po\u0142o\u017cony jest na terenie wsi D\u0105browa. Rezerwat ten jest jednym z najwi\u0119kszych w Polsce obiekt\u00f3w przeznaczonych do ochrony ro\u015blinno\u015bci stepowej, przy czym cech\u0105 charakterystyczn\u0105 jest tutaj wyst\u0119powanie muraw kserotermicznych (ro\u015blinno\u015b\u0107 sucho i ciep\u0142olubnych) na wzgl\u0119dnie p\u0142askim terenie w mozaice [&hellip;]<\/p>\n","protected":false},"author":7,"featured_media":0,"parent":248,"menu_order":11,"comment_status":"closed","ping_status":"closed","template":"","meta":{"footnotes":""},"class_list":["post-634","page","type-page","status-publish","hentry","clearfix"],"_links":{"self":[{"href":"https:\/\/labunie.com.pl\/index.php?rest_route=\/wp\/v2\/pages\/634","targetHints":{"allow":["GET"]}}],"collection":[{"href":"https:\/\/labunie.com.pl\/index.php?rest_route=\/wp\/v2\/pages"}],"about":[{"href":"https:\/\/labunie.com.pl\/index.php?rest_route=\/wp\/v2\/types\/page"}],"author":[{"embeddable":true,"href":"https:\/\/labunie.com.pl\/index.php?rest_route=\/wp\/v2\/users\/7"}],"replies":[{"embeddable":true,"href":"https:\/\/labunie.com.pl\/index.php?rest_route=%2Fwp%2Fv2%2Fcomments&post=634"}],"version-history":[{"count":4,"href":"https:\/\/labunie.com.pl\/index.php?rest_route=\/wp\/v2\/pages\/634\/revisions"}],"predecessor-version":[{"id":802,"href":"https:\/\/labunie.com.pl\/index.php?rest_route=\/wp\/v2\/pages\/634\/revisions\/802"}],"up":[{"embeddable":true,"href":"https:\/\/labunie.com.pl\/index.php?rest_route=\/wp\/v2\/pages\/248"}],"wp:attachment":[{"href":"https:\/\/labunie.com.pl\/index.php?rest_route=%2Fwp%2Fv2%2Fmedia&parent=634"}],"curies":[{"name":"wp","href":"https:\/\/api.w.org\/{rel}","templated":true}]}}