{"id":641,"date":"2015-01-20T09:16:19","date_gmt":"2015-01-20T08:16:19","guid":{"rendered":"https:\/\/www.labunie.com.pl\/?page_id=641"},"modified":"2020-09-09T12:17:39","modified_gmt":"2020-09-09T10:17:39","slug":"szkola-podstawowa","status":"publish","type":"page","link":"https:\/\/labunie.com.pl\/?page_id=641","title":{"rendered":"Zesp\u00f3\u0142 Szkolno-Przedszkolny w \u0141abu\u0144kach Pierwszych"},"content":{"rendered":"\n<p> Dane adresowe: <\/p>\n\n\n\n<div style=\"height:20px\" aria-hidden=\"true\" class=\"wp-block-spacer\"><\/div>\n\n\n\n<p><strong>Zesp\u00f3\u0142 Szkolno-Przedszkolny w \u0141abu\u0144kach Pierwszych<br>\u0141abu\u0144ki Pierwsze 178<br>22-437 \u0141abunie <\/strong><\/p>\n\n\n\n<div style=\"height:20px\" aria-hidden=\"true\" class=\"wp-block-spacer\"><\/div>\n\n\n\n<p> tel. 84 616 22 02 <\/p>\n\n\n\n<div style=\"height:20px\" aria-hidden=\"true\" class=\"wp-block-spacer\"><\/div>\n\n\n\n<p> e-mail: <a href=\"mailto:sp.lab1@onet.eu,\">sp.lab1@onet.eu<\/a><br><a href=\"mailto:sp.lab1@onet.p\">g.lab1@op.pl<\/a> <\/p>\n\n\n\n<div style=\"height:20px\" aria-hidden=\"true\" class=\"wp-block-spacer\"><\/div>\n\n\n\n<div class=\"wp-block-button aligncenter\"><a class=\"wp-block-button__link has-text-color has-very-light-gray-color has-background has-vivid-cyan-blue-background-color\" href=\"http:\/\/zslab1.szkolnastrona.pl\/\">Strona internetowa<br>Zespo\u0142u Szkolno-Przedszkolnego w \u0141abu\u0144kach Pierwszych<\/a><\/div>\n\n\n\n<div style=\"height:20px\" aria-hidden=\"true\" class=\"wp-block-spacer\"><\/div>\n\n\n\n<div class=\"wp-block-image\"><figure class=\"aligncenter size-large\"><img loading=\"lazy\" decoding=\"async\" width=\"800\" height=\"600\" src=\"https:\/\/www.labunie.com.pl\/wp-content\/uploads\/2018\/01\/sp_labunki.jpg\" alt=\"\" class=\"wp-image-7491\" srcset=\"https:\/\/labunie.com.pl\/wp-content\/uploads\/2018\/01\/sp_labunki.jpg 800w, https:\/\/labunie.com.pl\/wp-content\/uploads\/2018\/01\/sp_labunki-300x225.jpg 300w, https:\/\/labunie.com.pl\/wp-content\/uploads\/2018\/01\/sp_labunki-768x576.jpg 768w\" sizes=\"auto, (max-width: 800px) 100vw, 800px\" \/><\/figure><\/div>\n","protected":false},"excerpt":{"rendered":"<p>Dane adresowe: Zesp\u00f3\u0142 Szkolno-Przedszkolny w \u0141abu\u0144kach Pierwszych\u0141abu\u0144ki Pierwsze 17822-437 \u0141abunie tel. 84 616 22 02 e-mail: sp.lab1@onet.eug.lab1@op.pl<\/p>\n","protected":false},"author":7,"featured_media":0,"parent":462,"menu_order":2,"comment_status":"closed","ping_status":"closed","template":"","meta":{"footnotes":""},"class_list":["post-641","page","type-page","status-publish","hentry","clearfix"],"_links":{"self":[{"href":"https:\/\/labunie.com.pl\/index.php?rest_route=\/wp\/v2\/pages\/641","targetHints":{"allow":["GET"]}}],"collection":[{"href":"https:\/\/labunie.com.pl\/index.php?rest_route=\/wp\/v2\/pages"}],"about":[{"href":"https:\/\/labunie.com.pl\/index.php?rest_route=\/wp\/v2\/types\/page"}],"author":[{"embeddable":true,"href":"https:\/\/labunie.com.pl\/index.php?rest_route=\/wp\/v2\/users\/7"}],"replies":[{"embeddable":true,"href":"https:\/\/labunie.com.pl\/index.php?rest_route=%2Fwp%2Fv2%2Fcomments&post=641"}],"version-history":[{"count":5,"href":"https:\/\/labunie.com.pl\/index.php?rest_route=\/wp\/v2\/pages\/641\/revisions"}],"predecessor-version":[{"id":18764,"href":"https:\/\/labunie.com.pl\/index.php?rest_route=\/wp\/v2\/pages\/641\/revisions\/18764"}],"up":[{"embeddable":true,"href":"https:\/\/labunie.com.pl\/index.php?rest_route=\/wp\/v2\/pages\/462"}],"wp:attachment":[{"href":"https:\/\/labunie.com.pl\/index.php?rest_route=%2Fwp%2Fv2%2Fmedia&parent=641"}],"curies":[{"name":"wp","href":"https:\/\/api.w.org\/{rel}","templated":true}]}}