{"id":642,"date":"2015-01-20T09:16:22","date_gmt":"2015-01-20T08:16:22","guid":{"rendered":"https:\/\/www.labunie.com.pl\/?page_id=642"},"modified":"2025-02-05T10:37:38","modified_gmt":"2025-02-05T09:37:38","slug":"gimnazjum","status":"publish","type":"page","link":"https:\/\/labunie.com.pl\/?page_id=642","title":{"rendered":"Zesp\u00f3\u0142 Szkolno-Przedszkolny w \u0141abuniach"},"content":{"rendered":"\n<p><em>Dane adresowe: <\/em><\/p>\n\n\n\n<div style=\"height:20px\" aria-hidden=\"true\" class=\"wp-block-spacer\"><\/div>\n\n\n\n<p><strong>Zesp\u00f3\u0142 Szkolno-Przedszkolny w \u0141abuniach<br>ul. Zamojska 1<\/strong><br><strong>22-437 \u0141abunie<\/strong> <\/p>\n\n\n\n<div style=\"height:20px\" aria-hidden=\"true\" class=\"wp-block-spacer\"><\/div>\n\n\n\n<p>tel. 84 611 60 41<\/p>\n\n\n\n<div style=\"height:20px\" aria-hidden=\"true\" class=\"wp-block-spacer\"><\/div>\n\n\n\n<p>E-mail: <a href=\"mailto:sekretariat@zslabunie.szkolnastrona.pl\">sekretariat@zslabunie.szkolnastrona.pl<\/a><\/p>\n\n\n\n<div style=\"height:20px\" aria-hidden=\"true\" class=\"wp-block-spacer\"><\/div>\n\n\n\n<div class=\"wp-block-button aligncenter\"><a class=\"wp-block-button__link has-vivid-cyan-blue-background-color has-background\" href=\"http:\/\/zslabunie.szkolnastrona.pl\/\">Strona internetowa<br>Zespo\u0142u Szkolono-Przedszkolnego w \u0141abuniach <\/a><\/div>\n\n\n\n<div style=\"height:20px\" aria-hidden=\"true\" class=\"wp-block-spacer\"><\/div>\n\n\n\n<div class=\"wp-block-image\"><figure class=\"aligncenter size-large\"><img loading=\"lazy\" decoding=\"async\" width=\"800\" height=\"600\" src=\"https:\/\/www.labunie.com.pl\/wp-content\/uploads\/2018\/01\/sp_labunie.jpg\" alt=\"\" class=\"wp-image-7490\" srcset=\"https:\/\/labunie.com.pl\/wp-content\/uploads\/2018\/01\/sp_labunie.jpg 800w, https:\/\/labunie.com.pl\/wp-content\/uploads\/2018\/01\/sp_labunie-300x225.jpg 300w, https:\/\/labunie.com.pl\/wp-content\/uploads\/2018\/01\/sp_labunie-768x576.jpg 768w\" sizes=\"auto, (max-width: 800px) 100vw, 800px\" \/><\/figure><\/div>\n","protected":false},"excerpt":{"rendered":"<p>Dane adresowe: Zesp\u00f3\u0142 Szkolno-Przedszkolny w \u0141abuniachul. Zamojska 122-437 \u0141abunie tel. 84 611 60 41 E-mail: sekretariat@zslabunie.szkolnastrona.pl<\/p>\n","protected":false},"author":7,"featured_media":0,"parent":462,"menu_order":1,"comment_status":"closed","ping_status":"closed","template":"","meta":{"footnotes":""},"class_list":["post-642","page","type-page","status-publish","hentry","clearfix"],"_links":{"self":[{"href":"https:\/\/labunie.com.pl\/index.php?rest_route=\/wp\/v2\/pages\/642","targetHints":{"allow":["GET"]}}],"collection":[{"href":"https:\/\/labunie.com.pl\/index.php?rest_route=\/wp\/v2\/pages"}],"about":[{"href":"https:\/\/labunie.com.pl\/index.php?rest_route=\/wp\/v2\/types\/page"}],"author":[{"embeddable":true,"href":"https:\/\/labunie.com.pl\/index.php?rest_route=\/wp\/v2\/users\/7"}],"replies":[{"embeddable":true,"href":"https:\/\/labunie.com.pl\/index.php?rest_route=%2Fwp%2Fv2%2Fcomments&post=642"}],"version-history":[{"count":5,"href":"https:\/\/labunie.com.pl\/index.php?rest_route=\/wp\/v2\/pages\/642\/revisions"}],"predecessor-version":[{"id":39455,"href":"https:\/\/labunie.com.pl\/index.php?rest_route=\/wp\/v2\/pages\/642\/revisions\/39455"}],"up":[{"embeddable":true,"href":"https:\/\/labunie.com.pl\/index.php?rest_route=\/wp\/v2\/pages\/462"}],"wp:attachment":[{"href":"https:\/\/labunie.com.pl\/index.php?rest_route=%2Fwp%2Fv2%2Fmedia&parent=642"}],"curies":[{"name":"wp","href":"https:\/\/api.w.org\/{rel}","templated":true}]}}