{"id":671,"date":"2015-01-22T11:42:01","date_gmt":"2015-01-22T10:42:01","guid":{"rendered":"https:\/\/www.labunie.com.pl\/?page_id=671"},"modified":"2018-01-26T10:03:24","modified_gmt":"2018-01-26T09:03:24","slug":"osp-brodek","status":"publish","type":"page","link":"https:\/\/labunie.com.pl\/?page_id=671","title":{"rendered":"OSP Br\u00f3dek"},"content":{"rendered":"<p style=\"text-align: left;\">Jednostka Ochotniczej Stra\u017cy Po\u017carnej w Br\u00f3dku zosta\u0142a za\u0142o\u017cona w roku 1959. Jej g\u0142\u00f3wnymi inicjatorami byli p\u0142k Mieczys\u0142aw Skiba oraz J\u00f3zef Ku\u015bmirz, kt\u00f3rzy zach\u0119cali m\u0142odych m\u0119\u017cczyzn do dzia\u0142ania w szeregach oddzia\u0142u.<br \/>\n&nbsp;<br \/>\nWybrano pierwszy zarz\u0105d, w kt\u00f3rego sk\u0142ad weszli: J\u00f3zef Ku\u015bmirz &#8211; Prezes, Stanis\u0142aw Piela &#8211; Naczelnik, Mieczys\u0142aw Drozda &#8211; Sekretarz, Jan Granda &#8211; Skarbnik.<br \/>\n&nbsp;<br \/>\nPod ich przewodnictwem zawi\u0105za\u0142a si\u0119 pierwsza dru\u017cyna ochotnik\u00f3w stra\u017cak\u00f3w. Pocz\u0105tki dzia\u0142alno\u015bci by\u0142y bardzo trudne, lecz nie poddawano si\u0119. Jednostka dzia\u0142a\u0142a bardzo pr\u0119\u017cnie i jeszcze w tym samym roku zosta\u0142 za\u0142o\u017cony zesp\u00f3\u0142 teatralny, do kt\u00f3rego nale\u017celi druhowie stra\u017cacy oraz inni mieszka\u0144cy Br\u00f3dka. Wyst\u0119puj\u0105c w okolicznych wioskach, a nawet miastach zbierali oni pieni\u0105dze na budow\u0119 stra\u017cnicy.<br \/>\nPierwszym miejscem siedziby OSP by\u0142a w\u00f3wczas stara szko\u0142a, kt\u00f3ra znajdowa\u0142a si\u0119 w tym miejscu, gdzie obecnie znajduje si\u0119 remiza stra\u017cacka.<br \/>\n&nbsp;<br \/>\nW 1962 r. jednostka otrzyma\u0142a pierwsz\u0105 motopomp\u0119, a w 1964 wybudowano czynem spo\u0142ecznym now\u0105 remiz\u0119. Osoby, kt\u00f3re w spos\u00f3b szczeg\u00f3lny przyczyni\u0142y si\u0119 do powstania nowego lokum jednostki OSP w Br\u00f3dku to: J\u00f3zef Ku\u015bmirz, Stanis\u0142aw \u0141azorczyk, Stanis\u0142aw Wojtas, Jerzy Rozkres, Jan Rosicki, Ryszard Kap\u0142on, Lucjan Granda, Antoni Flak, Ryszard Paszkowski, Jan Pude\u0142ko, Czes\u0142aw Palichleb, J\u00f3zef Kulpa, Piotr Bodziuch, Jan Buczak i inni.<br \/>\n&nbsp;<br \/>\nDzia\u0142alno\u015b\u0107 cz\u0142onk\u00f3w OSP rozwija si\u0119 pr\u0119\u017cnie. Na pocz\u0105tku lat 80-tych stra\u017cacy pomagaj\u0105 przy budowie drogi utwardzonej biegn\u0105cej przez wie\u015b. Systematycznie do dru\u017cyny do\u0142\u0105czaj\u0105 nowi, m\u0142odzi ochotnicy. W roku 1982 zostaje wybrany nowy zarz\u0105d, na czele kt\u00f3rego staje Stanis\u0142aw \u0141azorczyk, Marek Ci\u0119ciera &#8211; Naczelnik, Jan Bodziuch &#8211; Skarbnik, Tadeusz Mr\u00f3z &#8211; Sekretarz.<br \/>\n&nbsp;<br \/>\nPokonuj\u0105c liczne przeszkody druhowie stawiaj\u0105 sobie ci\u0105gle nowe zadania. Bior\u0105 czynny udzia\u0142 w zawodach sportowo-po\u017carniczych. Wsp\u00f3\u0142uczestnicz\u0105 r\u00f3wnie\u017c w \u017cyciu wsi udzielaj\u0105c si\u0119 przy budowie gazoci\u0105gu i telefonizacji. Organizuj\u0105 festyny i zabawy taneczne, a zebrane pieni\u0105dze przeznaczaj\u0105 na dofinansowanie tych\u017ce inwestycji.<br \/>\n&nbsp;<br \/>\nW roku 1984 stra\u017cacy organizuj\u0105 25-lecie OSP w Br\u00f3dku.<br \/>\n&nbsp;<br \/>\nW roku 1999 obchodzono 40-lecie jednostki. Druhowie poczynili starania o zakup samochodu, jak r\u00f3wnie\u017c o za\u0142o\u017cenie M\u0142odzie\u017cowej Dru\u017cyny Po\u017carniczej.<br \/>\n&nbsp;<br \/>\nW 2005 roku dzi\u0119ki staraniom Prezesa Oddzia\u0142u Gminnego ZOSP RP Antoniego Wojciecha Turczyna, OSP w Br\u00f3dku otrzyma\u0142a samoch\u00f3d ga\u015bniczy Magirus FM 90 5,6F, dzi\u0119ki czemu jednostka bierze udzia\u0142 w akcjach ratowniczo-ga\u015bniczych. Rok p\u00f3\u017aniej, w 2006, zosta\u0142 wybudowany gara\u017c przy remizie stra\u017cackiej oraz za\u0142o\u017cono M\u0142odzie\u017cow\u0105 Dru\u017cyn\u0119 Po\u017carnicz\u0105 ch\u0142opc\u00f3w.<br \/>\n&nbsp;<br \/>\nRok 2007 zapisa\u0142 si\u0119 szczeg\u00f3lnie w historii OSP. Jednostka otrzyma\u0142a sztandar, kt\u00f3rego fundatorem by\u0142a \u015bp. Marta Ho\u0142ys, za\u0142o\u017cono M\u0142odzie\u017cow\u0105 Dru\u017cyn\u0119 Po\u017carnicz\u0105 dziewcz\u0105t oraz zakupiono pomp\u0119 szlamow\u0105 marki Honda.<br \/>\n&nbsp;<br \/>\nDwa lata p\u00f3\u017aniej przeprowadzono kapitalny remont stra\u017cnicy i obchodzono 50-lecie za\u0142o\u017cenia jednostki.<br \/>\nObecny sk\u0142ad zarz\u0105du: Prezes &#8211; Mariusz Kliza, Naczelnik &#8211; Pawe\u0142 Mr\u00f3z, Z-ca Naczelnika &#8211; Tomasz Granda, Skarbnik &#8211; Mateusz Ci\u0119ciera, Sekretarz &#8211; Zbigniew Topolski, Gospodarz &#8211; Andrzej Wojtas. W sk\u0142ad Komisji Rewizyjnej wchodz\u0105: Przewodnicz\u0105cy Janusz Kukie\u0142ka oraz Cz\u0142onkowie: Andrzej Topolski i Damian Sowa.<br \/>\nZadania stawiane przed OSP wci\u0105\u017c rosn\u0105. Zarz\u0105d w porozumieniu z Prezesem Oddzia\u0142u Gminnego ZOSP RP podnosi kwalifikacje druh\u00f3w, a tak\u017ce doposa\u017ca OSP w niezb\u0119dny sprz\u0119t.<br \/>\n&nbsp;<br \/>\nJednostka OSP dzia\u0142a pr\u0119\u017cnie, bierze udzia\u0142 w zawodach sportowo-po\u017carniczych, na kt\u00f3rych zajmuje czo\u0142owe lokaty. Aktywnie uczestniczy w \u017cyciu religijno-patriotycznym wsi, gminy i parafii.<\/p>\n<p>&nbsp;<\/p>\n<p style=\"text-align: right;\">\n<em><span style=\"font-size: 8pt;\"> Zarz\u0105d OSP Br\u00f3dek<br \/>\nIg\u0142a nr 3(8)\/2014 s. 7<\/span><\/em><\/p>\n","protected":false},"excerpt":{"rendered":"<p>Jednostka Ochotniczej Stra\u017cy Po\u017carnej w Br\u00f3dku zosta\u0142a za\u0142o\u017cona w roku 1959. Jej g\u0142\u00f3wnymi inicjatorami byli p\u0142k Mieczys\u0142aw Skiba oraz J\u00f3zef Ku\u015bmirz, kt\u00f3rzy zach\u0119cali m\u0142odych m\u0119\u017cczyzn do dzia\u0142ania w szeregach oddzia\u0142u. &nbsp; Wybrano pierwszy zarz\u0105d, w kt\u00f3rego sk\u0142ad weszli: J\u00f3zef Ku\u015bmirz &#8211; Prezes, Stanis\u0142aw Piela &#8211; Naczelnik, Mieczys\u0142aw Drozda &#8211; Sekretarz, Jan Granda &#8211; Skarbnik. &nbsp; [&hellip;]<\/p>\n","protected":false},"author":7,"featured_media":0,"parent":478,"menu_order":1,"comment_status":"closed","ping_status":"closed","template":"","meta":{"footnotes":""},"class_list":["post-671","page","type-page","status-publish","hentry","clearfix"],"_links":{"self":[{"href":"https:\/\/labunie.com.pl\/index.php?rest_route=\/wp\/v2\/pages\/671","targetHints":{"allow":["GET"]}}],"collection":[{"href":"https:\/\/labunie.com.pl\/index.php?rest_route=\/wp\/v2\/pages"}],"about":[{"href":"https:\/\/labunie.com.pl\/index.php?rest_route=\/wp\/v2\/types\/page"}],"author":[{"embeddable":true,"href":"https:\/\/labunie.com.pl\/index.php?rest_route=\/wp\/v2\/users\/7"}],"replies":[{"embeddable":true,"href":"https:\/\/labunie.com.pl\/index.php?rest_route=%2Fwp%2Fv2%2Fcomments&post=671"}],"version-history":[{"count":3,"href":"https:\/\/labunie.com.pl\/index.php?rest_route=\/wp\/v2\/pages\/671\/revisions"}],"predecessor-version":[{"id":7602,"href":"https:\/\/labunie.com.pl\/index.php?rest_route=\/wp\/v2\/pages\/671\/revisions\/7602"}],"up":[{"embeddable":true,"href":"https:\/\/labunie.com.pl\/index.php?rest_route=\/wp\/v2\/pages\/478"}],"wp:attachment":[{"href":"https:\/\/labunie.com.pl\/index.php?rest_route=%2Fwp%2Fv2%2Fmedia&parent=671"}],"curies":[{"name":"wp","href":"https:\/\/api.w.org\/{rel}","templated":true}]}}