{"id":672,"date":"2015-01-22T11:42:01","date_gmt":"2015-01-22T10:42:01","guid":{"rendered":"https:\/\/www.labunie.com.pl\/?page_id=672"},"modified":"2020-10-04T20:23:16","modified_gmt":"2020-10-04T18:23:16","slug":"osp-labunie","status":"publish","type":"page","link":"https:\/\/labunie.com.pl\/?page_id=672","title":{"rendered":"OSP \u0141abunie"},"content":{"rendered":"<p>Jednostka OSP \u0141abunie pierwotnie zwana by\u0142a Stra\u017c\u0105 Ogniow\u0105 <em>Piechur<\/em>. Jej pocz\u0105tki si\u0119gaj\u0105 1916 r., a zosta\u0142a za\u0142o\u017cona z inicjatywy hrabiego Aleksandra Szeptyckiego i Franciszka Fronczka. Pod jej p\u0142aszczem organizowano w latach 1916-1918 tak\u017ce szkolenia wojskowe m\u0142odzie\u017cy, koordynowane przez Stanis\u0142awa Paczosa, instruktora z ramienia Polskiej Organizacji Wojskowej. Pierwszym prezesem Stra\u017cy Ogniowej zosta\u0142 hr. Aleksander Szeptycki. W 1934 roku stra\u017cacy otrzymali motopomp\u0119.<\/p>\n<p>Po II wojnie \u015bwiatowej wznowiono dzia\u0142alno\u015b\u0107 jednostki w 1945 r. W\u00f3wczas prezesem zosta\u0142 Franciszek Dyjak, a p\u00f3\u017aniej funkcj\u0119 t\u0119 pe\u0142nili kolejno: Kazimierz Siuma (1949-1953), Kazimierz Ciuraszkiewicz (1953-1978), Mieczys\u0142aw Pakos (1978-1980), Edward Sobczak (1980-1985), Janusz Chwedyk (od 1985 r.), Boles\u0142aw Wilk, ponownie Janusz Chwedyk, Bogdan Zwolak; od 2006 roku funkcj\u0119 t\u0119 pe\u0142ni Tadeusz Ga\u0142ek.<\/p>\n<p>W 1946 roku stra\u017cacy wybudowali remiz\u0119 i rozbudowali j\u0105 w 1963 roku. W latach 60-tych XX wieku dzia\u0142a\u0142a we wsi tak\u017ce \u017ce\u0144ska dru\u017cyna stra\u017cacka pod dow\u00f3dztwem Krystyny G\u0119borys, a w 1981 roku powsta\u0142a m\u0142odzie\u017cowa dru\u017cyna Stra\u017cy Po\u017carnej przy szkole w \u0141abuniach. Jej za\u0142o\u017cycielem i opiekunem by\u0142 Jan Panasiewicz.<\/p>\n<p>Jednostka Ochotniczej Stra\u017cy Po\u017carnej w \u0141abuniach jest jedyn\u0105 z po\u015br\u00f3d 7 jednostek OSP Gminy \u0141abunie nale\u017c\u0105c\u0105 do systemu KSRG, liczy ponad 50 cz\u0142onk\u00f3w zwyczajnych, w tym dwie kobiety. Posiada r\u00f3wnie\u017c 1 dru\u017cyn\u0119 MDP w sk\u0142adzie 8 ch\u0142opc\u00f3w.<\/p>\n<p>W 2012 roku OSP \u0141abunie bra\u0142o udzia\u0142 w 25 akcjach, w tym: 21 po\u017carniczych i likwidacji 4 miejscowych zagro\u017ce\u0144.<\/p>\n<p>Na wyposa\u017ceniu OSP \u0141abunie znajduj\u0105 si\u0119 dwa samochody po\u017carnicze, w tym: 1 \u015bredni i 1 lekki, dwie motopompy, dwie pompy: 1 p\u0142ywaj\u0105ca i 1 szlamowa, zestaw hydrauliczny do ratownictwa technicznego, dwie pilarki do drewna oraz 1 do betonu i stali, 2 agregaty pr\u0105dotw\u00f3rcze jednofazowe, sprz\u0119t ochrony dr\u00f3g oddechowych z czujnikami bezruchu (szt. 4), radiostacje nasobne (4 szt.) oraz samochodowe (2 szt.). OSP posiada r\u00f3wnie\u017c drabin\u0119 wysuwan\u0105 oraz nasadkow\u0105 i zestaw do ratownictwa medycznego z tlenoterapi\u0105 i desk\u0105.<\/p>\n<p><em>&#8211; W ci\u0105gu ostatnich 14 lat wida\u0107 du\u017ce zmiany w stra\u017cach, zw\u0142aszcza w naszej gminie<\/em> \u2013 m\u00f3wi\u0105 druhowie z OSP \u0141abunie. \u0141\u0105cz\u0105 to z osob\u0105 w\u00f3jta Antoniego Wojciecha Turczyna, o kt\u00f3rym m\u00f3wi\u0105, \u017ce rozumie stra\u017ce, dobrze z nimi wsp\u00f3\u0142pracuje i stara si\u0119 zaspokaja\u0107 zg\u0142aszane potrzeby.<\/p>\n<p>Stra\u017cacy OSP \u0141abunie aktywnie bior\u0105 udzia\u0142 w uroczysto\u015bciach pa\u0144stwowych i ko\u015bcielnych oraz \u015bwi\u0119tach stra\u017cackich i zawodach sportowo-po\u017carniczych.<\/p>\n<p style=\"text-align: right;\"><em><span style=\"font-size: 8pt;\">Bo\u017cena Juszczak-Tymczuk<\/span><\/em><br \/>\n<em><span style=\"font-size: 8pt;\">IG\u0141A nr 2(3)\/2013<\/span><\/em><br \/>\n<em><span style=\"font-size: 8pt;\">s. 6<\/span><\/em><\/p>\n","protected":false},"excerpt":{"rendered":"<p>Jednostka OSP \u0141abunie pierwotnie zwana by\u0142a Stra\u017c\u0105 Ogniow\u0105 Piechur. Jej pocz\u0105tki si\u0119gaj\u0105 1916 r., a zosta\u0142a za\u0142o\u017cona z inicjatywy hrabiego Aleksandra Szeptyckiego i Franciszka Fronczka. Pod jej p\u0142aszczem organizowano w latach 1916-1918 tak\u017ce szkolenia wojskowe m\u0142odzie\u017cy, koordynowane przez Stanis\u0142awa Paczosa, instruktora z ramienia Polskiej Organizacji Wojskowej. Pierwszym prezesem Stra\u017cy Ogniowej zosta\u0142 hr. Aleksander Szeptycki. W [&hellip;]<\/p>\n","protected":false},"author":7,"featured_media":0,"parent":478,"menu_order":2,"comment_status":"closed","ping_status":"closed","template":"","meta":{"footnotes":""},"class_list":["post-672","page","type-page","status-publish","hentry","clearfix"],"_links":{"self":[{"href":"https:\/\/labunie.com.pl\/index.php?rest_route=\/wp\/v2\/pages\/672","targetHints":{"allow":["GET"]}}],"collection":[{"href":"https:\/\/labunie.com.pl\/index.php?rest_route=\/wp\/v2\/pages"}],"about":[{"href":"https:\/\/labunie.com.pl\/index.php?rest_route=\/wp\/v2\/types\/page"}],"author":[{"embeddable":true,"href":"https:\/\/labunie.com.pl\/index.php?rest_route=\/wp\/v2\/users\/7"}],"replies":[{"embeddable":true,"href":"https:\/\/labunie.com.pl\/index.php?rest_route=%2Fwp%2Fv2%2Fcomments&post=672"}],"version-history":[{"count":3,"href":"https:\/\/labunie.com.pl\/index.php?rest_route=\/wp\/v2\/pages\/672\/revisions"}],"predecessor-version":[{"id":19001,"href":"https:\/\/labunie.com.pl\/index.php?rest_route=\/wp\/v2\/pages\/672\/revisions\/19001"}],"up":[{"embeddable":true,"href":"https:\/\/labunie.com.pl\/index.php?rest_route=\/wp\/v2\/pages\/478"}],"wp:attachment":[{"href":"https:\/\/labunie.com.pl\/index.php?rest_route=%2Fwp%2Fv2%2Fmedia&parent=672"}],"curies":[{"name":"wp","href":"https:\/\/api.w.org\/{rel}","templated":true}]}}