{"id":673,"date":"2015-01-22T11:42:01","date_gmt":"2015-01-22T10:42:01","guid":{"rendered":"https:\/\/www.labunie.com.pl\/?page_id=673"},"modified":"2020-10-04T20:23:43","modified_gmt":"2020-10-04T18:23:43","slug":"osp-labunki","status":"publish","type":"page","link":"https:\/\/labunie.com.pl\/?page_id=673","title":{"rendered":"OSP \u0141abu\u0144ki"},"content":{"rendered":"<p>Pocz\u0105tki Stra\u017cy Po\u017carnej w \u0141abu\u0144kach si\u0119gaj\u0105 roku 1918 &#8211; czas\u00f3w administracji austriackiej. Jej za\u0142o\u017cycielem by\u0142 Boles\u0142aw Nowakowski. Pod szyldem OSP m. in. przeprowadzano szkolenia wojskowe m\u0142odzie\u017cy. Kiedy \u00f3wczesne w\u0142adze zorientowa\u0142y si\u0119 o co chodzi i zakaza\u0142y dzia\u0142alno\u015bci a\u017c do roku 1924. Ogie\u0144 niejednokrotnie trawi\u0142 dorobek \u017cycia mieszka\u0144c\u00f3w wsi.<\/p>\n<p>Prze\u0142omowym sta\u0142 si\u0119 w\u0142a\u015bnie rok 1924, kiedy to po\u017car zniszczy\u0142 m\u0142yn wodny, obor\u0119 folwarku oraz pi\u0119\u0107 innych gospodarstw. Dzia\u0142alno\u015b\u0107 OSP wznowi\u0142 komendant posterunku policji Franciszek Sierpi\u0144ski staj\u0105c si\u0119 motorem rozkr\u0119caj\u0105cym jej dzia\u0142ania. Pospieszyli mu z pomoc\u0105 Ludwik Zakrzewski \u00f3wczesny Prezes, Franciszek Blomka \u2013 Naczelnik oraz nauczycielka pani Mnich\u00f3wna. W latach 1925-1926 z uzyskanych zbi\u00f3rek, kwest i darowizn oraz zorganizowanych imprez, pobudowany zosta\u0142 drewniany Dom Ludowy z remiz\u0105 wyposa\u017con\u0105 w r\u0119czn\u0105 sikawk\u0119 i konne beczkowozy. W 1938 roku zosta\u0142 zbudowany przy szosie Zamo\u015b\u0107 &#8211; Tomasz\u00f3w Lubelski murowany Dom Ludowy, ale napa\u015b\u0107 hitlerowska przerwa\u0142a wszelkie \u017cycie spo\u0142eczne. Po wyzwoleniu, kto prze\u017cy\u0142 wraca\u0142 na swoje. Wr\u00f3cili starzy \u2013 do\u0142\u0105czyli do nich m\u0142odzi. Powoli powraca\u0142o \u017cycie, a wraz z nim odbudowa\u0142a si\u0119 Stra\u017c. Obejmuj\u0105cy funkcj\u0119 Prezesa \u2013 Jan Kowarz i Naczelnika \u2013 Leon Bilski rozkr\u0119caj\u0105 dzia\u0142alno\u015b\u0107 Stra\u017cy, odradzaj\u0105 si\u0119 stare tradycje. Pod egid\u0105 pani Amelii Petryk powstaje amatorski Zesp\u00f3\u0142 Teatralny, kt\u00f3ry wystawia sztuk\u0119 Noc Zdrajcy, organizowane s\u0105 obchody \u015bwi\u0105t regionalnych.<\/p>\n<p>Brak jest tylko dawnej szczero\u015bci i jednomy\u015blno\u015bci. Stargani wojenn\u0105 zawieruch\u0105 i tu\u0142aczk\u0105 odchodz\u0105 na spoczynek. W 1949 roku funkcje Prezesa obejmuje Jan Kowarz, Naczelnika \u2013 W\u0142adys\u0142aw Blomka, a Gospodarza \u2013 Pawe\u0142 Tomczak. W 1953 r. Prezesem zostaje Bronis\u0142aw Kolenda, a Naczelnikiem Jan Karchut. Funkcj\u0119 Skarbnika obejmuje Jan Petryk. Po siedmiu latach obowi\u0105zki swoje przekazuj\u0105 m\u0142odszemu pokoleniu. W roku 1961 funkcj\u0119 Prezesa obejmuje Julian B\u0142o\u0144ski, Naczelnika W\u0142adys\u0142aw Oziomek, Skarbnika &#8211; Antoni Niemczuk, Sekretarza &#8211; Jerzy Branecki. W roku 1962 dochodzi do kolejnej zmiany w zarz\u0105dzie: Prezes Zbigniew Zakrzewski, Naczelnik Kazimierz Cie\u0107ko, Skarbnik Jan Lachawiec, Sekretarz Jerzy Branecki. Zarz\u0105d dzia\u0142a pr\u0119\u017cnie m.in. rozbudowuje Remiz\u0119. W 1963 roku OSP otrzymuje motopomp\u0119 M-400 wraz z osprz\u0119tem, co przyczynia si\u0119 do osi\u0105gania lepszych wynik\u00f3w w zawodach.<\/p>\n<p>W roku 1964 w naszej OSP powsta\u0142a \u017be\u0144ska Dru\u017cyna Po\u017carnicza, kt\u00f3rej przewodzi\u0142a Jadwiga G\u00f3rnik. W tym to roku cz\u0142onkowie naszej jednostki pod przewodnictwem pani Amelii Petryk przygotowuj\u0105 i wystawiaj\u0105 kolejn\u0105 sztuk\u0119 Dziurdziowie Elizy Orzeszkowej zajmuj\u0105c II-gie miejsce na eliminacjach wojew\u00f3dzkich.<\/p>\n<p>W roku 1975 zosta\u0142 zakupiony na przetargu samoch\u00f3d Star 21-skrzyniowy, kt\u00f3ry pod nadzorem \u00f3wczesnego Prezesa Zbigniewa Zakrzewskiego przebudowano na ga\u015bniczy. W tym samym czasie OSP otrzymuje motopomp\u0119 M-800. Dzi\u0119ki staraniom Zarz\u0105du w roku 1981 nasza OSP otrzymuje z KW PSP w Zamo\u015bciu najstarszy samoch\u00f3d na jej wyposa\u017ceniu \u2013 Star \u2013 25, GBM 2,5\/8. Na pocz\u0105tku lat 80-tych nast\u0119puje r\u00f3wnie\u017c przyp\u0142yw nowych m\u0142odych cz\u0142onk\u00f3w w szeregi OSP. Fakt ten sprawi\u0142, \u017ce w rywalizacji na zawodach sportowo po\u017carniczych nasza jednostka zajmowa\u0142a czo\u0142owe lokaty. W 2000 roku z funkcji Naczelnika zrezygnowa\u0142 Kazimierz Cie\u0107ko zostaj\u0105c cz\u0142onkiem honorowym, a jego miejsce zaj\u0105\u0142 Mariusz Branecki.<\/p>\n<p>W 2003 r. dzi\u0119ki staraniom Prezesa Zarz\u0105du Gminnego ZOSP RP W\u00f3jta Antoniego Wojciecha Turczyna OSP \u0141abu\u0144ki otrzyma\u0142a nieodp\u0142atnie od MON samoch\u00f3d ga\u015bniczy Star 244, GBA 2,5\/16.<\/p>\n<p>2004 rok zapisa\u0142 si\u0119 szczeg\u00f3lnie w historii naszej Jednostki z uwagi na to, \u017ce otrzymali\u015bmy Sztandar, kt\u00f3ry jest nasz\u0105 chlub\u0105. Fundatorem jego jest pani Marta Ho\u0142ys. Fakt otrzymania samochodu typowego, powoduje wi\u0119ksz\u0105 mobilizacj\u0119 do dzia\u0142ania jak r\u00f3wnie\u017c i mobilno\u015b\u0107 naszej OSP o tereny trudno dost\u0119pne. W zawodach sportowo-po\u017carniczych OSP osi\u0105ga czo\u0142owe lokaty, coraz cz\u0119\u015bciej bierze udzia\u0142 w dzia\u0142aniach ratowniczo-ga\u015bniczych. W zwi\u0105zku z powy\u017cszym Zarz\u0105d podj\u0105\u0142 (niestety nieudan\u0105) pr\u00f3b\u0119 w\u0142\u0105czenia naszej OSP w struktury KSRG.<\/p>\n<p>W roku 2005 odszed\u0142 do wieczno\u015bci Jan Lachawiec, a funkcj\u0119 Skarbnika obj\u0105\u0142 Leszek Kolaja. W 2007 r. z funkcji Prezesa zrezygnowa\u0142 Zbigniew Zakrzewski pozostaj\u0105c cz\u0142onkiem honorowym, a jego miejsce zaj\u0105\u0142 Jerzy Branecki dotychczasowy Sekretarz, funkcj\u0119 sekretarza obj\u0105\u0142 Marcin Zygmunt.<\/p>\n<p>Od 2009 roku OSP \u0141abu\u0144ki prowadzi swoj\u0105 stron\u0119 internetow\u0105, dost\u0119pn\u0105 pod adresem <span style=\"color: #333399;\"><a style=\"color: #333399;\" href=\"http:\/\/osplabunki.pl\/\" target=\"_blank\" rel=\"noopener noreferrer\"><strong>osplabunki.pl<\/strong><\/a><\/span><\/p>\n<p>Zadania stawiane przed OSP rosn\u0105, a Zarz\u0105d robi wszystko, aby im sprosta\u0107, dlatego w porozumieniu z Prezesem ZG ZOSP RP ca\u0142y czas podnosi kwalifikacje cz\u0142onk\u00f3w, jak r\u00f3wnie\u017c d\u0105\u017cy do jak najlepszego doposa\u017cenia OSP w niezb\u0119dny sprz\u0119t. W pa\u017adzierniku 2010 roku rozpocz\u0105\u0142 si\u0119 remont remizy i budowa nowego gara\u017cu w ca\u0142o\u015bci sfinansowany z bud\u017cetu Urz\u0119du Gminy, remont trwa\u0142 do 31 grudnia 2011 roku. W maju 2011 roku z zasob\u00f3w UG w \u0141abuniach, otrzymali\u015bmy \u017buka A-165B, kt\u00f3ry po niewielkim remoncie s\u0142u\u017cy nam do dnia dzisiejszego jako samoch\u00f3d lekki. W ten oto spos\u00f3b na wyposa\u017ceniu naszej OSP posiadamy dwa samochody \u015bredni i lekki.<\/p>\n<p>W grudniu 2011 r. r\u00f3wnie\u017c przy wsparciu Pana W\u00f3jta jako Prezesa Zarz\u0105du Gminnego otrzymali\u015bmy na wyposa\u017cenie m.in.: aparat powietrzny, czujnik bezruchu, zestaw OSP R1 wraz z desk\u0105 i szynami Kramera, a w 2012 pi\u0142\u0119 do drewna oraz radiotelefon Motorola.<\/p>\n<p>W 2013 r. zwr\u00f3cili\u015bmy si\u0119 z pro\u015bb\u0105 o wsparcie do sponsor\u00f3w, kt\u00f3rzy ufundowali nasobny radiotelefon Motorola i artyku\u0142y biurowe. Doposa\u017cenie we wspomniany sprz\u0119t zosta\u0142o zwie\u0144czone wnioskiem o wszcz\u0119cie procedury maj\u0105cej na celu w\u0142\u0105czenie OSP \u0141abu\u0144ki do Krajowego Systemu Ratowniczo-Ga\u015bniczego. Niestety wymogi stawiane przez system s\u0105 coraz wy\u017csze.<\/p>\n<p style=\"text-align: right;\"><em><span style=\"font-size: 8pt;\">dh Mariusz Branecki<br \/>\nIG\u0141A &#8211; Wydanie specjalne<br \/>\nstr. 17-18<br \/>\n<\/span><\/em><\/p>\n","protected":false},"excerpt":{"rendered":"<p>Pocz\u0105tki Stra\u017cy Po\u017carnej w \u0141abu\u0144kach si\u0119gaj\u0105 roku 1918 &#8211; czas\u00f3w administracji austriackiej. Jej za\u0142o\u017cycielem by\u0142 Boles\u0142aw Nowakowski. Pod szyldem OSP m. in. przeprowadzano szkolenia wojskowe m\u0142odzie\u017cy. Kiedy \u00f3wczesne w\u0142adze zorientowa\u0142y si\u0119 o co chodzi i zakaza\u0142y dzia\u0142alno\u015bci a\u017c do roku 1924. Ogie\u0144 niejednokrotnie trawi\u0142 dorobek \u017cycia mieszka\u0144c\u00f3w wsi. Prze\u0142omowym sta\u0142 si\u0119 w\u0142a\u015bnie rok 1924, kiedy [&hellip;]<\/p>\n","protected":false},"author":7,"featured_media":0,"parent":478,"menu_order":3,"comment_status":"closed","ping_status":"closed","template":"","meta":{"footnotes":""},"class_list":["post-673","page","type-page","status-publish","hentry","clearfix"],"_links":{"self":[{"href":"https:\/\/labunie.com.pl\/index.php?rest_route=\/wp\/v2\/pages\/673","targetHints":{"allow":["GET"]}}],"collection":[{"href":"https:\/\/labunie.com.pl\/index.php?rest_route=\/wp\/v2\/pages"}],"about":[{"href":"https:\/\/labunie.com.pl\/index.php?rest_route=\/wp\/v2\/types\/page"}],"author":[{"embeddable":true,"href":"https:\/\/labunie.com.pl\/index.php?rest_route=\/wp\/v2\/users\/7"}],"replies":[{"embeddable":true,"href":"https:\/\/labunie.com.pl\/index.php?rest_route=%2Fwp%2Fv2%2Fcomments&post=673"}],"version-history":[{"count":3,"href":"https:\/\/labunie.com.pl\/index.php?rest_route=\/wp\/v2\/pages\/673\/revisions"}],"predecessor-version":[{"id":19002,"href":"https:\/\/labunie.com.pl\/index.php?rest_route=\/wp\/v2\/pages\/673\/revisions\/19002"}],"up":[{"embeddable":true,"href":"https:\/\/labunie.com.pl\/index.php?rest_route=\/wp\/v2\/pages\/478"}],"wp:attachment":[{"href":"https:\/\/labunie.com.pl\/index.php?rest_route=%2Fwp%2Fv2%2Fmedia&parent=673"}],"curies":[{"name":"wp","href":"https:\/\/api.w.org\/{rel}","templated":true}]}}