{"id":674,"date":"2015-01-22T11:42:01","date_gmt":"2015-01-22T10:42:01","guid":{"rendered":"https:\/\/www.labunie.com.pl\/?page_id=674"},"modified":"2020-10-04T20:24:05","modified_gmt":"2020-10-04T18:24:05","slug":"osp-majdan-ruszowski","status":"publish","type":"page","link":"https:\/\/labunie.com.pl\/?page_id=674","title":{"rendered":"OSP Majdan Ruszowski"},"content":{"rendered":"<p>W 1953 r. z inicjatywy Henryka Majewskiego powo\u0142ano pierwszy zarz\u0105d OSP, w sk\u0142ad kt\u00f3rego weszli: Mieczys\u0142aw Lipecki &#8211; Prezes, Henryk Majewski &#8211; Komendant, Pawe\u0142 Krupa &#8211; Zast\u0119pca Komendanta, J\u00f3zef Cyc &#8211; Skarbnik, Antoni Szala &#8211; Sekretarz. Jednostka liczy\u0142a wtedy 33 cz\u0142onk\u00f3w a pierwszymi sprz\u0119tami jakie posiada\u0142a by\u0142y: pompa r\u0119czna, bosaki, t\u0142umice oraz drabina. Stra\u017c wyje\u017cd\u017ca\u0142a do po\u017car\u00f3w furmankami u\u017cyczonymi przez miejscowych stra\u017cak\u00f3w.<\/p>\n<p>W 1954 r. przy starym Domu Ludowym zosta\u0142a dobudowana stra\u017cnica. W 1958 r. jednostka otrzyma\u0142a pomp\u0119 PO-3. Przy ka\u017cdej inicjatywie spo\u0142ecznej nie brakowa\u0142o braci stra\u017cackiej. W 1960 r. nast\u0105pi\u0142a zmiana zarz\u0105du, nowym Prezesem zosta\u0142 Franciszek Cybula, Komendantem &#8211; Pawe\u0142 Krupa, Zast\u0119pc\u0105 Komendanta &#8211; Stanis\u0142aw Bamburski, Skarbnikiem &#8211; J\u00f3zef S\u0142upski a Sekretarzem &#8211; Stanis\u0142aw Legie\u0107.<\/p>\n<p>Z inicjatywy stra\u017cy rozpocz\u0119to elektryfikacj\u0119 wsi, kt\u00f3r\u0105 zako\u0144czono w 1961 r. Nast\u0119pn\u0105 dzia\u0142alno\u015bci\u0105 spo\u0142eczn\u0105 by\u0142a budowa drogi od Rachodoszcz oraz wodoci\u0105gu. W 1967 r. w zwi\u0105zku z przej\u015bciem Paw\u0142a Krupy do pracy w Gromadzkiej Radzie Narodowej w Suchowoli, funkcj\u0119 Komendanta obj\u0105\u0142 ponownie Henryk Majewski i sprawowa\u0142 j\u0105 przez 4 lata. W 1971 r. Naczelnikiem zosta\u0142 Jerzy Bryk, Zast\u0119pc\u0105 Naczelnika &#8211; Jan Bamburski a Skarbnikiem &#8211; Roman Bamburski. W trakcie tej kadencji zarz\u0105du zosta\u0142 wybudowany Dom Stra\u017caka. Budowa by\u0142a finansowana z funduszu Powiatowej Stra\u017cy Po\u017carnej w Zamo\u015bciu oraz przy skromnym udziale miejscowej jednostki. Bardzo du\u017cy wk\u0142ad pracy zawodowej, jak i spo\u0142ecznej wni\u00f3s\u0142 p\u0142k Mieczys\u0142aw Skiba. Murowany Dom Stra\u017caka zosta\u0142 oddany do u\u017cytku w 1985 r.<\/p>\n<p>W roku 1997 Prezesem zosta\u0142 Jan Szala, Naczelnikiem &#8211; Antoni Sawka, Sekretarzem Stanis\u0142aw P\u0142aza. W tym czasie przy aktywnym udziale stra\u017cy wie\u015b Majdan Ruszowski zosta\u0142a zgazyfikowana i stelefonizowana, za\u0142o\u017cono r\u00f3wnie\u017c ogrzewanie gazowe w Domu Stra\u017caka. W 2000 r. Naczelnikiem zosta\u0142 Andrzej Legie\u0107, Zast\u0119pc\u0105 Naczelnika &#8211; Krzysztof P\u0142aza a Skarbnikiem Antoni Sawka. W tym czasie zosta\u0142a wykonana toaleta, szambo oraz zmieniono pokrycie dachowe Domu Stra\u017caka. W 2002 r. zakupiono motopomp\u0119 PO-5 oraz przeprowadzono remont wewn\u0105trz remizy. W 2003 roku odby\u0142y si\u0119 obchody 50 &#8211; lecia OSP. Zwi\u0105zek Ochotniczych Stra\u017cy Po\u017carnych RP nada\u0142 jednostce Z\u0142oty Medal za Zas\u0142ugi dla Po\u017carnictwa, a Zwi\u0105zek Wojew\u00f3dzki w Lublinie nada\u0142 jej Sztandar.<\/p>\n<p>W tym samym roku stra\u017c pozyska\u0142a samoch\u00f3d po\u017carniczy \u017buk. W 2008 r. ukonstytuowa\u0142 si\u0119 nowy zarz\u0105d w sk\u0142adzie: Prezes &#8211; Stanis\u0142aw P\u0142aza, Naczelnik &#8211; Andrzej Legie\u0107, Zast\u0119pca Naczelnika \u2013 Krzysztof P\u0142aza, Skarbnik &#8211; Antoni Sawka, Sekretarz &#8211; Jaros\u0142aw Legie\u0107.<\/p>\n<p>W kadencji \u00f3wczesnego Zarz\u0105du w ramach projektu EFS \u201eWioska internetowa &#8211; kszta\u0142cenie na odleg\u0142o\u015b\u0107 na terenach wiejskich\u201d OSP otrzyma\u0142a 6 stanowisk komputerowych wraz z meblami i instalacjami: elektryczn\u0105 i alarmow\u0105. Zakupiono sto\u0142y i krzes\u0142a do sali konferencyjnej .<\/p>\n<p>W 2010 r. wy mieniono w remizie okna, drzwi, o\u015bwietlenie i pod\u0142og\u0119 w sali tanecznej . W tym samym roku OSP Majdan Ruszowski otrzyma\u0142a nowy samoch\u00f3d Mercedesa Sprintera. Wyremontowano r\u00f3wnie\u017c pomieszczenia w piwnicy i doposa\u017cono si\u0142owni\u0119 w sprz\u0119t sportowy.\u00a0 Ze \u015brodk\u00f3w funduszu Rady So\u0142eckiej zakupiono nowe naczynia, rega\u0142y, szafy, lad\u0119 ch\u0142odnicz\u0105, krajalnic\u0119 oraz piekarnik parowy, a ze \u015brodk\u00f3w w\u0142asnych zlewozmywak przemys\u0142owy .<\/p>\n<p>W 2012r. nast\u0105pi\u0142y zmiany w Zarz\u0105dzie, w jego sk\u0142ad weszli: Prezes &#8211; Stanis\u0142aw P\u0142aza, Naczelnik &#8211; Dariusz \u017byczkiewicz, Zast\u0119pca Naczelnika \u2013 Dariusz Malicki, Skarbnik &#8211; Leszek Korol, Sekretarz &#8211; Grzegorz Sawka, Gospodarz &#8211; Kazimierz \u0106wik. W 2013 r. nowym Prezesem zosta\u0142 Roman Przyczyna.<\/p>\n<p>W 2013 r. w Majdanie Ruszowskim odby\u0142 si\u0119 jubileusz 60 &#8211; lecia miejscowej OSP po\u0142\u0105czony z gminnymi obchodami Dnia Stra\u017caka. W\u00f3jt Gminy \u0141abunie Antoni Wojciech Turczyn wraz z Prezesem Zarz\u0105du Oddzia\u0142u Powiatowego ZOSP RP, Kazimierzem Mielnickim oraz m\u0142. bryg. Dariuszem Jakubczakiem z Pa\u0144stwowej Stra\u017cy Po\u017carnej w Zamo\u015bciu wr\u0119czyli odznaczenia najbardziej zas\u0142u\u017cony m druhom. Medal Honorowy im. Boles\u0142awa Chomicza odebra\u0142 Jan Szala.<\/p>\n<p style=\"text-align: right;\"><em><span style=\"font-size: 8pt;\">Bo\u017cena Juszczak-Tymczuk<\/span><\/em><br \/>\n<em><span style=\"font-size: 8pt;\">IG\u0141A nr 1 (2)\/2013<\/span><\/em><br \/>\n<em><span style=\"font-size: 8pt;\">str. 10-11<\/span><\/em><\/p>\n","protected":false},"excerpt":{"rendered":"<p>W 1953 r. z inicjatywy Henryka Majewskiego powo\u0142ano pierwszy zarz\u0105d OSP, w sk\u0142ad kt\u00f3rego weszli: Mieczys\u0142aw Lipecki &#8211; Prezes, Henryk Majewski &#8211; Komendant, Pawe\u0142 Krupa &#8211; Zast\u0119pca Komendanta, J\u00f3zef Cyc &#8211; Skarbnik, Antoni Szala &#8211; Sekretarz. Jednostka liczy\u0142a wtedy 33 cz\u0142onk\u00f3w a pierwszymi sprz\u0119tami jakie posiada\u0142a by\u0142y: pompa r\u0119czna, bosaki, t\u0142umice oraz drabina. Stra\u017c wyje\u017cd\u017ca\u0142a [&hellip;]<\/p>\n","protected":false},"author":7,"featured_media":0,"parent":478,"menu_order":4,"comment_status":"closed","ping_status":"closed","template":"","meta":{"footnotes":""},"class_list":["post-674","page","type-page","status-publish","hentry","clearfix"],"_links":{"self":[{"href":"https:\/\/labunie.com.pl\/index.php?rest_route=\/wp\/v2\/pages\/674","targetHints":{"allow":["GET"]}}],"collection":[{"href":"https:\/\/labunie.com.pl\/index.php?rest_route=\/wp\/v2\/pages"}],"about":[{"href":"https:\/\/labunie.com.pl\/index.php?rest_route=\/wp\/v2\/types\/page"}],"author":[{"embeddable":true,"href":"https:\/\/labunie.com.pl\/index.php?rest_route=\/wp\/v2\/users\/7"}],"replies":[{"embeddable":true,"href":"https:\/\/labunie.com.pl\/index.php?rest_route=%2Fwp%2Fv2%2Fcomments&post=674"}],"version-history":[{"count":3,"href":"https:\/\/labunie.com.pl\/index.php?rest_route=\/wp\/v2\/pages\/674\/revisions"}],"predecessor-version":[{"id":19003,"href":"https:\/\/labunie.com.pl\/index.php?rest_route=\/wp\/v2\/pages\/674\/revisions\/19003"}],"up":[{"embeddable":true,"href":"https:\/\/labunie.com.pl\/index.php?rest_route=\/wp\/v2\/pages\/478"}],"wp:attachment":[{"href":"https:\/\/labunie.com.pl\/index.php?rest_route=%2Fwp%2Fv2%2Fmedia&parent=674"}],"curies":[{"name":"wp","href":"https:\/\/api.w.org\/{rel}","templated":true}]}}