{"id":7422,"date":"2018-01-12T12:23:45","date_gmt":"2018-01-12T11:23:45","guid":{"rendered":"https:\/\/www.labunie.com.pl\/?page_id=7422"},"modified":"2018-07-02T18:33:55","modified_gmt":"2018-07-02T16:33:55","slug":"dgl","status":"publish","type":"page","link":"https:\/\/labunie.com.pl\/?page_id=7422","title":{"rendered":"Dolina G\u00f3rnej \u0141abu\u0144ki"},"content":{"rendered":"<p><strong>Utworzenie szlak\u00f3w rowerowych w Gminie \u0141abunie o d\u0142. 33,2 km to projekt wsp\u00f3\u0142finansowany ze \u015brodk\u00f3w Unii Europejskiej w ramach PROW. Jego celem jest udost\u0119pnienie mieszka\u0144com i turystom infrastruktury turystycznej i rekreacyjnej. Adresatami produktu b\u0119d\u0105 przede wszystkim osoby zainteresowane aktywnym sp\u0119dzaniem wolnego czasu, z mo\u017cliwo\u015bci\u0105 jednoczesnego poznawania dziedzictwa kulturowego i historii gminy \u0141abunie, obszaru LGD.<\/strong><\/p>\n<p><!--more--><br \/>\nSzlaki poprowadzone zostan\u0105 przez atrakcyjne tereny i miejscowo\u015bci (Majdan Ruszowski \u2013 Roztocze, \u0141abunie-Reforma \u2013 Grz\u0119da Sokalska, Rusz\u00f3w, Wierzbie, \u0141abunie, \u0141abu\u0144ki Pierwsze, Barchacz\u00f3w, Br\u00f3dek \u2013 Kotlina Zamojska). Ca\u0142a szlaku zostanie oznakowana tablicami i znakami zgodnymi z wytycznymi PTTK i standardami UE zgodnie z Ksi\u0119g\u0105 Wizualizacji.<br \/>\n&nbsp;<br \/>\nRealizacja projektu obejmie utworzenie i oznakowanie szlak\u00f3w na terenie gminy w miejscowo\u015bciach Majdan Ruszowski, \u0141abunie-Reforma, Rusz\u00f3w, Wierzbie, \u0141abu\u0144ki Pierwsze, Barchacz\u00f3w, Br\u00f3dek, \u0141abunie. Tworzone szlaki oznaczone s\u0105 kolorami:<\/p>\n<ul>\n<li>niebieskim \u2013 17 200m,<\/li>\n<li>\u017c\u00f3\u0142tym \u2013 13 000 m,<\/li>\n<li>czarnym &#8211; 3000 m.<\/li>\n<\/ul>\n<p>&nbsp;<br \/>\nSzlak niebieski i \u017c\u00f3\u0142ty tworzy p\u0119tl\u0119 zwan\u0105 \u201eDolin\u0105 G\u00f3rnej \u0141abu\u0144ki\u201d, przebiega wok\u00f3\u0142 terenu Natura 2000.<br \/>\n&nbsp;<br \/>\nNa trasie zostanie wyznaczone 3 punkty postojowe wyposa\u017cone w ramach projektu (Majdan Ruszowski \u2013 przy \u015bwietlicy \u2013 \u0142awo-st\u00f3\u0142, kosz, stojak na rowery; mini-zoo w \u0141abu\u0144kach Pierwszych \u2013 \u0142awo-st\u00f3\u0142, kosz i stojak na rowery; Izba Muzealna w Barchaczowie \u2013 miejsce postoju i odpoczynku w altanie, budynku Izby, kosz, stojak rowerowy) plus ju\u017c istniej\u0105ce- Ogr\u00f3d &#8220;Pawie Pi\u00f3ro&#8221; w \u0141abuniach.<br \/>\n&nbsp;<br \/>\nW ramach operacji zostanie opracowana i wydrukowana artystyczna mapa ilustrowana w nak\u0142adzie 1000 egzemplarzy i opracowanie graficzne 6 piecz\u0105tek automatycznych wybranych miejsc:<\/p>\n<ul>\n<li>Majdan Ruszowski,<\/li>\n<li>Olejarnia Rusz\u00f3w,<\/li>\n<li>Zesp\u00f3\u0142 pa\u0142acowo-parkowy i mini-zoo w \u0141abu\u0144kach Pierwszych,<\/li>\n<li>Izba Muzealna Barchacz\u00f3w,<\/li>\n<li>Zesp\u00f3\u0142 pa\u0142acowo-parkowy w \u0141abuniach,<\/li>\n<li>Biblioteka Publiczna Gminy \u0141abunie.<\/li>\n<\/ul>\n<p>&nbsp;<\/p>\n<div id='pe-gallery-1' class='pe-gallery pe-gallery-7422 columns-4 img-size-medium'><div class='pe-row'><div class='col-md-3'><figure tabindex='0' class='pe-gallery-item ' ><div class='pe-gallery-image landscape'>\n\t\t\t\t\t\t\t<a href=\"https:\/\/labunie.com.pl\/wp-content\/uploads\/2018\/07\/DGL_olejarnia.png\" data-rel=\"lightbox-gallery-oa6KiAuJ\" data-rl_title=\"\" data-rl_caption=\"\" title=\"\"><img loading=\"lazy\" decoding=\"async\" width=\"256\" height=\"256\" src=\"https:\/\/labunie.com.pl\/wp-content\/uploads\/2018\/07\/DGL_olejarnia.png\" class=\"attachment-medium size-medium\" alt=\"DGL olejarnia\" data-no-retina=\"\" aria-describedby=\"gallery-1-8936\" srcset=\"https:\/\/labunie.com.pl\/wp-content\/uploads\/2018\/07\/DGL_olejarnia.png 256w, https:\/\/labunie.com.pl\/wp-content\/uploads\/2018\/07\/DGL_olejarnia-150x150.png 150w\" sizes=\"auto, (max-width: 256px) 100vw, 256px\" \/><\/a>\n\t\t\t\t\t\t<\/div><figcaption class='wp-caption-text pe-gallery-caption'>\n\t\t\t\t\t\t\t\tDGL olejarnia\n\t\t\t\t\t\t\t<\/figcaption><\/figure><\/div><div class='col-md-3'><figure tabindex='0' class='pe-gallery-item ' ><div class='pe-gallery-image landscape'>\n\t\t\t\t\t\t\t<a href=\"https:\/\/labunie.com.pl\/wp-content\/uploads\/2018\/07\/DGL_biblioteka.png\" data-rel=\"lightbox-gallery-oa6KiAuJ\" data-rl_title=\"\" data-rl_caption=\"\" title=\"\"><img loading=\"lazy\" decoding=\"async\" width=\"256\" height=\"256\" src=\"https:\/\/labunie.com.pl\/wp-content\/uploads\/2018\/07\/DGL_biblioteka.png\" class=\"attachment-medium size-medium\" alt=\"\" data-no-retina=\"\" srcset=\"https:\/\/labunie.com.pl\/wp-content\/uploads\/2018\/07\/DGL_biblioteka.png 256w, https:\/\/labunie.com.pl\/wp-content\/uploads\/2018\/07\/DGL_biblioteka-150x150.png 150w\" sizes=\"auto, (max-width: 256px) 100vw, 256px\" \/><\/a>\n\t\t\t\t\t\t<\/div><\/figure><\/div><div class='col-md-3'><figure tabindex='0' class='pe-gallery-item ' ><div class='pe-gallery-image landscape'>\n\t\t\t\t\t\t\t<a href=\"https:\/\/labunie.com.pl\/wp-content\/uploads\/2018\/07\/DGL_zoo.png\" data-rel=\"lightbox-gallery-oa6KiAuJ\" data-rl_title=\"\" data-rl_caption=\"\" title=\"\"><img loading=\"lazy\" decoding=\"async\" width=\"256\" height=\"256\" src=\"https:\/\/labunie.com.pl\/wp-content\/uploads\/2018\/07\/DGL_zoo.png\" class=\"attachment-medium size-medium\" alt=\"DGL zoo\" data-no-retina=\"\" aria-describedby=\"gallery-1-8931\" srcset=\"https:\/\/labunie.com.pl\/wp-content\/uploads\/2018\/07\/DGL_zoo.png 256w, https:\/\/labunie.com.pl\/wp-content\/uploads\/2018\/07\/DGL_zoo-150x150.png 150w\" sizes=\"auto, (max-width: 256px) 100vw, 256px\" \/><\/a>\n\t\t\t\t\t\t<\/div><figcaption class='wp-caption-text pe-gallery-caption'>\n\t\t\t\t\t\t\t\tDGL zoo\n\t\t\t\t\t\t\t<\/figcaption><\/figure><\/div><div class='col-md-3'><figure tabindex='0' class='pe-gallery-item ' ><div class='pe-gallery-image landscape'>\n\t\t\t\t\t\t\t<a href=\"https:\/\/labunie.com.pl\/wp-content\/uploads\/2018\/07\/DGL_majdan.png\" data-rel=\"lightbox-gallery-oa6KiAuJ\" data-rl_title=\"\" data-rl_caption=\"\" title=\"\"><img loading=\"lazy\" decoding=\"async\" width=\"256\" height=\"256\" src=\"https:\/\/labunie.com.pl\/wp-content\/uploads\/2018\/07\/DGL_majdan.png\" class=\"attachment-medium size-medium\" alt=\"\" data-no-retina=\"\" srcset=\"https:\/\/labunie.com.pl\/wp-content\/uploads\/2018\/07\/DGL_majdan.png 256w, https:\/\/labunie.com.pl\/wp-content\/uploads\/2018\/07\/DGL_majdan-150x150.png 150w\" sizes=\"auto, (max-width: 256px) 100vw, 256px\" \/><\/a>\n\t\t\t\t\t\t<\/div><\/figure><\/div><div class='col-md-3'><figure tabindex='0' class='pe-gallery-item ' ><div class='pe-gallery-image landscape'>\n\t\t\t\t\t\t\t<a href=\"https:\/\/labunie.com.pl\/wp-content\/uploads\/2018\/07\/DGL_izba.png\" data-rel=\"lightbox-gallery-oa6KiAuJ\" data-rl_title=\"\" data-rl_caption=\"\" title=\"\"><img loading=\"lazy\" decoding=\"async\" width=\"256\" height=\"256\" src=\"https:\/\/labunie.com.pl\/wp-content\/uploads\/2018\/07\/DGL_izba.png\" class=\"attachment-medium size-medium\" alt=\"DGL izba\" data-no-retina=\"\" aria-describedby=\"gallery-1-8934\" srcset=\"https:\/\/labunie.com.pl\/wp-content\/uploads\/2018\/07\/DGL_izba.png 256w, https:\/\/labunie.com.pl\/wp-content\/uploads\/2018\/07\/DGL_izba-150x150.png 150w\" sizes=\"auto, (max-width: 256px) 100vw, 256px\" \/><\/a>\n\t\t\t\t\t\t<\/div><figcaption class='wp-caption-text pe-gallery-caption'>\n\t\t\t\t\t\t\t\tDGL izba\n\t\t\t\t\t\t\t<\/figcaption><\/figure><\/div><div class='col-md-3'><figure tabindex='0' class='pe-gallery-item ' ><div class='pe-gallery-image landscape'>\n\t\t\t\t\t\t\t<a href=\"https:\/\/labunie.com.pl\/wp-content\/uploads\/2018\/07\/DGL_fmm.png\" data-rel=\"lightbox-gallery-oa6KiAuJ\" data-rl_title=\"\" data-rl_caption=\"\" title=\"\"><img loading=\"lazy\" decoding=\"async\" width=\"256\" height=\"256\" src=\"https:\/\/labunie.com.pl\/wp-content\/uploads\/2018\/07\/DGL_fmm.png\" class=\"attachment-medium size-medium\" alt=\"DGL fmm\" data-no-retina=\"\" aria-describedby=\"gallery-1-8933\" srcset=\"https:\/\/labunie.com.pl\/wp-content\/uploads\/2018\/07\/DGL_fmm.png 256w, https:\/\/labunie.com.pl\/wp-content\/uploads\/2018\/07\/DGL_fmm-150x150.png 150w\" sizes=\"auto, (max-width: 256px) 100vw, 256px\" \/><\/a>\n\t\t\t\t\t\t<\/div><figcaption class='wp-caption-text pe-gallery-caption'>\n\t\t\t\t\t\t\t\tDGL fmm\n\t\t\t\t\t\t\t<\/figcaption><\/figure><\/div><\/div><\/div>\n\n<p>&nbsp;<br \/>\nPozosta\u0142e materia\u0142y promocyjne: publikacja mapy &#8211; Szlaki rowerowe Gminy \u0141abunie w czasopi\u015bmie (informatorze) o zasi\u0119gu og\u00f3lnopolskim, opracowanie graficzne logo szlaku Dolina G\u00f3rnej \u0141abu\u0144ki, 6 atrakcji z opisem, projekt graficzny gad\u017cetu promocyjnego zostan\u0105 zrealizowane ze \u015brodk\u00f3w w\u0142asnych gminy.<br \/>\n<div id='pe-gallery-2' class='pe-gallery pe-gallery-7422 columns-2 img-size-medium'><div class='pe-row'><div class='col-md-6'><figure tabindex='0' class='pe-gallery-item ' ><div class='pe-gallery-image landscape'>\n\t\t\t\t\t\t\t<a href=\"https:\/\/labunie.com.pl\/wp-content\/uploads\/2018\/07\/mapa_01_m.jpg\" data-rel=\"lightbox-gallery-oa6KiAuJ\" data-rl_title=\"\" data-rl_caption=\"\" title=\"\"><img loading=\"lazy\" decoding=\"async\" width=\"300\" height=\"212\" src=\"https:\/\/labunie.com.pl\/wp-content\/uploads\/2018\/07\/mapa_01_m-300x212.jpg\" class=\"attachment-medium size-medium\" alt=\"mapa 01 m\" data-no-retina=\"\" aria-describedby=\"gallery-2-8938\" srcset=\"https:\/\/labunie.com.pl\/wp-content\/uploads\/2018\/07\/mapa_01_m-300x212.jpg 300w, https:\/\/labunie.com.pl\/wp-content\/uploads\/2018\/07\/mapa_01_m-768x543.jpg 768w, https:\/\/labunie.com.pl\/wp-content\/uploads\/2018\/07\/mapa_01_m-1024x724.jpg 1024w, https:\/\/labunie.com.pl\/wp-content\/uploads\/2018\/07\/mapa_01_m.jpg 1200w\" sizes=\"auto, (max-width: 300px) 100vw, 300px\" \/><\/a>\n\t\t\t\t\t\t<\/div><figcaption class='wp-caption-text pe-gallery-caption'>\n\t\t\t\t\t\t\t\tmapa 01 m\n\t\t\t\t\t\t\t<\/figcaption><\/figure><\/div><div class='col-md-6'><figure tabindex='0' class='pe-gallery-item ' ><div class='pe-gallery-image landscape'>\n\t\t\t\t\t\t\t<a href=\"https:\/\/labunie.com.pl\/wp-content\/uploads\/2018\/07\/mapa_02_m.jpg\" data-rel=\"lightbox-gallery-oa6KiAuJ\" data-rl_title=\"\" data-rl_caption=\"\" title=\"\"><img loading=\"lazy\" decoding=\"async\" width=\"300\" height=\"213\" src=\"https:\/\/labunie.com.pl\/wp-content\/uploads\/2018\/07\/mapa_02_m-300x213.jpg\" class=\"attachment-medium size-medium\" alt=\"mapa 02 m\" data-no-retina=\"\" aria-describedby=\"gallery-2-8937\" srcset=\"https:\/\/labunie.com.pl\/wp-content\/uploads\/2018\/07\/mapa_02_m-300x213.jpg 300w, https:\/\/labunie.com.pl\/wp-content\/uploads\/2018\/07\/mapa_02_m-768x545.jpg 768w, https:\/\/labunie.com.pl\/wp-content\/uploads\/2018\/07\/mapa_02_m-1024x726.jpg 1024w, https:\/\/labunie.com.pl\/wp-content\/uploads\/2018\/07\/mapa_02_m.jpg 1200w\" sizes=\"auto, (max-width: 300px) 100vw, 300px\" \/><\/a>\n\t\t\t\t\t\t<\/div><figcaption class='wp-caption-text pe-gallery-caption'>\n\t\t\t\t\t\t\t\tmapa 02 m\n\t\t\t\t\t\t\t<\/figcaption><\/figure><\/div><\/div><\/div>\n<\/p>\n<p>&nbsp;<br \/>\nMapa z zaznaczonymi atrakcjami b\u0119dzie Kart\u0105 Zdobywcy Szlak\u00f3w Rowerowych Gminy \u0141abunie, piecz\u0105tki zostan\u0105 przekazane do w\u0142a\u015bcicieli atrakcyjnych miejsc. Tury\u015bci chc\u0105c otrzyma\u0107 pami\u0105tkowy Medal Zdobywcy przybijaj\u0105 piecz\u0105tki na drugiej stronie mapy przy atrakcjach turystycznych celem potwierdzenia pobytu. Nast\u0119pnie po odci\u015bni\u0119ciu 6 piecz\u0105tek udaj\u0105 si\u0119 do Biblioteki Publicznej po Medal Zdobywcy (Lista Zdobywcy).<br \/>\n&nbsp;<br \/>\nW serwisie <strong><a href=\"https:\/\/www.labunie.com.pl\/dgl\">www.labunie.com.pl\/dgl<\/a><\/strong> , <a href=\"http:\/\/www.szlaki.lublin.pl\"><strong>www.szlaki.lublin.pl<\/strong><\/a> i in. zostan\u0105 zamieszczone informacje o turystyce oraz mapa szlak\u00f3w.<br \/>\n&nbsp;<br \/>\n<a href=\"https:\/\/www.labunie.com.pl\/wp-content\/uploads\/2018\/04\/mapa_dgl.jpg\" data-rel=\"lightbox-gallery-oa6KiAuJ\" data-rl_title=\"\" data-rl_caption=\"\" title=\"\"><img loading=\"lazy\" decoding=\"async\" class=\"wp-image-8229 aligncenter\" src=\"https:\/\/www.labunie.com.pl\/wp-content\/uploads\/2018\/04\/mapa_dgl-1024x731.jpg\" alt=\"\" width=\"630\" height=\"450\" srcset=\"https:\/\/labunie.com.pl\/wp-content\/uploads\/2018\/04\/mapa_dgl-1024x731.jpg 1024w, https:\/\/labunie.com.pl\/wp-content\/uploads\/2018\/04\/mapa_dgl-300x214.jpg 300w, https:\/\/labunie.com.pl\/wp-content\/uploads\/2018\/04\/mapa_dgl-768x549.jpg 768w\" sizes=\"auto, (max-width: 630px) 100vw, 630px\" \/><\/a><br \/>\n&nbsp;<br \/>\n<a href=\"https:\/\/www.labunie.com.pl\/wp-content\/uploads\/2018\/07\/mapa_dgl_2.jpg\" data-rel=\"lightbox-gallery-oa6KiAuJ\" data-rl_title=\"\" data-rl_caption=\"\" title=\"\"><img loading=\"lazy\" decoding=\"async\" class=\"wp-image-8939 aligncenter\" src=\"https:\/\/www.labunie.com.pl\/wp-content\/uploads\/2018\/07\/mapa_dgl_2-1024x731.jpg\" alt=\"\" width=\"630\" height=\"450\" srcset=\"https:\/\/labunie.com.pl\/wp-content\/uploads\/2018\/07\/mapa_dgl_2-1024x731.jpg 1024w, https:\/\/labunie.com.pl\/wp-content\/uploads\/2018\/07\/mapa_dgl_2-300x214.jpg 300w, https:\/\/labunie.com.pl\/wp-content\/uploads\/2018\/07\/mapa_dgl_2-768x549.jpg 768w\" sizes=\"auto, (max-width: 630px) 100vw, 630px\" \/><\/a><br \/>\n&nbsp;<\/p>\n<table>\n<tbody>\n<tr>\n<td><a href=\"https:\/\/www.facebook.com\/Dolina-G%C3%B3rnej-%C5%81abu%C5%84ki-392710794468563\"><img loading=\"lazy\" decoding=\"async\" class=\"alignright size-full wp-image-4963\" src=\"https:\/\/www.labunie.com.pl\/wp-content\/uploads\/2017\/01\/fb_i.png\" alt=\"\" width=\"50\" height=\"50\" \/><\/a><\/td>\n<td><a href=\"https:\/\/www.facebook.com\/Dolina-G%C3%B3rnej-%C5%81abu%C5%84ki-392710794468563\">DGL na Facebooku<\/a><\/td>\n<\/tr>\n<tr>\n<td><a href=\"https:\/\/www.labunie.com.pl\/wp-content\/uploads\/2018\/04\/mini-informator-turystyczny.pdf\"><img loading=\"lazy\" decoding=\"async\" class=\"alignright size-full wp-image-1477\" src=\"https:\/\/www.labunie.com.pl\/wp-content\/uploads\/2015\/07\/pdf.png\" alt=\"\" width=\"50\" height=\"50\" \/><\/a><\/td>\n<td><a href=\"https:\/\/www.labunie.com.pl\/wp-content\/uploads\/2018\/04\/mini-informator-turystyczny.pdf\">mini informator turystyczny<\/a><\/td>\n<\/tr>\n<\/tbody>\n<\/table>\n<p>&nbsp;<\/p>\n","protected":false},"excerpt":{"rendered":"<p>Utworzenie szlak\u00f3w rowerowych w Gminie \u0141abunie o d\u0142. 33,2 km to projekt wsp\u00f3\u0142finansowany ze \u015brodk\u00f3w Unii Europejskiej w ramach PROW. Jego celem jest udost\u0119pnienie mieszka\u0144com i turystom infrastruktury turystycznej i rekreacyjnej. Adresatami produktu b\u0119d\u0105 przede wszystkim osoby zainteresowane aktywnym sp\u0119dzaniem wolnego czasu, z mo\u017cliwo\u015bci\u0105 jednoczesnego poznawania dziedzictwa kulturowego i historii gminy \u0141abunie, obszaru LGD.<\/p>\n","protected":false},"author":7,"featured_media":8953,"parent":0,"menu_order":10,"comment_status":"closed","ping_status":"closed","template":"","meta":{"footnotes":""},"class_list":["post-7422","page","type-page","status-publish","has-post-thumbnail","hentry","clearfix"],"_links":{"self":[{"href":"https:\/\/labunie.com.pl\/index.php?rest_route=\/wp\/v2\/pages\/7422","targetHints":{"allow":["GET"]}}],"collection":[{"href":"https:\/\/labunie.com.pl\/index.php?rest_route=\/wp\/v2\/pages"}],"about":[{"href":"https:\/\/labunie.com.pl\/index.php?rest_route=\/wp\/v2\/types\/page"}],"author":[{"embeddable":true,"href":"https:\/\/labunie.com.pl\/index.php?rest_route=\/wp\/v2\/users\/7"}],"replies":[{"embeddable":true,"href":"https:\/\/labunie.com.pl\/index.php?rest_route=%2Fwp%2Fv2%2Fcomments&post=7422"}],"version-history":[{"count":5,"href":"https:\/\/labunie.com.pl\/index.php?rest_route=\/wp\/v2\/pages\/7422\/revisions"}],"predecessor-version":[{"id":8954,"href":"https:\/\/labunie.com.pl\/index.php?rest_route=\/wp\/v2\/pages\/7422\/revisions\/8954"}],"wp:featuredmedia":[{"embeddable":true,"href":"https:\/\/labunie.com.pl\/index.php?rest_route=\/wp\/v2\/media\/8953"}],"wp:attachment":[{"href":"https:\/\/labunie.com.pl\/index.php?rest_route=%2Fwp%2Fv2%2Fmedia&parent=7422"}],"curies":[{"name":"wp","href":"https:\/\/api.w.org\/{rel}","templated":true}]}}