{"id":7699,"date":"2018-02-01T13:19:37","date_gmt":"2018-02-01T12:19:37","guid":{"rendered":"https:\/\/www.labunie.com.pl\/?page_id=7699"},"modified":"2018-02-01T13:19:37","modified_gmt":"2018-02-01T12:19:37","slug":"informacja","status":"publish","type":"page","link":"https:\/\/labunie.com.pl\/?page_id=7699","title":{"rendered":"Informacja"},"content":{"rendered":"<p><img loading=\"lazy\" decoding=\"async\" class=\"size-full wp-image-7700 aligncenter\" src=\"https:\/\/www.labunie.com.pl\/wp-content\/uploads\/2018\/02\/feiis_ue.png\" alt=\"\" width=\"630\" height=\"126\" srcset=\"https:\/\/labunie.com.pl\/wp-content\/uploads\/2018\/02\/feiis_ue.png 630w, https:\/\/labunie.com.pl\/wp-content\/uploads\/2018\/02\/feiis_ue-300x60.png 300w\" sizes=\"auto, (max-width: 630px) 100vw, 630px\" \/><\/p>\n<p>W dniu 23. 05. 2017 r. Gmina \u0141abunie podpisa\u0142a z Narodowym Funduszem Ochrony \u015arodowiska<br \/>\ni Gospodarki Wodnej w Warszawie umow\u0119 o dofinansowanie projektu pn. \u201eRozwi\u0105zanie problem\u00f3w gospodarki wodno-\u015bciekowej na terenie gminy \u0141abunie\u201d.<br \/>\n&nbsp;<br \/>\nProjekt jest wsp\u00f3\u0142finansowany z Funduszu Sp\u00f3jno\u015bci w ramach Programu Operacyjnego Infrastruktura i \u015arodowisko 2014-2020, dzia\u0142ania 2.3 Gospodarka wodno-\u015bciekowa w aglomeracjach.<br \/>\n&nbsp;<br \/>\nCelem przedsi\u0119wzi\u0119cia jest zwi\u0119kszenie liczby ludno\u015bci korzystaj\u0105cej z ulepszonego systemu oczyszczania \u015bciek\u00f3w komunalnych na terenie gminy \u0141abunie w granicach aglomeracji Zamo\u015b\u0107.<br \/>\n&nbsp;<br \/>\nPlanowane efekty:<\/p>\n<ul>\n<li>D\u0142ugo\u015b\u0107 wybudowanej kanalizacji sanitarnej wyniesie <strong>11,50 km<\/strong><\/li>\n<li>Liczba nowych u\u017cytkownik\u00f3w sieci kanalizacyjnej, kt\u00f3rzy przy\u0142\u0105czyli si\u0119 do sieci w wyniku realizacji projektu: <strong>550 os\u00f3b.<\/strong><\/li>\n<li>Planowany ca\u0142kowity koszt realizacji Projektu wynosi <strong>7 554 450,37 PLN<\/strong><\/li>\n<li>Dofinansowanie wynosi <strong>3 915 416,35 PLN<\/strong><\/li>\n<\/ul>\n<p>&nbsp;<br \/>\n&nbsp;<br \/>\n<strong>Informujemy, \u017ce funkcjonuje mechanizm umo\u017cliwiaj\u0105cy sygnalizowanie o potencjalnych nieprawid\u0142owo\u015bciach lub nadu\u017cyciach finansowych. <\/strong><br \/>\n&nbsp;<br \/>\n<strong>Informacje o podejrzeniu wyst\u0105pienia nieprawid\u0142owo\u015bci lub nadu\u017cycia finansowego nale\u017cy zg\u0142asza\u0107:<\/strong><\/p>\n<ul>\n<li><strong>na specjalny adres e-mail: <a href=\"mailto:naduzycia.POIS@mr.gov.pl\">naduzycia.POIS@mr.gov.pl<\/a><br \/>\n<\/strong><strong>lub<\/strong><\/li>\n<li><strong>za po\u015brednictwem elektronicznego systemu zg\u0142osze\u0144: <a href=\"http:\/\/www.pois.gov.pl\/nieprawidlowosci\">www.pois.gov.pl\/nieprawidlowosci<\/a><\/strong><\/li>\n<\/ul>\n","protected":false},"excerpt":{"rendered":"<p>W dniu 23. 05. 2017 r. Gmina \u0141abunie podpisa\u0142a z Narodowym Funduszem Ochrony \u015arodowiska i Gospodarki Wodnej w Warszawie umow\u0119 o dofinansowanie projektu pn. \u201eRozwi\u0105zanie problem\u00f3w gospodarki wodno-\u015bciekowej na terenie gminy \u0141abunie\u201d. &nbsp; Projekt jest wsp\u00f3\u0142finansowany z Funduszu Sp\u00f3jno\u015bci w ramach Programu Operacyjnego Infrastruktura i \u015arodowisko 2014-2020, dzia\u0142ania 2.3 Gospodarka wodno-\u015bciekowa w aglomeracjach. &nbsp; Celem [&hellip;]<\/p>\n","protected":false},"author":7,"featured_media":0,"parent":463,"menu_order":1,"comment_status":"closed","ping_status":"closed","template":"","meta":{"footnotes":""},"class_list":["post-7699","page","type-page","status-publish","hentry","clearfix"],"_links":{"self":[{"href":"https:\/\/labunie.com.pl\/index.php?rest_route=\/wp\/v2\/pages\/7699","targetHints":{"allow":["GET"]}}],"collection":[{"href":"https:\/\/labunie.com.pl\/index.php?rest_route=\/wp\/v2\/pages"}],"about":[{"href":"https:\/\/labunie.com.pl\/index.php?rest_route=\/wp\/v2\/types\/page"}],"author":[{"embeddable":true,"href":"https:\/\/labunie.com.pl\/index.php?rest_route=\/wp\/v2\/users\/7"}],"replies":[{"embeddable":true,"href":"https:\/\/labunie.com.pl\/index.php?rest_route=%2Fwp%2Fv2%2Fcomments&post=7699"}],"version-history":[{"count":3,"href":"https:\/\/labunie.com.pl\/index.php?rest_route=\/wp\/v2\/pages\/7699\/revisions"}],"predecessor-version":[{"id":7703,"href":"https:\/\/labunie.com.pl\/index.php?rest_route=\/wp\/v2\/pages\/7699\/revisions\/7703"}],"up":[{"embeddable":true,"href":"https:\/\/labunie.com.pl\/index.php?rest_route=\/wp\/v2\/pages\/463"}],"wp:attachment":[{"href":"https:\/\/labunie.com.pl\/index.php?rest_route=%2Fwp%2Fv2%2Fmedia&parent=7699"}],"curies":[{"name":"wp","href":"https:\/\/api.w.org\/{rel}","templated":true}]}}