{"id":9054,"date":"2018-11-09T12:19:13","date_gmt":"2018-11-09T11:19:13","guid":{"rendered":"https:\/\/www.labunie.com.pl\/?page_id=9054"},"modified":"2019-01-02T12:15:05","modified_gmt":"2019-01-02T11:15:05","slug":"oze","status":"publish","type":"page","link":"https:\/\/labunie.com.pl\/?page_id=9054","title":{"rendered":"OZE Kalkulator &#8211; wersja testowa"},"content":{"rendered":"\n<p>Prezentacja danych o produkcji energii ze \u017ar\u00f3de\u0142 odnawialnych (warto\u015bci szacowane na podstawie odczyt\u00f3w urz\u0105dze\u0144 pomiarowych).<\/p>\n\n\n\n<p> <strong>Uwaga: dane testowe.<\/strong> <\/p>\n\n\n<div class=\"visualizer-front-container\" id=\"chart_wrapper_visualizer-9062-1412187250\"><style type=\"text\/css\" name=\"visualizer-custom-css\" id=\"customcss-visualizer-9062\">.locker,.locker-loader{position:absolute;top:0;left:0;width:100%;height:100%}.locker{z-index:1000;opacity:.8;background-color:#fff;-ms-filter:\"progid:DXImageTransform.Microsoft.Alpha(Opacity=80)\";filter:alpha(opacity=80)}.locker-loader{z-index:1001;background:url(https:\/\/labunie.com.pl\/wp-content\/plugins\/visualizer\/images\/ajax-loader.gif) no-repeat center center}.dt-button{display:none!important}.visualizer-front-container.visualizer-lazy-render{content-visibility: auto;}.google-visualization-controls-categoryfilter label.google-visualization-controls-label {vertical-align: middle;}.google-visualization-controls-categoryfilter li.goog-inline-block {margin: 0 0.2em;}.google-visualization-controls-categoryfilter li {padding: 0 0.2em;}.visualizer-front-container .dataTables_scrollHeadInner{margin: 0 auto;}<\/style><div id=\"visualizer-9062-1412187250\" class=\"visualizer-front  visualizer-front-9062\"><\/div><!-- Not showing structured data for chart 9062 because description is empty --><\/div>\n\n\n<div style=\"height:100px\" aria-hidden=\"true\" class=\"wp-block-spacer\"><\/div>\n\n\n<div class=\"visualizer-front-container\" id=\"chart_wrapper_visualizer-9204-472748942\"><style type=\"text\/css\" name=\"visualizer-custom-css\" id=\"customcss-visualizer-9204\">.locker,.locker-loader{position:absolute;top:0;left:0;width:100%;height:100%}.locker{z-index:1000;opacity:.8;background-color:#fff;-ms-filter:\"progid:DXImageTransform.Microsoft.Alpha(Opacity=80)\";filter:alpha(opacity=80)}.locker-loader{z-index:1001;background:url(https:\/\/labunie.com.pl\/wp-content\/plugins\/visualizer\/images\/ajax-loader.gif) no-repeat center center}.dt-button{display:none!important}.visualizer-front-container.visualizer-lazy-render{content-visibility: auto;}.google-visualization-controls-categoryfilter label.google-visualization-controls-label {vertical-align: middle;}.google-visualization-controls-categoryfilter li.goog-inline-block {margin: 0 0.2em;}.google-visualization-controls-categoryfilter li {padding: 0 0.2em;}.visualizer-front-container .dataTables_scrollHeadInner{margin: 0 auto;}<\/style><div id=\"visualizer-9204-472748942\" class=\"visualizer-front  visualizer-front-9204\"><\/div><!-- Not showing structured data for chart 9204 because description is empty --><\/div>\n\n\n<p>\u0141\u0105cznie wyprodukowano z obu \u017ar\u00f3de\u0142 <strong>5,71<\/strong> MWh energii.<\/p>\n\n\n\n<p>Pozwoli\u0142o to zaoszcz\u0119dzi\u0107 w emisji <strong>4,43<\/strong> tony dwutlenku w\u0119gla ( CO2).<\/p>\n","protected":false},"excerpt":{"rendered":"<p>Prezentacja danych o produkcji energii ze \u017ar\u00f3de\u0142 odnawialnych (warto\u015bci szacowane na podstawie odczyt\u00f3w urz\u0105dze\u0144 pomiarowych). Uwaga: dane testowe. \u0141\u0105cznie wyprodukowano z obu \u017ar\u00f3de\u0142 5,71 MWh energii. Pozwoli\u0142o to zaoszcz\u0119dzi\u0107 w emisji 4,43 tony dwutlenku w\u0119gla ( CO2).<\/p>\n","protected":false},"author":9,"featured_media":0,"parent":374,"menu_order":11,"comment_status":"closed","ping_status":"closed","template":"","meta":{"footnotes":""},"class_list":["post-9054","page","type-page","status-publish","hentry","clearfix"],"_links":{"self":[{"href":"https:\/\/labunie.com.pl\/index.php?rest_route=\/wp\/v2\/pages\/9054","targetHints":{"allow":["GET"]}}],"collection":[{"href":"https:\/\/labunie.com.pl\/index.php?rest_route=\/wp\/v2\/pages"}],"about":[{"href":"https:\/\/labunie.com.pl\/index.php?rest_route=\/wp\/v2\/types\/page"}],"author":[{"embeddable":true,"href":"https:\/\/labunie.com.pl\/index.php?rest_route=\/wp\/v2\/users\/9"}],"replies":[{"embeddable":true,"href":"https:\/\/labunie.com.pl\/index.php?rest_route=%2Fwp%2Fv2%2Fcomments&post=9054"}],"version-history":[{"count":5,"href":"https:\/\/labunie.com.pl\/index.php?rest_route=\/wp\/v2\/pages\/9054\/revisions"}],"predecessor-version":[{"id":10496,"href":"https:\/\/labunie.com.pl\/index.php?rest_route=\/wp\/v2\/pages\/9054\/revisions\/10496"}],"up":[{"embeddable":true,"href":"https:\/\/labunie.com.pl\/index.php?rest_route=\/wp\/v2\/pages\/374"}],"wp:attachment":[{"href":"https:\/\/labunie.com.pl\/index.php?rest_route=%2Fwp%2Fv2%2Fmedia&parent=9054"}],"curies":[{"name":"wp","href":"https:\/\/api.w.org\/{rel}","templated":true}]}}